{"id":10158,"date":"2022-03-25T14:14:18","date_gmt":"2022-03-25T13:14:18","guid":{"rendered":"https:\/\/www.fotillo.com\/product\/szablon-326-skladajacy-sie-z-1-zdjecia-stary-dzien-stary-personel\/"},"modified":"2022-07-23T13:52:48","modified_gmt":"2022-07-23T12:52:48","slug":"szablon-326-skladajacy-sie-z-1-zdjecia-dzien-staroci-starocie","status":"publish","type":"product","link":"https:\/\/www.fotillo.com\/pl\/produkt\/szablon-326-skladajacy-sie-z-1-zdjecia-dzien-staroci-starocie\/","title":{"rendered":"Szablon 326 sk\u0142adaj\u0105cy si\u0119 z 1 zdj\u0119cia \u2013 Dzie\u0144 staroci + starocie"},"content":{"rendered":"<h1>Szablon do fotobudki dedykowany na Dzie\u0144 Staroci z antykami<\/h1>\n<p>Przedstawiamy nasz autorski\u00a0szablon w formacie poczt\u00f3wki pionowej.<\/p>\n<p>Dzie\u0144 Staroci?  Nasz szablon \u015bwietnie si\u0119 sprawdzi przy tej okazji!<\/p>\n<p>Przedstawia 1 zdj\u0119cie, kt\u00f3re  komponuje si\u0119 na bia\u0142ym tle.<\/p>\n<p>Dodatkowo, na drugim planie znajduj\u0105 si\u0119 starocie \u2013  dzi\u0119ki czemu szablon jest atrakcyjny i w ciekawy spos\u00f3b wype\u0142nia puste miejsca na wydruku.<\/p>\n<p>Zdj\u0119cia Twoich klient\u00f3w b\u0119d\u0105 w formacie kwadratu, kt\u00f3re dobrze komponuje si\u0119 z ca\u0142ym szablonem i pomo\u017ce im stworzy\u0107 seri\u0119 udanych zdj\u0119\u0107.<\/p>\n<p>Dodatkowo, program <a href='https:\/\/www.fotillo.com\/pl\/kategoria-produktu\/oprogramowanie\/' target='blank' rel=\"noopener\">Fotillo<\/a> pozwala na umieszczanie spersonalizowanych napis\u00f3w bez konieczno\u015bci u\u017cywania program\u00f3w graficznych.<\/p>\n<p>Szablon mo\u017ce by\u0107 wydrukowany z wyko\u0144czeniem b\u0142yszcz\u0105cym lub matowym, je\u015bli Twoja drukarka wsp\u00f3\u0142pracuje z programem Fotillo.<\/p>\n<p>Aby uatrakcyjni\u0107 wydarzenia biznesowe, do szablonu mo\u017cesz doda\u0107 logotyp klienta &#8211; wystarczy, \u017ce wyedytujesz plik Frame.png i umie\u015bcisz w nim plik z logotypem w wybranym miejscu na szablonie.<\/p>\n","protected":false},"excerpt":{"rendered":"<p>Vintage czy antyk? A mo\u017ce zwyk\u0142y staro\u0107?<br \/>\nWypad do antykwariatu, na jarmarki czy targ staroci to idealny spos\u00f3b na poszukiwanie starych rzeczy, kt\u00f3re z wiekiem tylko zyskuj\u0105!<br \/>\nSesja zdj\u0119ciowa z fotobudk\u0105 to dobry pomys\u0142. T\u0142o dobrze si\u0119 sprawdzi podczas targ\u00f3w i konferencji biznesowych.<\/p>\n","protected":false},"featured_media":9854,"template":"","meta":[],"product_cat":[15,2173,2212],"product_tag":[2441],"class_list":{"0":"post-10158","1":"product","2":"type-product","3":"status-publish","4":"has-post-thumbnail","6":"product_cat-szablony","7":"product_cat-10x15cm-pocztowka-pionowa","8":"product_cat-326-pl","9":"product_tag-starocie","10":"pa_main-color-bialy","11":"pa_themes-konferencje","12":"pa_themes-wyjatkowy-dzien","14":"first","15":"instock","16":"sold-individually","17":"taxable","18":"shipping-taxable","19":"purchasable","20":"product-type-variable","21":"has-default-attributes","22":"col-xs-6 col-sm-4","23":"col-md-3 col-lg-3","24":"un-4-cols"},"yoast_head":"<!-- This site is optimized with the Yoast SEO plugin v27.3 - https:\/\/yoast.com\/product\/yoast-seo-wordpress\/ -->\n<title>Szablon 326 sk\u0142adaj\u0105cy si\u0119 z 1 zdj\u0119cia \u2013 Dzie\u0144 staroci + starocie<\/title>\n<meta name=\"description\" content=\"326 to szablon Fotillo dedykowany na Dzie\u0144 Staroci zawieraj\u0105cy antyki. Wejd\u017a na stron\u0119 i wybierz najlepszy dla siebie.\" \/>\n<meta name=\"robots\" content=\"index, follow, max-snippet:-1, max-image-preview:large, max-video-preview:-1\" \/>\n<link rel=\"canonical\" href=\"https:\/\/www.fotillo.com\/pl\/produkt\/szablon-326-skladajacy-sie-z-1-zdjecia-dzien-staroci-starocie\/\" \/>\n<meta property=\"og:locale\" content=\"pl_PL\" \/>\n<meta property=\"og:type\" content=\"article\" \/>\n<meta property=\"og:title\" content=\"Szablon 326 sk\u0142adaj\u0105cy si\u0119 z 1 zdj\u0119cia \u2013 Dzie\u0144 staroci + starocie\" \/>\n<meta property=\"og:description\" content=\"326 to szablon Fotillo dedykowany na Dzie\u0144 Staroci zawieraj\u0105cy antyki. Wejd\u017a na stron\u0119 i wybierz najlepszy dla siebie.\" \/>\n<meta property=\"og:url\" content=\"https:\/\/www.fotillo.com\/pl\/produkt\/szablon-326-skladajacy-sie-z-1-zdjecia-dzien-staroci-starocie\/\" \/>\n<meta property=\"og:site_name\" content=\"Fotillo\" \/>\n<meta property=\"article:publisher\" content=\"https:\/\/www.facebook.com\/fotillocom\" \/>\n<meta property=\"article:modified_time\" content=\"2022-07-23T12:52:48+00:00\" \/>\n<meta property=\"og:image\" content=\"https:\/\/www.fotillo.com\/wp-content\/uploads\/2022\/02\/326-1-K-146-Old_Stuff_Day-255.png\" \/>\n\t<meta property=\"og:image:width\" content=\"528\" \/>\n\t<meta property=\"og:image:height\" content=\"528\" \/>\n\t<meta property=\"og:image:type\" content=\"image\/png\" \/>\n<meta name=\"twitter:card\" content=\"summary_large_image\" \/>\n<script type=\"application\/ld+json\" class=\"yoast-schema-graph\">{\"@context\":\"https:\\\/\\\/schema.org\",\"@graph\":[{\"@type\":\"WebPage\",\"@id\":\"https:\\\/\\\/www.fotillo.com\\\/pl\\\/produkt\\\/szablon-326-skladajacy-sie-z-1-zdjecia-dzien-staroci-starocie\\\/\",\"url\":\"https:\\\/\\\/www.fotillo.com\\\/pl\\\/produkt\\\/szablon-326-skladajacy-sie-z-1-zdjecia-dzien-staroci-starocie\\\/\",\"name\":\"Szablon 326 sk\u0142adaj\u0105cy si\u0119 z 1 zdj\u0119cia \u2013 Dzie\u0144 staroci + starocie\",\"isPartOf\":{\"@id\":\"https:\\\/\\\/www.fotillo.com\\\/pl\\\/#website\"},\"primaryImageOfPage\":{\"@id\":\"https:\\\/\\\/www.fotillo.com\\\/pl\\\/produkt\\\/szablon-326-skladajacy-sie-z-1-zdjecia-dzien-staroci-starocie\\\/#primaryimage\"},\"image\":{\"@id\":\"https:\\\/\\\/www.fotillo.com\\\/pl\\\/produkt\\\/szablon-326-skladajacy-sie-z-1-zdjecia-dzien-staroci-starocie\\\/#primaryimage\"},\"thumbnailUrl\":\"https:\\\/\\\/www.fotillo.com\\\/wp-content\\\/uploads\\\/2022\\\/02\\\/326-1-K-146-Old_Stuff_Day-255.png\",\"datePublished\":\"2022-03-25T13:14:18+00:00\",\"dateModified\":\"2022-07-23T12:52:48+00:00\",\"description\":\"326 to szablon Fotillo dedykowany na Dzie\u0144 Staroci zawieraj\u0105cy antyki. Wejd\u017a na stron\u0119 i wybierz najlepszy dla siebie.\",\"breadcrumb\":{\"@id\":\"https:\\\/\\\/www.fotillo.com\\\/pl\\\/produkt\\\/szablon-326-skladajacy-sie-z-1-zdjecia-dzien-staroci-starocie\\\/#breadcrumb\"},\"inLanguage\":\"pl-PL\",\"potentialAction\":[{\"@type\":\"ReadAction\",\"target\":[\"https:\\\/\\\/www.fotillo.com\\\/pl\\\/produkt\\\/szablon-326-skladajacy-sie-z-1-zdjecia-dzien-staroci-starocie\\\/\"]}]},{\"@type\":\"ImageObject\",\"inLanguage\":\"pl-PL\",\"@id\":\"https:\\\/\\\/www.fotillo.com\\\/pl\\\/produkt\\\/szablon-326-skladajacy-sie-z-1-zdjecia-dzien-staroci-starocie\\\/#primaryimage\",\"url\":\"https:\\\/\\\/www.fotillo.com\\\/wp-content\\\/uploads\\\/2022\\\/02\\\/326-1-K-146-Old_Stuff_Day-255.png\",\"contentUrl\":\"https:\\\/\\\/www.fotillo.com\\\/wp-content\\\/uploads\\\/2022\\\/02\\\/326-1-K-146-Old_Stuff_Day-255.png\",\"width\":528,\"height\":528},{\"@type\":\"BreadcrumbList\",\"@id\":\"https:\\\/\\\/www.fotillo.com\\\/pl\\\/produkt\\\/szablon-326-skladajacy-sie-z-1-zdjecia-dzien-staroci-starocie\\\/#breadcrumb\",\"itemListElement\":[{\"@type\":\"ListItem\",\"position\":1,\"name\":\"Home\",\"item\":\"https:\\\/\\\/www.fotillo.com\\\/pl\\\/\"},{\"@type\":\"ListItem\",\"position\":2,\"name\":\"Sklep\",\"item\":\"https:\\\/\\\/www.fotillo.com\\\/pl\\\/sklep\\\/\"},{\"@type\":\"ListItem\",\"position\":3,\"name\":\"Szablon 326 sk\u0142adaj\u0105cy si\u0119 z 1 zdj\u0119cia \u2013 Dzie\u0144 staroci + starocie\"}]},{\"@type\":\"WebSite\",\"@id\":\"https:\\\/\\\/www.fotillo.com\\\/pl\\\/#website\",\"url\":\"https:\\\/\\\/www.fotillo.com\\\/pl\\\/\",\"name\":\"Fotillo\",\"description\":\"Software for photobooth and postcard kiosk\",\"publisher\":{\"@id\":\"https:\\\/\\\/www.fotillo.com\\\/pl\\\/#organization\"},\"potentialAction\":[{\"@type\":\"SearchAction\",\"target\":{\"@type\":\"EntryPoint\",\"urlTemplate\":\"https:\\\/\\\/www.fotillo.com\\\/pl\\\/?s={search_term_string}\"},\"query-input\":{\"@type\":\"PropertyValueSpecification\",\"valueRequired\":true,\"valueName\":\"search_term_string\"}}],\"inLanguage\":\"pl-PL\"},{\"@type\":\"Organization\",\"@id\":\"https:\\\/\\\/www.fotillo.com\\\/pl\\\/#organization\",\"name\":\"Fotillo\",\"url\":\"https:\\\/\\\/www.fotillo.com\\\/pl\\\/\",\"logo\":{\"@type\":\"ImageObject\",\"inLanguage\":\"pl-PL\",\"@id\":\"https:\\\/\\\/www.fotillo.com\\\/pl\\\/#\\\/schema\\\/logo\\\/image\\\/\",\"url\":\"https:\\\/\\\/www.fotillo.com\\\/wp-content\\\/uploads\\\/2022\\\/05\\\/logo.png\",\"contentUrl\":\"https:\\\/\\\/www.fotillo.com\\\/wp-content\\\/uploads\\\/2022\\\/05\\\/logo.png\",\"width\":796,\"height\":304,\"caption\":\"Fotillo\"},\"image\":{\"@id\":\"https:\\\/\\\/www.fotillo.com\\\/pl\\\/#\\\/schema\\\/logo\\\/image\\\/\"},\"sameAs\":[\"https:\\\/\\\/www.facebook.com\\\/fotillocom\",\"https:\\\/\\\/www.instagram.com\\\/fotillocom\\\/\",\"https:\\\/\\\/www.youtube.com\\\/channel\\\/UCW8kqi4C_EJM6C0SQAt_k9A\"]}]}<\/script>\n<!-- \/ Yoast SEO plugin. -->","yoast_head_json":{"title":"Szablon 326 sk\u0142adaj\u0105cy si\u0119 z 1 zdj\u0119cia \u2013 Dzie\u0144 staroci + starocie","description":"326 to szablon Fotillo dedykowany na Dzie\u0144 Staroci zawieraj\u0105cy antyki. Wejd\u017a na stron\u0119 i wybierz najlepszy dla siebie.","robots":{"index":"index","follow":"follow","max-snippet":"max-snippet:-1","max-image-preview":"max-image-preview:large","max-video-preview":"max-video-preview:-1"},"canonical":"https:\/\/www.fotillo.com\/pl\/produkt\/szablon-326-skladajacy-sie-z-1-zdjecia-dzien-staroci-starocie\/","og_locale":"pl_PL","og_type":"article","og_title":"Szablon 326 sk\u0142adaj\u0105cy si\u0119 z 1 zdj\u0119cia \u2013 Dzie\u0144 staroci + starocie","og_description":"326 to szablon Fotillo dedykowany na Dzie\u0144 Staroci zawieraj\u0105cy antyki. Wejd\u017a na stron\u0119 i wybierz najlepszy dla siebie.","og_url":"https:\/\/www.fotillo.com\/pl\/produkt\/szablon-326-skladajacy-sie-z-1-zdjecia-dzien-staroci-starocie\/","og_site_name":"Fotillo","article_publisher":"https:\/\/www.facebook.com\/fotillocom","article_modified_time":"2022-07-23T12:52:48+00:00","og_image":[{"width":528,"height":528,"url":"https:\/\/www.fotillo.com\/wp-content\/uploads\/2022\/02\/326-1-K-146-Old_Stuff_Day-255.png","type":"image\/png"}],"twitter_card":"summary_large_image","schema":{"@context":"https:\/\/schema.org","@graph":[{"@type":"WebPage","@id":"https:\/\/www.fotillo.com\/pl\/produkt\/szablon-326-skladajacy-sie-z-1-zdjecia-dzien-staroci-starocie\/","url":"https:\/\/www.fotillo.com\/pl\/produkt\/szablon-326-skladajacy-sie-z-1-zdjecia-dzien-staroci-starocie\/","name":"Szablon 326 sk\u0142adaj\u0105cy si\u0119 z 1 zdj\u0119cia \u2013 Dzie\u0144 staroci + starocie","isPartOf":{"@id":"https:\/\/www.fotillo.com\/pl\/#website"},"primaryImageOfPage":{"@id":"https:\/\/www.fotillo.com\/pl\/produkt\/szablon-326-skladajacy-sie-z-1-zdjecia-dzien-staroci-starocie\/#primaryimage"},"image":{"@id":"https:\/\/www.fotillo.com\/pl\/produkt\/szablon-326-skladajacy-sie-z-1-zdjecia-dzien-staroci-starocie\/#primaryimage"},"thumbnailUrl":"https:\/\/www.fotillo.com\/wp-content\/uploads\/2022\/02\/326-1-K-146-Old_Stuff_Day-255.png","datePublished":"2022-03-25T13:14:18+00:00","dateModified":"2022-07-23T12:52:48+00:00","description":"326 to szablon Fotillo dedykowany na Dzie\u0144 Staroci zawieraj\u0105cy antyki. Wejd\u017a na stron\u0119 i wybierz najlepszy dla siebie.","breadcrumb":{"@id":"https:\/\/www.fotillo.com\/pl\/produkt\/szablon-326-skladajacy-sie-z-1-zdjecia-dzien-staroci-starocie\/#breadcrumb"},"inLanguage":"pl-PL","potentialAction":[{"@type":"ReadAction","target":["https:\/\/www.fotillo.com\/pl\/produkt\/szablon-326-skladajacy-sie-z-1-zdjecia-dzien-staroci-starocie\/"]}]},{"@type":"ImageObject","inLanguage":"pl-PL","@id":"https:\/\/www.fotillo.com\/pl\/produkt\/szablon-326-skladajacy-sie-z-1-zdjecia-dzien-staroci-starocie\/#primaryimage","url":"https:\/\/www.fotillo.com\/wp-content\/uploads\/2022\/02\/326-1-K-146-Old_Stuff_Day-255.png","contentUrl":"https:\/\/www.fotillo.com\/wp-content\/uploads\/2022\/02\/326-1-K-146-Old_Stuff_Day-255.png","width":528,"height":528},{"@type":"BreadcrumbList","@id":"https:\/\/www.fotillo.com\/pl\/produkt\/szablon-326-skladajacy-sie-z-1-zdjecia-dzien-staroci-starocie\/#breadcrumb","itemListElement":[{"@type":"ListItem","position":1,"name":"Home","item":"https:\/\/www.fotillo.com\/pl\/"},{"@type":"ListItem","position":2,"name":"Sklep","item":"https:\/\/www.fotillo.com\/pl\/sklep\/"},{"@type":"ListItem","position":3,"name":"Szablon 326 sk\u0142adaj\u0105cy si\u0119 z 1 zdj\u0119cia \u2013 Dzie\u0144 staroci + starocie"}]},{"@type":"WebSite","@id":"https:\/\/www.fotillo.com\/pl\/#website","url":"https:\/\/www.fotillo.com\/pl\/","name":"Fotillo","description":"Software for photobooth and postcard kiosk","publisher":{"@id":"https:\/\/www.fotillo.com\/pl\/#organization"},"potentialAction":[{"@type":"SearchAction","target":{"@type":"EntryPoint","urlTemplate":"https:\/\/www.fotillo.com\/pl\/?s={search_term_string}"},"query-input":{"@type":"PropertyValueSpecification","valueRequired":true,"valueName":"search_term_string"}}],"inLanguage":"pl-PL"},{"@type":"Organization","@id":"https:\/\/www.fotillo.com\/pl\/#organization","name":"Fotillo","url":"https:\/\/www.fotillo.com\/pl\/","logo":{"@type":"ImageObject","inLanguage":"pl-PL","@id":"https:\/\/www.fotillo.com\/pl\/#\/schema\/logo\/image\/","url":"https:\/\/www.fotillo.com\/wp-content\/uploads\/2022\/05\/logo.png","contentUrl":"https:\/\/www.fotillo.com\/wp-content\/uploads\/2022\/05\/logo.png","width":796,"height":304,"caption":"Fotillo"},"image":{"@id":"https:\/\/www.fotillo.com\/pl\/#\/schema\/logo\/image\/"},"sameAs":["https:\/\/www.facebook.com\/fotillocom","https:\/\/www.instagram.com\/fotillocom\/","https:\/\/www.youtube.com\/channel\/UCW8kqi4C_EJM6C0SQAt_k9A"]}]}},"_links":{"self":[{"href":"https:\/\/www.fotillo.com\/pl\/wp-json\/wp\/v2\/product\/10158","targetHints":{"allow":["GET"]}}],"collection":[{"href":"https:\/\/www.fotillo.com\/pl\/wp-json\/wp\/v2\/product"}],"about":[{"href":"https:\/\/www.fotillo.com\/pl\/wp-json\/wp\/v2\/types\/product"}],"version-history":[{"count":0,"href":"https:\/\/www.fotillo.com\/pl\/wp-json\/wp\/v2\/product\/10158\/revisions"}],"wp:featuredmedia":[{"embeddable":true,"href":"https:\/\/www.fotillo.com\/pl\/wp-json\/wp\/v2\/media\/9854"}],"wp:attachment":[{"href":"https:\/\/www.fotillo.com\/pl\/wp-json\/wp\/v2\/media?parent=10158"}],"wp:term":[{"taxonomy":"product_cat","embeddable":true,"href":"https:\/\/www.fotillo.com\/pl\/wp-json\/wp\/v2\/product_cat?post=10158"},{"taxonomy":"product_tag","embeddable":true,"href":"https:\/\/www.fotillo.com\/pl\/wp-json\/wp\/v2\/product_tag?post=10158"}],"curies":[{"name":"wp","href":"https:\/\/api.w.org\/{rel}","templated":true}]}}