{"id":109583,"date":"2022-03-25T21:56:07","date_gmt":"2022-03-25T20:56:07","guid":{"rendered":"https:\/\/www.fotillo.com\/product\/szablon-do-fotobudki-model-328-inspirowany-dzien-pandy-kolaz\/"},"modified":"2022-07-24T04:54:25","modified_gmt":"2022-07-24T03:54:25","slug":"szablon-do-fotobudki-model-328-inspirowany-dzien-pandy-kolaz","status":"publish","type":"product","link":"https:\/\/www.fotillo.com\/pl\/produkt\/szablon-do-fotobudki-model-328-inspirowany-dzien-pandy-kolaz\/","title":{"rendered":"Szablon do fotobudki model 328 inspirowany \u2013 Dzie\u0144 Pandy + kola\u017c"},"content":{"rendered":"<h1>Szablon do fotobudki zwi\u0105zany z Dniem Pandy, z kola\u017cem w tle<\/h1>\n<p>Przedstawiamy nasz autorski\u00a0szablon w formacie poczt\u00f3wki pionowej.<\/p>\n<p>Dzie\u0144 Pandy?  Nasz szablon \u015bwietnie si\u0119 sprawdzi przy tej okazji!<\/p>\n<p>Przedstawia 2 zdj\u0119cia, kt\u00f3re  komponuj\u0105 si\u0119 na \u017c\u00f3\u0142tym tle.<\/p>\n<p>Dodatkowo, na drugim planie znajduje si\u0119 kola\u017c \u2013  dzi\u0119ki czemu szablon jest atrakcyjny i w ciekawy spos\u00f3b wype\u0142nia puste miejsca na wydruku.<\/p>\n<p>Zdj\u0119cia Twoich klient\u00f3w b\u0119d\u0105 w formacie kwadratu, kt\u00f3re dobrze komponuje si\u0119 z ca\u0142ym szablonem i pomo\u017ce im stworzy\u0107 seri\u0119 udanych zdj\u0119\u0107.<\/p>\n<p>Dodatkowo, program <a href='https:\/\/www.fotillo.com\/pl\/kategoria-produktu\/oprogramowanie\/' target='blank' rel=\"noopener\">Fotillo<\/a> pozwala na umieszczanie spersonalizowanych napis\u00f3w bez konieczno\u015bci u\u017cywania program\u00f3w graficznych.<\/p>\n<p>Szablon mo\u017ce by\u0107 wydrukowany z wyko\u0144czeniem b\u0142yszcz\u0105cym lub matowym, je\u015bli Twoja drukarka wsp\u00f3\u0142pracuje z programem Fotillo.<\/p>\n<p>Aby uatrakcyjni\u0107 wydarzenia biznesowe, do szablonu mo\u017cesz doda\u0107 logotyp klienta &#8211; wystarczy, \u017ce wyedytujesz plik Frame.png i umie\u015bcisz w nim plik z logotypem w wybranym miejscu na szablonie.<\/p>\n","protected":false},"excerpt":{"rendered":"<p>Panda wielka, czyli nied\u017awied\u017a bambusowy jest jednym z najsympatyczniej wygl\u0105daj\u0105cych zwierz\u0105t w \u015bwiecie natury. Potrafi\u0105 zje\u015b\u0107 w ci\u0105gu dnia 12,5 kg bambusa i wa\u017c\u0105 mi\u0119dzy 75 a 115kg!<br \/>\nDzi\u015b rekwizyty z pand\u0105 powinny by\u0107 w ka\u017cdej fotobudce.<\/p>\n","protected":false},"featured_media":107761,"template":"","meta":[],"product_cat":[15,2173,2214],"product_tag":[2478],"class_list":{"0":"post-109583","1":"product","2":"type-product","3":"status-publish","4":"has-post-thumbnail","6":"product_cat-szablony","7":"product_cat-10x15cm-pocztowka-pionowa","8":"product_cat-328-pl","9":"product_tag-kolaz","10":"pa_main-color-zolty","11":"pa_themes-wyjatkowy-dzien","13":"first","14":"instock","15":"sold-individually","16":"taxable","17":"shipping-taxable","18":"purchasable","19":"product-type-variable","20":"has-default-attributes","21":"col-xs-6 col-sm-4","22":"col-md-3 col-lg-3","23":"un-4-cols"},"yoast_head":"<!-- This site is optimized with the Yoast SEO plugin v27.3 - https:\/\/yoast.com\/product\/yoast-seo-wordpress\/ -->\n<title>Szablon do fotobudki model 328 inspirowany \u2013 Dzie\u0144 Pandy + kola\u017c<\/title>\n<meta name=\"description\" content=\"328 to szablon Fotillo zainspirowany Dniem Pandy zawieraj\u0105cy kola\u017c w tle. Sprawd\u017a nasz\u0105 ofert\u0119.\" \/>\n<meta name=\"robots\" content=\"index, follow, max-snippet:-1, max-image-preview:large, max-video-preview:-1\" \/>\n<link rel=\"canonical\" href=\"https:\/\/www.fotillo.com\/pl\/produkt\/szablon-do-fotobudki-model-328-inspirowany-dzien-pandy-kolaz\/\" \/>\n<meta property=\"og:locale\" content=\"pl_PL\" \/>\n<meta property=\"og:type\" content=\"article\" \/>\n<meta property=\"og:title\" content=\"Szablon do fotobudki model 328 inspirowany \u2013 Dzie\u0144 Pandy + kola\u017c\" \/>\n<meta property=\"og:description\" content=\"328 to szablon Fotillo zainspirowany Dniem Pandy zawieraj\u0105cy kola\u017c w tle. Sprawd\u017a nasz\u0105 ofert\u0119.\" \/>\n<meta property=\"og:url\" content=\"https:\/\/www.fotillo.com\/pl\/produkt\/szablon-do-fotobudki-model-328-inspirowany-dzien-pandy-kolaz\/\" \/>\n<meta property=\"og:site_name\" content=\"Fotillo\" \/>\n<meta property=\"article:publisher\" content=\"https:\/\/www.facebook.com\/fotillocom\" \/>\n<meta property=\"article:modified_time\" content=\"2022-07-24T03:54:25+00:00\" \/>\n<meta property=\"og:image\" content=\"https:\/\/www.fotillo.com\/wp-content\/uploads\/2022\/03\/328-2-KK-146-Pandas_Day-195.png\" \/>\n\t<meta property=\"og:image:width\" content=\"528\" \/>\n\t<meta property=\"og:image:height\" content=\"528\" \/>\n\t<meta property=\"og:image:type\" content=\"image\/png\" \/>\n<meta name=\"twitter:card\" content=\"summary_large_image\" \/>\n<script type=\"application\/ld+json\" class=\"yoast-schema-graph\">{\"@context\":\"https:\\\/\\\/schema.org\",\"@graph\":[{\"@type\":\"WebPage\",\"@id\":\"https:\\\/\\\/www.fotillo.com\\\/pl\\\/produkt\\\/szablon-do-fotobudki-model-328-inspirowany-dzien-pandy-kolaz\\\/\",\"url\":\"https:\\\/\\\/www.fotillo.com\\\/pl\\\/produkt\\\/szablon-do-fotobudki-model-328-inspirowany-dzien-pandy-kolaz\\\/\",\"name\":\"Szablon do fotobudki model 328 inspirowany \u2013 Dzie\u0144 Pandy + kola\u017c\",\"isPartOf\":{\"@id\":\"https:\\\/\\\/www.fotillo.com\\\/pl\\\/#website\"},\"primaryImageOfPage\":{\"@id\":\"https:\\\/\\\/www.fotillo.com\\\/pl\\\/produkt\\\/szablon-do-fotobudki-model-328-inspirowany-dzien-pandy-kolaz\\\/#primaryimage\"},\"image\":{\"@id\":\"https:\\\/\\\/www.fotillo.com\\\/pl\\\/produkt\\\/szablon-do-fotobudki-model-328-inspirowany-dzien-pandy-kolaz\\\/#primaryimage\"},\"thumbnailUrl\":\"https:\\\/\\\/www.fotillo.com\\\/wp-content\\\/uploads\\\/2022\\\/03\\\/328-2-KK-146-Pandas_Day-195.png\",\"datePublished\":\"2022-03-25T20:56:07+00:00\",\"dateModified\":\"2022-07-24T03:54:25+00:00\",\"description\":\"328 to szablon Fotillo zainspirowany Dniem Pandy zawieraj\u0105cy kola\u017c w tle. Sprawd\u017a nasz\u0105 ofert\u0119.\",\"breadcrumb\":{\"@id\":\"https:\\\/\\\/www.fotillo.com\\\/pl\\\/produkt\\\/szablon-do-fotobudki-model-328-inspirowany-dzien-pandy-kolaz\\\/#breadcrumb\"},\"inLanguage\":\"pl-PL\",\"potentialAction\":[{\"@type\":\"ReadAction\",\"target\":[\"https:\\\/\\\/www.fotillo.com\\\/pl\\\/produkt\\\/szablon-do-fotobudki-model-328-inspirowany-dzien-pandy-kolaz\\\/\"]}]},{\"@type\":\"ImageObject\",\"inLanguage\":\"pl-PL\",\"@id\":\"https:\\\/\\\/www.fotillo.com\\\/pl\\\/produkt\\\/szablon-do-fotobudki-model-328-inspirowany-dzien-pandy-kolaz\\\/#primaryimage\",\"url\":\"https:\\\/\\\/www.fotillo.com\\\/wp-content\\\/uploads\\\/2022\\\/03\\\/328-2-KK-146-Pandas_Day-195.png\",\"contentUrl\":\"https:\\\/\\\/www.fotillo.com\\\/wp-content\\\/uploads\\\/2022\\\/03\\\/328-2-KK-146-Pandas_Day-195.png\",\"width\":528,\"height\":528,\"caption\":\"Panda's Day + collage + 328 gold\"},{\"@type\":\"BreadcrumbList\",\"@id\":\"https:\\\/\\\/www.fotillo.com\\\/pl\\\/produkt\\\/szablon-do-fotobudki-model-328-inspirowany-dzien-pandy-kolaz\\\/#breadcrumb\",\"itemListElement\":[{\"@type\":\"ListItem\",\"position\":1,\"name\":\"Home\",\"item\":\"https:\\\/\\\/www.fotillo.com\\\/pl\\\/\"},{\"@type\":\"ListItem\",\"position\":2,\"name\":\"Sklep\",\"item\":\"https:\\\/\\\/www.fotillo.com\\\/pl\\\/sklep\\\/\"},{\"@type\":\"ListItem\",\"position\":3,\"name\":\"Szablon do fotobudki model 328 inspirowany \u2013 Dzie\u0144 Pandy + kola\u017c\"}]},{\"@type\":\"WebSite\",\"@id\":\"https:\\\/\\\/www.fotillo.com\\\/pl\\\/#website\",\"url\":\"https:\\\/\\\/www.fotillo.com\\\/pl\\\/\",\"name\":\"Fotillo\",\"description\":\"Software for photobooth and postcard kiosk\",\"publisher\":{\"@id\":\"https:\\\/\\\/www.fotillo.com\\\/pl\\\/#organization\"},\"potentialAction\":[{\"@type\":\"SearchAction\",\"target\":{\"@type\":\"EntryPoint\",\"urlTemplate\":\"https:\\\/\\\/www.fotillo.com\\\/pl\\\/?s={search_term_string}\"},\"query-input\":{\"@type\":\"PropertyValueSpecification\",\"valueRequired\":true,\"valueName\":\"search_term_string\"}}],\"inLanguage\":\"pl-PL\"},{\"@type\":\"Organization\",\"@id\":\"https:\\\/\\\/www.fotillo.com\\\/pl\\\/#organization\",\"name\":\"Fotillo\",\"url\":\"https:\\\/\\\/www.fotillo.com\\\/pl\\\/\",\"logo\":{\"@type\":\"ImageObject\",\"inLanguage\":\"pl-PL\",\"@id\":\"https:\\\/\\\/www.fotillo.com\\\/pl\\\/#\\\/schema\\\/logo\\\/image\\\/\",\"url\":\"https:\\\/\\\/www.fotillo.com\\\/wp-content\\\/uploads\\\/2022\\\/05\\\/logo.png\",\"contentUrl\":\"https:\\\/\\\/www.fotillo.com\\\/wp-content\\\/uploads\\\/2022\\\/05\\\/logo.png\",\"width\":796,\"height\":304,\"caption\":\"Fotillo\"},\"image\":{\"@id\":\"https:\\\/\\\/www.fotillo.com\\\/pl\\\/#\\\/schema\\\/logo\\\/image\\\/\"},\"sameAs\":[\"https:\\\/\\\/www.facebook.com\\\/fotillocom\",\"https:\\\/\\\/www.instagram.com\\\/fotillocom\\\/\",\"https:\\\/\\\/www.youtube.com\\\/channel\\\/UCW8kqi4C_EJM6C0SQAt_k9A\"]}]}<\/script>\n<!-- \/ Yoast SEO plugin. -->","yoast_head_json":{"title":"Szablon do fotobudki model 328 inspirowany \u2013 Dzie\u0144 Pandy + kola\u017c","description":"328 to szablon Fotillo zainspirowany Dniem Pandy zawieraj\u0105cy kola\u017c w tle. Sprawd\u017a nasz\u0105 ofert\u0119.","robots":{"index":"index","follow":"follow","max-snippet":"max-snippet:-1","max-image-preview":"max-image-preview:large","max-video-preview":"max-video-preview:-1"},"canonical":"https:\/\/www.fotillo.com\/pl\/produkt\/szablon-do-fotobudki-model-328-inspirowany-dzien-pandy-kolaz\/","og_locale":"pl_PL","og_type":"article","og_title":"Szablon do fotobudki model 328 inspirowany \u2013 Dzie\u0144 Pandy + kola\u017c","og_description":"328 to szablon Fotillo zainspirowany Dniem Pandy zawieraj\u0105cy kola\u017c w tle. Sprawd\u017a nasz\u0105 ofert\u0119.","og_url":"https:\/\/www.fotillo.com\/pl\/produkt\/szablon-do-fotobudki-model-328-inspirowany-dzien-pandy-kolaz\/","og_site_name":"Fotillo","article_publisher":"https:\/\/www.facebook.com\/fotillocom","article_modified_time":"2022-07-24T03:54:25+00:00","og_image":[{"width":528,"height":528,"url":"https:\/\/www.fotillo.com\/wp-content\/uploads\/2022\/03\/328-2-KK-146-Pandas_Day-195.png","type":"image\/png"}],"twitter_card":"summary_large_image","schema":{"@context":"https:\/\/schema.org","@graph":[{"@type":"WebPage","@id":"https:\/\/www.fotillo.com\/pl\/produkt\/szablon-do-fotobudki-model-328-inspirowany-dzien-pandy-kolaz\/","url":"https:\/\/www.fotillo.com\/pl\/produkt\/szablon-do-fotobudki-model-328-inspirowany-dzien-pandy-kolaz\/","name":"Szablon do fotobudki model 328 inspirowany \u2013 Dzie\u0144 Pandy + kola\u017c","isPartOf":{"@id":"https:\/\/www.fotillo.com\/pl\/#website"},"primaryImageOfPage":{"@id":"https:\/\/www.fotillo.com\/pl\/produkt\/szablon-do-fotobudki-model-328-inspirowany-dzien-pandy-kolaz\/#primaryimage"},"image":{"@id":"https:\/\/www.fotillo.com\/pl\/produkt\/szablon-do-fotobudki-model-328-inspirowany-dzien-pandy-kolaz\/#primaryimage"},"thumbnailUrl":"https:\/\/www.fotillo.com\/wp-content\/uploads\/2022\/03\/328-2-KK-146-Pandas_Day-195.png","datePublished":"2022-03-25T20:56:07+00:00","dateModified":"2022-07-24T03:54:25+00:00","description":"328 to szablon Fotillo zainspirowany Dniem Pandy zawieraj\u0105cy kola\u017c w tle. Sprawd\u017a nasz\u0105 ofert\u0119.","breadcrumb":{"@id":"https:\/\/www.fotillo.com\/pl\/produkt\/szablon-do-fotobudki-model-328-inspirowany-dzien-pandy-kolaz\/#breadcrumb"},"inLanguage":"pl-PL","potentialAction":[{"@type":"ReadAction","target":["https:\/\/www.fotillo.com\/pl\/produkt\/szablon-do-fotobudki-model-328-inspirowany-dzien-pandy-kolaz\/"]}]},{"@type":"ImageObject","inLanguage":"pl-PL","@id":"https:\/\/www.fotillo.com\/pl\/produkt\/szablon-do-fotobudki-model-328-inspirowany-dzien-pandy-kolaz\/#primaryimage","url":"https:\/\/www.fotillo.com\/wp-content\/uploads\/2022\/03\/328-2-KK-146-Pandas_Day-195.png","contentUrl":"https:\/\/www.fotillo.com\/wp-content\/uploads\/2022\/03\/328-2-KK-146-Pandas_Day-195.png","width":528,"height":528,"caption":"Panda's Day + collage + 328 gold"},{"@type":"BreadcrumbList","@id":"https:\/\/www.fotillo.com\/pl\/produkt\/szablon-do-fotobudki-model-328-inspirowany-dzien-pandy-kolaz\/#breadcrumb","itemListElement":[{"@type":"ListItem","position":1,"name":"Home","item":"https:\/\/www.fotillo.com\/pl\/"},{"@type":"ListItem","position":2,"name":"Sklep","item":"https:\/\/www.fotillo.com\/pl\/sklep\/"},{"@type":"ListItem","position":3,"name":"Szablon do fotobudki model 328 inspirowany \u2013 Dzie\u0144 Pandy + kola\u017c"}]},{"@type":"WebSite","@id":"https:\/\/www.fotillo.com\/pl\/#website","url":"https:\/\/www.fotillo.com\/pl\/","name":"Fotillo","description":"Software for photobooth and postcard kiosk","publisher":{"@id":"https:\/\/www.fotillo.com\/pl\/#organization"},"potentialAction":[{"@type":"SearchAction","target":{"@type":"EntryPoint","urlTemplate":"https:\/\/www.fotillo.com\/pl\/?s={search_term_string}"},"query-input":{"@type":"PropertyValueSpecification","valueRequired":true,"valueName":"search_term_string"}}],"inLanguage":"pl-PL"},{"@type":"Organization","@id":"https:\/\/www.fotillo.com\/pl\/#organization","name":"Fotillo","url":"https:\/\/www.fotillo.com\/pl\/","logo":{"@type":"ImageObject","inLanguage":"pl-PL","@id":"https:\/\/www.fotillo.com\/pl\/#\/schema\/logo\/image\/","url":"https:\/\/www.fotillo.com\/wp-content\/uploads\/2022\/05\/logo.png","contentUrl":"https:\/\/www.fotillo.com\/wp-content\/uploads\/2022\/05\/logo.png","width":796,"height":304,"caption":"Fotillo"},"image":{"@id":"https:\/\/www.fotillo.com\/pl\/#\/schema\/logo\/image\/"},"sameAs":["https:\/\/www.facebook.com\/fotillocom","https:\/\/www.instagram.com\/fotillocom\/","https:\/\/www.youtube.com\/channel\/UCW8kqi4C_EJM6C0SQAt_k9A"]}]}},"_links":{"self":[{"href":"https:\/\/www.fotillo.com\/pl\/wp-json\/wp\/v2\/product\/109583","targetHints":{"allow":["GET"]}}],"collection":[{"href":"https:\/\/www.fotillo.com\/pl\/wp-json\/wp\/v2\/product"}],"about":[{"href":"https:\/\/www.fotillo.com\/pl\/wp-json\/wp\/v2\/types\/product"}],"version-history":[{"count":0,"href":"https:\/\/www.fotillo.com\/pl\/wp-json\/wp\/v2\/product\/109583\/revisions"}],"wp:featuredmedia":[{"embeddable":true,"href":"https:\/\/www.fotillo.com\/pl\/wp-json\/wp\/v2\/media\/107761"}],"wp:attachment":[{"href":"https:\/\/www.fotillo.com\/pl\/wp-json\/wp\/v2\/media?parent=109583"}],"wp:term":[{"taxonomy":"product_cat","embeddable":true,"href":"https:\/\/www.fotillo.com\/pl\/wp-json\/wp\/v2\/product_cat?post=109583"},{"taxonomy":"product_tag","embeddable":true,"href":"https:\/\/www.fotillo.com\/pl\/wp-json\/wp\/v2\/product_tag?post=109583"}],"curies":[{"name":"wp","href":"https:\/\/api.w.org\/{rel}","templated":true}]}}