{"id":220698,"date":"2022-03-26T01:20:58","date_gmt":"2022-03-26T00:20:58","guid":{"rendered":"https:\/\/www.fotillo.com\/product\/szablon-420-skladajacy-sie-z-3-zdjec-zajaczek-wielkanocny-pisanki\/"},"modified":"2022-07-25T20:52:57","modified_gmt":"2022-07-25T19:52:57","slug":"szablon-420-skladajacy-sie-z-3-zdjec-zajaczek-wielkanocny-pisanki","status":"publish","type":"product","link":"https:\/\/www.fotillo.com\/pl\/produkt\/szablon-420-skladajacy-sie-z-3-zdjec-zajaczek-wielkanocny-pisanki\/","title":{"rendered":"Szablon 420 sk\u0142adaj\u0105cy si\u0119 z 3 zdj\u0119\u0107 \u2013 Zaj\u0105czek wielkanocny + pisanki"},"content":{"rendered":"<h1>Szablon do fotobudki zainspirowany zaj\u0105czkiem wielkanocnym z pisankami w tle<\/h1>\n<p>Przedstawiamy nasz autorski\u00a0szablon w formacie poczt\u00f3wki poziomej.<\/p>\n<p>\u015awi\u0119ta Wielkanocne?  Nasz szablon \u015bwietnie si\u0119 sprawdzi przy tej okazji!<\/p>\n<p>Przedstawia 3 zdj\u0119cia, kt\u00f3re  komponuj\u0105 si\u0119 na b\u0142\u0119kitnym tle.<\/p>\n<p>Dodatkowo, na drugim planie znajduj\u0105 si\u0119 pisanki \u2013  dzi\u0119ki czemu szablon jest atrakcyjny i w ciekawy spos\u00f3b wype\u0142nia puste miejsca na wydruku.<\/p>\n<p>Zdj\u0119cia Twoich klient\u00f3w b\u0119d\u0105 w formacie horyzontalnej, kt\u00f3re dobrze komponuje si\u0119 z ca\u0142ym szablonem i pomo\u017ce im stworzy\u0107 seri\u0119 udanych zdj\u0119\u0107.<\/p>\n<p>Dodatkowo, program <a href='https:\/\/www.fotillo.com\/pl\/kategoria-produktu\/oprogramowanie\/' target='blank' rel=\"noopener\">Fotillo<\/a> pozwala na umieszczanie spersonalizowanych napis\u00f3w bez konieczno\u015bci u\u017cywania program\u00f3w graficznych.<\/p>\n<p>Szablon mo\u017ce by\u0107 wydrukowany z wyko\u0144czeniem b\u0142yszcz\u0105cym lub matowym, je\u015bli Twoja drukarka wsp\u00f3\u0142pracuje z programem Fotillo.<\/p>\n<p>Aby uatrakcyjni\u0107 wydarzenia biznesowe, do szablonu mo\u017cesz doda\u0107 logotyp klienta &#8211; wystarczy, \u017ce wyedytujesz plik Frame.png i umie\u015bcisz w nim plik z logotypem w wybranym miejscu na szablonie.<\/p>\n","protected":false},"excerpt":{"rendered":"<p>Czy wiecie, \u017ce zwyczaj przynoszenia prezent\u00f3w przez zaj\u0105czka wielkanocnego przyw\u0119drowa\u0142 do nas z Niemiec? To niemieccy cukiernicy jako pierwsi w 1800 roku wprowadzili do \u015bwi\u0105tecznego menu jadalne, s\u0142odkie zaj\u0105czki wykonane z ciasta lub cukru.<\/p>\n","protected":false},"featured_media":192339,"template":"","meta":[],"product_cat":[15,2174,2235],"product_tag":[2416],"class_list":{"0":"post-220698","1":"product","2":"type-product","3":"status-publish","4":"has-post-thumbnail","6":"product_cat-szablony","7":"product_cat-10x15cm-pocztowka-pozioma","8":"product_cat-420-pl","9":"product_tag-pisanki","10":"pa_main-color-blekitny","11":"pa_themes-wielkanoc","13":"first","14":"instock","15":"sold-individually","16":"taxable","17":"shipping-taxable","18":"purchasable","19":"product-type-variable","20":"has-default-attributes","21":"col-xs-6 col-sm-4","22":"col-md-3 col-lg-3","23":"un-4-cols"},"yoast_head":"<!-- This site is optimized with the Yoast SEO plugin v27.4 - https:\/\/yoast.com\/product\/yoast-seo-wordpress\/ -->\n<title>Szablon 420 sk\u0142adaj\u0105cy si\u0119 z 3 zdj\u0119\u0107 \u2013 Zaj\u0105czek wielkanocny + pisanki<\/title>\n<meta name=\"description\" content=\"420 to szablon Fotillo inspirowany zaj\u0105czkiem wielkanocnym zawieraj\u0105cy pisanki w tle. Wejd\u017a na stron\u0119 i wybierz najlepszy dla siebie.\" \/>\n<meta name=\"robots\" content=\"index, follow, max-snippet:-1, max-image-preview:large, max-video-preview:-1\" \/>\n<link rel=\"canonical\" href=\"https:\/\/www.fotillo.com\/pl\/produkt\/szablon-420-skladajacy-sie-z-3-zdjec-zajaczek-wielkanocny-pisanki\/\" \/>\n<meta property=\"og:locale\" content=\"pl_PL\" \/>\n<meta property=\"og:type\" content=\"article\" \/>\n<meta property=\"og:title\" content=\"Szablon 420 sk\u0142adaj\u0105cy si\u0119 z 3 zdj\u0119\u0107 \u2013 Zaj\u0105czek wielkanocny + pisanki\" \/>\n<meta property=\"og:description\" content=\"420 to szablon Fotillo inspirowany zaj\u0105czkiem wielkanocnym zawieraj\u0105cy pisanki w tle. Wejd\u017a na stron\u0119 i wybierz najlepszy dla siebie.\" \/>\n<meta property=\"og:url\" content=\"https:\/\/www.fotillo.com\/pl\/produkt\/szablon-420-skladajacy-sie-z-3-zdjec-zajaczek-wielkanocny-pisanki\/\" \/>\n<meta property=\"og:site_name\" content=\"Fotillo\" \/>\n<meta property=\"article:publisher\" content=\"https:\/\/www.facebook.com\/fotillocom\" \/>\n<meta property=\"article:modified_time\" content=\"2022-07-25T19:52:57+00:00\" \/>\n<meta property=\"og:image\" content=\"https:\/\/www.fotillo.com\/wp-content\/uploads\/2022\/03\/420-3-HHH-146-Easter_Bunny-249.png\" \/>\n\t<meta property=\"og:image:width\" content=\"528\" \/>\n\t<meta property=\"og:image:height\" content=\"528\" \/>\n\t<meta property=\"og:image:type\" content=\"image\/png\" \/>\n<meta name=\"twitter:card\" content=\"summary_large_image\" \/>\n<script type=\"application\/ld+json\" class=\"yoast-schema-graph\">{\"@context\":\"https:\\\/\\\/schema.org\",\"@graph\":[{\"@type\":\"WebPage\",\"@id\":\"https:\\\/\\\/www.fotillo.com\\\/pl\\\/produkt\\\/szablon-420-skladajacy-sie-z-3-zdjec-zajaczek-wielkanocny-pisanki\\\/\",\"url\":\"https:\\\/\\\/www.fotillo.com\\\/pl\\\/produkt\\\/szablon-420-skladajacy-sie-z-3-zdjec-zajaczek-wielkanocny-pisanki\\\/\",\"name\":\"Szablon 420 sk\u0142adaj\u0105cy si\u0119 z 3 zdj\u0119\u0107 \u2013 Zaj\u0105czek wielkanocny + pisanki\",\"isPartOf\":{\"@id\":\"https:\\\/\\\/www.fotillo.com\\\/pl\\\/#website\"},\"primaryImageOfPage\":{\"@id\":\"https:\\\/\\\/www.fotillo.com\\\/pl\\\/produkt\\\/szablon-420-skladajacy-sie-z-3-zdjec-zajaczek-wielkanocny-pisanki\\\/#primaryimage\"},\"image\":{\"@id\":\"https:\\\/\\\/www.fotillo.com\\\/pl\\\/produkt\\\/szablon-420-skladajacy-sie-z-3-zdjec-zajaczek-wielkanocny-pisanki\\\/#primaryimage\"},\"thumbnailUrl\":\"https:\\\/\\\/www.fotillo.com\\\/wp-content\\\/uploads\\\/2022\\\/03\\\/420-3-HHH-146-Easter_Bunny-249.png\",\"datePublished\":\"2022-03-26T00:20:58+00:00\",\"dateModified\":\"2022-07-25T19:52:57+00:00\",\"description\":\"420 to szablon Fotillo inspirowany zaj\u0105czkiem wielkanocnym zawieraj\u0105cy pisanki w tle. Wejd\u017a na stron\u0119 i wybierz najlepszy dla siebie.\",\"breadcrumb\":{\"@id\":\"https:\\\/\\\/www.fotillo.com\\\/pl\\\/produkt\\\/szablon-420-skladajacy-sie-z-3-zdjec-zajaczek-wielkanocny-pisanki\\\/#breadcrumb\"},\"inLanguage\":\"pl-PL\",\"potentialAction\":[{\"@type\":\"ReadAction\",\"target\":[\"https:\\\/\\\/www.fotillo.com\\\/pl\\\/produkt\\\/szablon-420-skladajacy-sie-z-3-zdjec-zajaczek-wielkanocny-pisanki\\\/\"]}]},{\"@type\":\"ImageObject\",\"inLanguage\":\"pl-PL\",\"@id\":\"https:\\\/\\\/www.fotillo.com\\\/pl\\\/produkt\\\/szablon-420-skladajacy-sie-z-3-zdjec-zajaczek-wielkanocny-pisanki\\\/#primaryimage\",\"url\":\"https:\\\/\\\/www.fotillo.com\\\/wp-content\\\/uploads\\\/2022\\\/03\\\/420-3-HHH-146-Easter_Bunny-249.png\",\"contentUrl\":\"https:\\\/\\\/www.fotillo.com\\\/wp-content\\\/uploads\\\/2022\\\/03\\\/420-3-HHH-146-Easter_Bunny-249.png\",\"width\":528,\"height\":528},{\"@type\":\"BreadcrumbList\",\"@id\":\"https:\\\/\\\/www.fotillo.com\\\/pl\\\/produkt\\\/szablon-420-skladajacy-sie-z-3-zdjec-zajaczek-wielkanocny-pisanki\\\/#breadcrumb\",\"itemListElement\":[{\"@type\":\"ListItem\",\"position\":1,\"name\":\"Home\",\"item\":\"https:\\\/\\\/www.fotillo.com\\\/pl\\\/\"},{\"@type\":\"ListItem\",\"position\":2,\"name\":\"Sklep\",\"item\":\"https:\\\/\\\/www.fotillo.com\\\/pl\\\/sklep\\\/\"},{\"@type\":\"ListItem\",\"position\":3,\"name\":\"Szablon 420 sk\u0142adaj\u0105cy si\u0119 z 3 zdj\u0119\u0107 \u2013 Zaj\u0105czek wielkanocny + pisanki\"}]},{\"@type\":\"WebSite\",\"@id\":\"https:\\\/\\\/www.fotillo.com\\\/pl\\\/#website\",\"url\":\"https:\\\/\\\/www.fotillo.com\\\/pl\\\/\",\"name\":\"Fotillo\",\"description\":\"Software for photobooth and postcard kiosk\",\"publisher\":{\"@id\":\"https:\\\/\\\/www.fotillo.com\\\/pl\\\/#organization\"},\"potentialAction\":[{\"@type\":\"SearchAction\",\"target\":{\"@type\":\"EntryPoint\",\"urlTemplate\":\"https:\\\/\\\/www.fotillo.com\\\/pl\\\/?s={search_term_string}\"},\"query-input\":{\"@type\":\"PropertyValueSpecification\",\"valueRequired\":true,\"valueName\":\"search_term_string\"}}],\"inLanguage\":\"pl-PL\"},{\"@type\":\"Organization\",\"@id\":\"https:\\\/\\\/www.fotillo.com\\\/pl\\\/#organization\",\"name\":\"Fotillo\",\"url\":\"https:\\\/\\\/www.fotillo.com\\\/pl\\\/\",\"logo\":{\"@type\":\"ImageObject\",\"inLanguage\":\"pl-PL\",\"@id\":\"https:\\\/\\\/www.fotillo.com\\\/pl\\\/#\\\/schema\\\/logo\\\/image\\\/\",\"url\":\"https:\\\/\\\/www.fotillo.com\\\/wp-content\\\/uploads\\\/2022\\\/05\\\/logo.png\",\"contentUrl\":\"https:\\\/\\\/www.fotillo.com\\\/wp-content\\\/uploads\\\/2022\\\/05\\\/logo.png\",\"width\":796,\"height\":304,\"caption\":\"Fotillo\"},\"image\":{\"@id\":\"https:\\\/\\\/www.fotillo.com\\\/pl\\\/#\\\/schema\\\/logo\\\/image\\\/\"},\"sameAs\":[\"https:\\\/\\\/www.facebook.com\\\/fotillocom\",\"https:\\\/\\\/www.instagram.com\\\/fotillocom\\\/\",\"https:\\\/\\\/www.youtube.com\\\/channel\\\/UCW8kqi4C_EJM6C0SQAt_k9A\"]}]}<\/script>\n<!-- \/ Yoast SEO plugin. -->","yoast_head_json":{"title":"Szablon 420 sk\u0142adaj\u0105cy si\u0119 z 3 zdj\u0119\u0107 \u2013 Zaj\u0105czek wielkanocny + pisanki","description":"420 to szablon Fotillo inspirowany zaj\u0105czkiem wielkanocnym zawieraj\u0105cy pisanki w tle. Wejd\u017a na stron\u0119 i wybierz najlepszy dla siebie.","robots":{"index":"index","follow":"follow","max-snippet":"max-snippet:-1","max-image-preview":"max-image-preview:large","max-video-preview":"max-video-preview:-1"},"canonical":"https:\/\/www.fotillo.com\/pl\/produkt\/szablon-420-skladajacy-sie-z-3-zdjec-zajaczek-wielkanocny-pisanki\/","og_locale":"pl_PL","og_type":"article","og_title":"Szablon 420 sk\u0142adaj\u0105cy si\u0119 z 3 zdj\u0119\u0107 \u2013 Zaj\u0105czek wielkanocny + pisanki","og_description":"420 to szablon Fotillo inspirowany zaj\u0105czkiem wielkanocnym zawieraj\u0105cy pisanki w tle. Wejd\u017a na stron\u0119 i wybierz najlepszy dla siebie.","og_url":"https:\/\/www.fotillo.com\/pl\/produkt\/szablon-420-skladajacy-sie-z-3-zdjec-zajaczek-wielkanocny-pisanki\/","og_site_name":"Fotillo","article_publisher":"https:\/\/www.facebook.com\/fotillocom","article_modified_time":"2022-07-25T19:52:57+00:00","og_image":[{"width":528,"height":528,"url":"https:\/\/www.fotillo.com\/wp-content\/uploads\/2022\/03\/420-3-HHH-146-Easter_Bunny-249.png","type":"image\/png"}],"twitter_card":"summary_large_image","schema":{"@context":"https:\/\/schema.org","@graph":[{"@type":"WebPage","@id":"https:\/\/www.fotillo.com\/pl\/produkt\/szablon-420-skladajacy-sie-z-3-zdjec-zajaczek-wielkanocny-pisanki\/","url":"https:\/\/www.fotillo.com\/pl\/produkt\/szablon-420-skladajacy-sie-z-3-zdjec-zajaczek-wielkanocny-pisanki\/","name":"Szablon 420 sk\u0142adaj\u0105cy si\u0119 z 3 zdj\u0119\u0107 \u2013 Zaj\u0105czek wielkanocny + pisanki","isPartOf":{"@id":"https:\/\/www.fotillo.com\/pl\/#website"},"primaryImageOfPage":{"@id":"https:\/\/www.fotillo.com\/pl\/produkt\/szablon-420-skladajacy-sie-z-3-zdjec-zajaczek-wielkanocny-pisanki\/#primaryimage"},"image":{"@id":"https:\/\/www.fotillo.com\/pl\/produkt\/szablon-420-skladajacy-sie-z-3-zdjec-zajaczek-wielkanocny-pisanki\/#primaryimage"},"thumbnailUrl":"https:\/\/www.fotillo.com\/wp-content\/uploads\/2022\/03\/420-3-HHH-146-Easter_Bunny-249.png","datePublished":"2022-03-26T00:20:58+00:00","dateModified":"2022-07-25T19:52:57+00:00","description":"420 to szablon Fotillo inspirowany zaj\u0105czkiem wielkanocnym zawieraj\u0105cy pisanki w tle. Wejd\u017a na stron\u0119 i wybierz najlepszy dla siebie.","breadcrumb":{"@id":"https:\/\/www.fotillo.com\/pl\/produkt\/szablon-420-skladajacy-sie-z-3-zdjec-zajaczek-wielkanocny-pisanki\/#breadcrumb"},"inLanguage":"pl-PL","potentialAction":[{"@type":"ReadAction","target":["https:\/\/www.fotillo.com\/pl\/produkt\/szablon-420-skladajacy-sie-z-3-zdjec-zajaczek-wielkanocny-pisanki\/"]}]},{"@type":"ImageObject","inLanguage":"pl-PL","@id":"https:\/\/www.fotillo.com\/pl\/produkt\/szablon-420-skladajacy-sie-z-3-zdjec-zajaczek-wielkanocny-pisanki\/#primaryimage","url":"https:\/\/www.fotillo.com\/wp-content\/uploads\/2022\/03\/420-3-HHH-146-Easter_Bunny-249.png","contentUrl":"https:\/\/www.fotillo.com\/wp-content\/uploads\/2022\/03\/420-3-HHH-146-Easter_Bunny-249.png","width":528,"height":528},{"@type":"BreadcrumbList","@id":"https:\/\/www.fotillo.com\/pl\/produkt\/szablon-420-skladajacy-sie-z-3-zdjec-zajaczek-wielkanocny-pisanki\/#breadcrumb","itemListElement":[{"@type":"ListItem","position":1,"name":"Home","item":"https:\/\/www.fotillo.com\/pl\/"},{"@type":"ListItem","position":2,"name":"Sklep","item":"https:\/\/www.fotillo.com\/pl\/sklep\/"},{"@type":"ListItem","position":3,"name":"Szablon 420 sk\u0142adaj\u0105cy si\u0119 z 3 zdj\u0119\u0107 \u2013 Zaj\u0105czek wielkanocny + pisanki"}]},{"@type":"WebSite","@id":"https:\/\/www.fotillo.com\/pl\/#website","url":"https:\/\/www.fotillo.com\/pl\/","name":"Fotillo","description":"Software for photobooth and postcard kiosk","publisher":{"@id":"https:\/\/www.fotillo.com\/pl\/#organization"},"potentialAction":[{"@type":"SearchAction","target":{"@type":"EntryPoint","urlTemplate":"https:\/\/www.fotillo.com\/pl\/?s={search_term_string}"},"query-input":{"@type":"PropertyValueSpecification","valueRequired":true,"valueName":"search_term_string"}}],"inLanguage":"pl-PL"},{"@type":"Organization","@id":"https:\/\/www.fotillo.com\/pl\/#organization","name":"Fotillo","url":"https:\/\/www.fotillo.com\/pl\/","logo":{"@type":"ImageObject","inLanguage":"pl-PL","@id":"https:\/\/www.fotillo.com\/pl\/#\/schema\/logo\/image\/","url":"https:\/\/www.fotillo.com\/wp-content\/uploads\/2022\/05\/logo.png","contentUrl":"https:\/\/www.fotillo.com\/wp-content\/uploads\/2022\/05\/logo.png","width":796,"height":304,"caption":"Fotillo"},"image":{"@id":"https:\/\/www.fotillo.com\/pl\/#\/schema\/logo\/image\/"},"sameAs":["https:\/\/www.facebook.com\/fotillocom","https:\/\/www.instagram.com\/fotillocom\/","https:\/\/www.youtube.com\/channel\/UCW8kqi4C_EJM6C0SQAt_k9A"]}]}},"_links":{"self":[{"href":"https:\/\/www.fotillo.com\/pl\/wp-json\/wp\/v2\/product\/220698","targetHints":{"allow":["GET"]}}],"collection":[{"href":"https:\/\/www.fotillo.com\/pl\/wp-json\/wp\/v2\/product"}],"about":[{"href":"https:\/\/www.fotillo.com\/pl\/wp-json\/wp\/v2\/types\/product"}],"version-history":[{"count":0,"href":"https:\/\/www.fotillo.com\/pl\/wp-json\/wp\/v2\/product\/220698\/revisions"}],"wp:featuredmedia":[{"embeddable":true,"href":"https:\/\/www.fotillo.com\/pl\/wp-json\/wp\/v2\/media\/192339"}],"wp:attachment":[{"href":"https:\/\/www.fotillo.com\/pl\/wp-json\/wp\/v2\/media?parent=220698"}],"wp:term":[{"taxonomy":"product_cat","embeddable":true,"href":"https:\/\/www.fotillo.com\/pl\/wp-json\/wp\/v2\/product_cat?post=220698"},{"taxonomy":"product_tag","embeddable":true,"href":"https:\/\/www.fotillo.com\/pl\/wp-json\/wp\/v2\/product_tag?post=220698"}],"curies":[{"name":"wp","href":"https:\/\/api.w.org\/{rel}","templated":true}]}}