{"id":33770,"date":"2022-03-25T16:18:30","date_gmt":"2022-03-25T15:18:30","guid":{"rendered":"https:\/\/www.fotillo.com\/product\/szablon-421-skladajacy-sie-z-3-zdjec-wielkanoc-pisanki\/"},"modified":"2022-07-23T15:53:12","modified_gmt":"2022-07-23T14:53:12","slug":"szablon-421-skladajacy-sie-z-3-zdjec-wielkanoc-pisanki","status":"publish","type":"product","link":"https:\/\/www.fotillo.com\/pl\/produkt\/szablon-421-skladajacy-sie-z-3-zdjec-wielkanoc-pisanki\/","title":{"rendered":"Szablon 421 sk\u0142adaj\u0105cy si\u0119 z 3 zdj\u0119\u0107 \u2013 Wielkanoc + pisanki"},"content":{"rendered":"<h1>Szablon do fotobudki zwi\u0105zany z Wielkanoc\u0105 z elementami pisanki<\/h1>\n<p>Przedstawiamy nasz autorski\u00a0szablon w formacie poczt\u00f3wki poziomej.<\/p>\n<p>pisanki?  Nasz szablon \u015bwietnie si\u0119 sprawdzi przy tej okazji!<\/p>\n<p>Przedstawia 3 zdj\u0119cia, kt\u00f3re  komponuj\u0105 si\u0119 na zielonym tle.<\/p>\n<p>Dodatkowo, na drugim planie znajduj\u0105 si\u0119 pisanki \u2013  dzi\u0119ki czemu szablon jest atrakcyjny i w ciekawy spos\u00f3b wype\u0142nia puste miejsca na wydruku.<\/p>\n<p>Zdj\u0119cia Twoich klient\u00f3w b\u0119d\u0105 w formacie horyzontalnej, kt\u00f3re dobrze komponuje si\u0119 z ca\u0142ym szablonem i pomo\u017ce im stworzy\u0107 seri\u0119 udanych zdj\u0119\u0107.<\/p>\n<p>Dodatkowo, program <a href='https:\/\/www.fotillo.com\/pl\/kategoria-produktu\/oprogramowanie\/' target='blank' rel=\"noopener\">Fotillo<\/a> pozwala na umieszczanie spersonalizowanych napis\u00f3w bez konieczno\u015bci u\u017cywania program\u00f3w graficznych.<\/p>\n<p>Szablon mo\u017ce by\u0107 wydrukowany z wyko\u0144czeniem b\u0142yszcz\u0105cym lub matowym, je\u015bli Twoja drukarka wsp\u00f3\u0142pracuje z programem Fotillo.<\/p>\n<p>Aby uatrakcyjni\u0107 wydarzenia biznesowe, do szablonu mo\u017cesz doda\u0107 logotyp klienta &#8211; wystarczy, \u017ce wyedytujesz plik Frame.png i umie\u015bcisz w nim plik z logotypem w wybranym miejscu na szablonie.<\/p>\n","protected":false},"excerpt":{"rendered":"<p>Pisanki, kraszanki, drapanki, oklejanki, nalepianki czy a\u017curki? Jakie jajka Wielkanocne kr\u00f3luj\u0105 w Waszych domach?Je\u015bli my\u015blisz o zorganizowaniu spotkania biznesowego z okazji zbli\u017caj\u0105cych si\u0119 \u015bwi\u0105t to sesja zdj\u0119ciowa z fotobudk\u0105 b\u0119dzie \u015bwietnym pomys\u0142em.<\/p>\n","protected":false},"featured_media":33498,"template":"","meta":[],"product_cat":[15,2174,2236],"product_tag":[2416],"class_list":{"0":"post-33770","1":"product","2":"type-product","3":"status-publish","4":"has-post-thumbnail","6":"product_cat-szablony","7":"product_cat-10x15cm-pocztowka-pozioma","8":"product_cat-421-pl","9":"product_tag-pisanki","10":"pa_main-color-zielony","11":"pa_themes-wielkanoc","13":"first","14":"instock","15":"sold-individually","16":"taxable","17":"shipping-taxable","18":"purchasable","19":"product-type-variable","20":"has-default-attributes","21":"col-xs-6 col-sm-4","22":"col-md-3 col-lg-3","23":"un-4-cols"},"yoast_head":"<!-- This site is optimized with the Yoast SEO plugin v27.3 - https:\/\/yoast.com\/product\/yoast-seo-wordpress\/ -->\n<title>Szablon 421 sk\u0142adaj\u0105cy si\u0119 z 3 zdj\u0119\u0107 \u2013 Wielkanoc + pisanki<\/title>\n<meta name=\"description\" content=\"421 to szablon Fotillo o tematyce Wielkanocnej zawieraj\u0105cy pisanki. Wejd\u017a na stron\u0119 i wybierz najlepszy dla siebie.\" \/>\n<meta name=\"robots\" content=\"index, follow, max-snippet:-1, max-image-preview:large, max-video-preview:-1\" \/>\n<link rel=\"canonical\" href=\"https:\/\/www.fotillo.com\/pl\/produkt\/szablon-421-skladajacy-sie-z-3-zdjec-wielkanoc-pisanki\/\" \/>\n<meta property=\"og:locale\" content=\"pl_PL\" \/>\n<meta property=\"og:type\" content=\"article\" \/>\n<meta property=\"og:title\" content=\"Szablon 421 sk\u0142adaj\u0105cy si\u0119 z 3 zdj\u0119\u0107 \u2013 Wielkanoc + pisanki\" \/>\n<meta property=\"og:description\" content=\"421 to szablon Fotillo o tematyce Wielkanocnej zawieraj\u0105cy pisanki. Wejd\u017a na stron\u0119 i wybierz najlepszy dla siebie.\" \/>\n<meta property=\"og:url\" content=\"https:\/\/www.fotillo.com\/pl\/produkt\/szablon-421-skladajacy-sie-z-3-zdjec-wielkanoc-pisanki\/\" \/>\n<meta property=\"og:site_name\" content=\"Fotillo\" \/>\n<meta property=\"article:publisher\" content=\"https:\/\/www.facebook.com\/fotillocom\" \/>\n<meta property=\"article:modified_time\" content=\"2022-07-23T14:53:12+00:00\" \/>\n<meta property=\"og:image\" content=\"https:\/\/www.fotillo.com\/wp-content\/uploads\/2022\/03\/421-3-HHH-146-Easter_eggs-069.png\" \/>\n\t<meta property=\"og:image:width\" content=\"528\" \/>\n\t<meta property=\"og:image:height\" content=\"528\" \/>\n\t<meta property=\"og:image:type\" content=\"image\/png\" \/>\n<meta name=\"twitter:card\" content=\"summary_large_image\" \/>\n<script type=\"application\/ld+json\" class=\"yoast-schema-graph\">{\"@context\":\"https:\\\/\\\/schema.org\",\"@graph\":[{\"@type\":\"WebPage\",\"@id\":\"https:\\\/\\\/www.fotillo.com\\\/pl\\\/produkt\\\/szablon-421-skladajacy-sie-z-3-zdjec-wielkanoc-pisanki\\\/\",\"url\":\"https:\\\/\\\/www.fotillo.com\\\/pl\\\/produkt\\\/szablon-421-skladajacy-sie-z-3-zdjec-wielkanoc-pisanki\\\/\",\"name\":\"Szablon 421 sk\u0142adaj\u0105cy si\u0119 z 3 zdj\u0119\u0107 \u2013 Wielkanoc + pisanki\",\"isPartOf\":{\"@id\":\"https:\\\/\\\/www.fotillo.com\\\/pl\\\/#website\"},\"primaryImageOfPage\":{\"@id\":\"https:\\\/\\\/www.fotillo.com\\\/pl\\\/produkt\\\/szablon-421-skladajacy-sie-z-3-zdjec-wielkanoc-pisanki\\\/#primaryimage\"},\"image\":{\"@id\":\"https:\\\/\\\/www.fotillo.com\\\/pl\\\/produkt\\\/szablon-421-skladajacy-sie-z-3-zdjec-wielkanoc-pisanki\\\/#primaryimage\"},\"thumbnailUrl\":\"https:\\\/\\\/www.fotillo.com\\\/wp-content\\\/uploads\\\/2022\\\/03\\\/421-3-HHH-146-Easter_eggs-069.png\",\"datePublished\":\"2022-03-25T15:18:30+00:00\",\"dateModified\":\"2022-07-23T14:53:12+00:00\",\"description\":\"421 to szablon Fotillo o tematyce Wielkanocnej zawieraj\u0105cy pisanki. Wejd\u017a na stron\u0119 i wybierz najlepszy dla siebie.\",\"breadcrumb\":{\"@id\":\"https:\\\/\\\/www.fotillo.com\\\/pl\\\/produkt\\\/szablon-421-skladajacy-sie-z-3-zdjec-wielkanoc-pisanki\\\/#breadcrumb\"},\"inLanguage\":\"pl-PL\",\"potentialAction\":[{\"@type\":\"ReadAction\",\"target\":[\"https:\\\/\\\/www.fotillo.com\\\/pl\\\/produkt\\\/szablon-421-skladajacy-sie-z-3-zdjec-wielkanoc-pisanki\\\/\"]}]},{\"@type\":\"ImageObject\",\"inLanguage\":\"pl-PL\",\"@id\":\"https:\\\/\\\/www.fotillo.com\\\/pl\\\/produkt\\\/szablon-421-skladajacy-sie-z-3-zdjec-wielkanoc-pisanki\\\/#primaryimage\",\"url\":\"https:\\\/\\\/www.fotillo.com\\\/wp-content\\\/uploads\\\/2022\\\/03\\\/421-3-HHH-146-Easter_eggs-069.png\",\"contentUrl\":\"https:\\\/\\\/www.fotillo.com\\\/wp-content\\\/uploads\\\/2022\\\/03\\\/421-3-HHH-146-Easter_eggs-069.png\",\"width\":528,\"height\":528},{\"@type\":\"BreadcrumbList\",\"@id\":\"https:\\\/\\\/www.fotillo.com\\\/pl\\\/produkt\\\/szablon-421-skladajacy-sie-z-3-zdjec-wielkanoc-pisanki\\\/#breadcrumb\",\"itemListElement\":[{\"@type\":\"ListItem\",\"position\":1,\"name\":\"Home\",\"item\":\"https:\\\/\\\/www.fotillo.com\\\/pl\\\/\"},{\"@type\":\"ListItem\",\"position\":2,\"name\":\"Sklep\",\"item\":\"https:\\\/\\\/www.fotillo.com\\\/pl\\\/sklep\\\/\"},{\"@type\":\"ListItem\",\"position\":3,\"name\":\"Szablon 421 sk\u0142adaj\u0105cy si\u0119 z 3 zdj\u0119\u0107 \u2013 Wielkanoc + pisanki\"}]},{\"@type\":\"WebSite\",\"@id\":\"https:\\\/\\\/www.fotillo.com\\\/pl\\\/#website\",\"url\":\"https:\\\/\\\/www.fotillo.com\\\/pl\\\/\",\"name\":\"Fotillo\",\"description\":\"Software for photobooth and postcard kiosk\",\"publisher\":{\"@id\":\"https:\\\/\\\/www.fotillo.com\\\/pl\\\/#organization\"},\"potentialAction\":[{\"@type\":\"SearchAction\",\"target\":{\"@type\":\"EntryPoint\",\"urlTemplate\":\"https:\\\/\\\/www.fotillo.com\\\/pl\\\/?s={search_term_string}\"},\"query-input\":{\"@type\":\"PropertyValueSpecification\",\"valueRequired\":true,\"valueName\":\"search_term_string\"}}],\"inLanguage\":\"pl-PL\"},{\"@type\":\"Organization\",\"@id\":\"https:\\\/\\\/www.fotillo.com\\\/pl\\\/#organization\",\"name\":\"Fotillo\",\"url\":\"https:\\\/\\\/www.fotillo.com\\\/pl\\\/\",\"logo\":{\"@type\":\"ImageObject\",\"inLanguage\":\"pl-PL\",\"@id\":\"https:\\\/\\\/www.fotillo.com\\\/pl\\\/#\\\/schema\\\/logo\\\/image\\\/\",\"url\":\"https:\\\/\\\/www.fotillo.com\\\/wp-content\\\/uploads\\\/2022\\\/05\\\/logo.png\",\"contentUrl\":\"https:\\\/\\\/www.fotillo.com\\\/wp-content\\\/uploads\\\/2022\\\/05\\\/logo.png\",\"width\":796,\"height\":304,\"caption\":\"Fotillo\"},\"image\":{\"@id\":\"https:\\\/\\\/www.fotillo.com\\\/pl\\\/#\\\/schema\\\/logo\\\/image\\\/\"},\"sameAs\":[\"https:\\\/\\\/www.facebook.com\\\/fotillocom\",\"https:\\\/\\\/www.instagram.com\\\/fotillocom\\\/\",\"https:\\\/\\\/www.youtube.com\\\/channel\\\/UCW8kqi4C_EJM6C0SQAt_k9A\"]}]}<\/script>\n<!-- \/ Yoast SEO plugin. -->","yoast_head_json":{"title":"Szablon 421 sk\u0142adaj\u0105cy si\u0119 z 3 zdj\u0119\u0107 \u2013 Wielkanoc + pisanki","description":"421 to szablon Fotillo o tematyce Wielkanocnej zawieraj\u0105cy pisanki. Wejd\u017a na stron\u0119 i wybierz najlepszy dla siebie.","robots":{"index":"index","follow":"follow","max-snippet":"max-snippet:-1","max-image-preview":"max-image-preview:large","max-video-preview":"max-video-preview:-1"},"canonical":"https:\/\/www.fotillo.com\/pl\/produkt\/szablon-421-skladajacy-sie-z-3-zdjec-wielkanoc-pisanki\/","og_locale":"pl_PL","og_type":"article","og_title":"Szablon 421 sk\u0142adaj\u0105cy si\u0119 z 3 zdj\u0119\u0107 \u2013 Wielkanoc + pisanki","og_description":"421 to szablon Fotillo o tematyce Wielkanocnej zawieraj\u0105cy pisanki. Wejd\u017a na stron\u0119 i wybierz najlepszy dla siebie.","og_url":"https:\/\/www.fotillo.com\/pl\/produkt\/szablon-421-skladajacy-sie-z-3-zdjec-wielkanoc-pisanki\/","og_site_name":"Fotillo","article_publisher":"https:\/\/www.facebook.com\/fotillocom","article_modified_time":"2022-07-23T14:53:12+00:00","og_image":[{"width":528,"height":528,"url":"https:\/\/www.fotillo.com\/wp-content\/uploads\/2022\/03\/421-3-HHH-146-Easter_eggs-069.png","type":"image\/png"}],"twitter_card":"summary_large_image","schema":{"@context":"https:\/\/schema.org","@graph":[{"@type":"WebPage","@id":"https:\/\/www.fotillo.com\/pl\/produkt\/szablon-421-skladajacy-sie-z-3-zdjec-wielkanoc-pisanki\/","url":"https:\/\/www.fotillo.com\/pl\/produkt\/szablon-421-skladajacy-sie-z-3-zdjec-wielkanoc-pisanki\/","name":"Szablon 421 sk\u0142adaj\u0105cy si\u0119 z 3 zdj\u0119\u0107 \u2013 Wielkanoc + pisanki","isPartOf":{"@id":"https:\/\/www.fotillo.com\/pl\/#website"},"primaryImageOfPage":{"@id":"https:\/\/www.fotillo.com\/pl\/produkt\/szablon-421-skladajacy-sie-z-3-zdjec-wielkanoc-pisanki\/#primaryimage"},"image":{"@id":"https:\/\/www.fotillo.com\/pl\/produkt\/szablon-421-skladajacy-sie-z-3-zdjec-wielkanoc-pisanki\/#primaryimage"},"thumbnailUrl":"https:\/\/www.fotillo.com\/wp-content\/uploads\/2022\/03\/421-3-HHH-146-Easter_eggs-069.png","datePublished":"2022-03-25T15:18:30+00:00","dateModified":"2022-07-23T14:53:12+00:00","description":"421 to szablon Fotillo o tematyce Wielkanocnej zawieraj\u0105cy pisanki. Wejd\u017a na stron\u0119 i wybierz najlepszy dla siebie.","breadcrumb":{"@id":"https:\/\/www.fotillo.com\/pl\/produkt\/szablon-421-skladajacy-sie-z-3-zdjec-wielkanoc-pisanki\/#breadcrumb"},"inLanguage":"pl-PL","potentialAction":[{"@type":"ReadAction","target":["https:\/\/www.fotillo.com\/pl\/produkt\/szablon-421-skladajacy-sie-z-3-zdjec-wielkanoc-pisanki\/"]}]},{"@type":"ImageObject","inLanguage":"pl-PL","@id":"https:\/\/www.fotillo.com\/pl\/produkt\/szablon-421-skladajacy-sie-z-3-zdjec-wielkanoc-pisanki\/#primaryimage","url":"https:\/\/www.fotillo.com\/wp-content\/uploads\/2022\/03\/421-3-HHH-146-Easter_eggs-069.png","contentUrl":"https:\/\/www.fotillo.com\/wp-content\/uploads\/2022\/03\/421-3-HHH-146-Easter_eggs-069.png","width":528,"height":528},{"@type":"BreadcrumbList","@id":"https:\/\/www.fotillo.com\/pl\/produkt\/szablon-421-skladajacy-sie-z-3-zdjec-wielkanoc-pisanki\/#breadcrumb","itemListElement":[{"@type":"ListItem","position":1,"name":"Home","item":"https:\/\/www.fotillo.com\/pl\/"},{"@type":"ListItem","position":2,"name":"Sklep","item":"https:\/\/www.fotillo.com\/pl\/sklep\/"},{"@type":"ListItem","position":3,"name":"Szablon 421 sk\u0142adaj\u0105cy si\u0119 z 3 zdj\u0119\u0107 \u2013 Wielkanoc + pisanki"}]},{"@type":"WebSite","@id":"https:\/\/www.fotillo.com\/pl\/#website","url":"https:\/\/www.fotillo.com\/pl\/","name":"Fotillo","description":"Software for photobooth and postcard kiosk","publisher":{"@id":"https:\/\/www.fotillo.com\/pl\/#organization"},"potentialAction":[{"@type":"SearchAction","target":{"@type":"EntryPoint","urlTemplate":"https:\/\/www.fotillo.com\/pl\/?s={search_term_string}"},"query-input":{"@type":"PropertyValueSpecification","valueRequired":true,"valueName":"search_term_string"}}],"inLanguage":"pl-PL"},{"@type":"Organization","@id":"https:\/\/www.fotillo.com\/pl\/#organization","name":"Fotillo","url":"https:\/\/www.fotillo.com\/pl\/","logo":{"@type":"ImageObject","inLanguage":"pl-PL","@id":"https:\/\/www.fotillo.com\/pl\/#\/schema\/logo\/image\/","url":"https:\/\/www.fotillo.com\/wp-content\/uploads\/2022\/05\/logo.png","contentUrl":"https:\/\/www.fotillo.com\/wp-content\/uploads\/2022\/05\/logo.png","width":796,"height":304,"caption":"Fotillo"},"image":{"@id":"https:\/\/www.fotillo.com\/pl\/#\/schema\/logo\/image\/"},"sameAs":["https:\/\/www.facebook.com\/fotillocom","https:\/\/www.instagram.com\/fotillocom\/","https:\/\/www.youtube.com\/channel\/UCW8kqi4C_EJM6C0SQAt_k9A"]}]}},"_links":{"self":[{"href":"https:\/\/www.fotillo.com\/pl\/wp-json\/wp\/v2\/product\/33770","targetHints":{"allow":["GET"]}}],"collection":[{"href":"https:\/\/www.fotillo.com\/pl\/wp-json\/wp\/v2\/product"}],"about":[{"href":"https:\/\/www.fotillo.com\/pl\/wp-json\/wp\/v2\/types\/product"}],"version-history":[{"count":0,"href":"https:\/\/www.fotillo.com\/pl\/wp-json\/wp\/v2\/product\/33770\/revisions"}],"wp:featuredmedia":[{"embeddable":true,"href":"https:\/\/www.fotillo.com\/pl\/wp-json\/wp\/v2\/media\/33498"}],"wp:attachment":[{"href":"https:\/\/www.fotillo.com\/pl\/wp-json\/wp\/v2\/media?parent=33770"}],"wp:term":[{"taxonomy":"product_cat","embeddable":true,"href":"https:\/\/www.fotillo.com\/pl\/wp-json\/wp\/v2\/product_cat?post=33770"},{"taxonomy":"product_tag","embeddable":true,"href":"https:\/\/www.fotillo.com\/pl\/wp-json\/wp\/v2\/product_tag?post=33770"}],"curies":[{"name":"wp","href":"https:\/\/api.w.org\/{rel}","templated":true}]}}