{"id":431875,"date":"2022-03-31T04:29:50","date_gmt":"2022-03-31T03:29:50","guid":{"rendered":"https:\/\/www.fotillo.com\/product\/pocztowka-pozioma-10x15cm-3-zdjecia-model-419-pierwsza-komunia-swieta-bialy-kwiaty-anioly\/"},"modified":"2022-06-13T06:52:59","modified_gmt":"2022-06-13T05:52:59","slug":"pocztowka-pozioma-10x15cm-3-zdjecia-model-419-pierwsza-komunia-swieta-bialy-kwiaty-anioly","status":"publish","type":"product","link":"https:\/\/www.fotillo.com\/pl\/produkt\/pocztowka-pozioma-10x15cm-3-zdjecia-model-419-pierwsza-komunia-swieta-bialy-kwiaty-anioly\/","title":{"rendered":"Poczt\u00f3wka pozioma 10x15cm 3 zdj\u0119cia model 419 \u2013 Pierwsza Komunia \u015awi\u0119ta + bia\u0142y, kwiaty, anio\u0142y"},"content":{"rendered":"<h1>Szablon do fotobudki zwi\u0105zany z Pierwsza Komunia \u015awi\u0119ta, z elementami Kwiaty, anio\u0142y<\/h1>\n<p>Przedstawiamy nasz autorski\u00a0szablon w formie poczt\u00f3wki poziomej 10x15cm.<\/p>\n<p>Pierwsza Komunia \u015awi\u0119ta?  Nasz szablon \u015bwietnie si\u0119 sprawdzi przy tej okazji!<\/p>\n<p>Przedstawia 3 zdj\u0119cia, kt\u00f3re  komponuj\u0105 si\u0119 na bia\u0142ym tle.<\/p>\n<p>Dodatkowo, na drugim planie znajduj\u0105 si\u0119 kwiaty i anio\u0142y  \u2013  dzi\u0119ki czemu szablon jest atrakcyjny i w ciekawy spos\u00f3b wype\u0142nia puste miejsca na wydruku.<\/p>\n<p>Zdj\u0119cia Twoich klient\u00f3w b\u0119d\u0105 w formacie horyzontalnej, kt\u00f3re dobrze komponuje si\u0119 z ca\u0142ym szablonem i pomo\u017ce im stworzy\u0107 seri\u0119 udanych zdj\u0119\u0107.<\/p>\n<p>Dodatkowo, program <a href='https:\/\/www.fotillo.com\/pl\/kategoria-produktu\/oprogramowanie\/' target='blank' rel=\"noopener\">Fotillo<\/a> pozwala na umieszczanie spersonalizowanych napis\u00f3w bez konieczno\u015bci u\u017cywania program\u00f3w graficznych.<\/p>\n<p>Szablon mo\u017ce by\u0107 wydrukowany z wyko\u0144czeniem b\u0142yszcz\u0105cym lub matowym, je\u015bli Twoja drukarka wsp\u00f3\u0142pracuje z programem Fotillo.<\/p>\n<p>Aby uatrakcyjni\u0107 wydarzenie, do szablonu mo\u017cesz doda\u0107 logotyp klienta &#8211; wystarczy, \u017ce wyedytujesz plik Frame.png i umie\u015bcisz w nim plik z dodatkow\u0105 grafik\u0105 w wybranym miejscu na szablonie.<\/p>\n","protected":false},"excerpt":{"rendered":"<p>Wszystkiego najlepszego dla wszystkich dzieci, kt\u00f3re ju\u017c nied\u0142ugo przyst\u0105pi\u0105 do Pierwszej Komunii \u015awi\u0119tej!<br \/>\nPami\u0119taj aby zarezerwowa\u0107 fotobudk\u0119 na przyj\u0119cie.<\/p>\n","protected":false},"featured_media":431878,"template":"","meta":[],"product_cat":[15,2174,2234],"product_tag":[2584,2417],"class_list":{"0":"post-431875","1":"product","2":"type-product","3":"status-publish","4":"has-post-thumbnail","6":"product_cat-szablony","7":"product_cat-10x15cm-pocztowka-pozioma","8":"product_cat-419-pl","9":"product_tag-aniolki","10":"product_tag-kwiaty","11":"pa_main-color-bialy","12":"pa_themes-i-komunia-sw","14":"first","15":"instock","16":"sold-individually","17":"taxable","18":"shipping-taxable","19":"purchasable","20":"product-type-variable","21":"has-default-attributes","22":"col-xs-6 col-sm-4","23":"col-md-3 col-lg-3","24":"un-4-cols"},"yoast_head":"<!-- This site is optimized with the Yoast SEO plugin v27.4 - https:\/\/yoast.com\/product\/yoast-seo-wordpress\/ -->\n<title>Poczt\u00f3wka pozioma 10x15cm 3 zdj\u0119cia model 419 \u2013 Pierwsza Komunia \u015awi\u0119ta + bia\u0142y, kwiaty, anio\u0142y<\/title>\n<meta name=\"description\" content=\"Szablon do fotobudki Fotillo 419 o tematyce Pierwsza Komunia \u015awi\u0119ta zawieraj\u0105cy Kwiaty, anio\u0142y. Wejd\u017a na stron\u0119 i wybierz najlepszy dla siebie.\" \/>\n<meta name=\"robots\" content=\"index, follow, max-snippet:-1, max-image-preview:large, max-video-preview:-1\" \/>\n<link rel=\"canonical\" href=\"https:\/\/www.fotillo.com\/pl\/produkt\/pocztowka-pozioma-10x15cm-3-zdjecia-model-419-pierwsza-komunia-swieta-bialy-kwiaty-anioly\/\" \/>\n<meta property=\"og:locale\" content=\"pl_PL\" \/>\n<meta property=\"og:type\" content=\"article\" \/>\n<meta property=\"og:title\" content=\"Poczt\u00f3wka pozioma 10x15cm 3 zdj\u0119cia model 419 \u2013 Pierwsza Komunia \u015awi\u0119ta + bia\u0142y, kwiaty, anio\u0142y\" \/>\n<meta property=\"og:description\" content=\"Szablon do fotobudki Fotillo 419 o tematyce Pierwsza Komunia \u015awi\u0119ta zawieraj\u0105cy Kwiaty, anio\u0142y. Wejd\u017a na stron\u0119 i wybierz najlepszy dla siebie.\" \/>\n<meta property=\"og:url\" content=\"https:\/\/www.fotillo.com\/pl\/produkt\/pocztowka-pozioma-10x15cm-3-zdjecia-model-419-pierwsza-komunia-swieta-bialy-kwiaty-anioly\/\" \/>\n<meta property=\"og:site_name\" content=\"Fotillo\" \/>\n<meta property=\"article:publisher\" content=\"https:\/\/www.facebook.com\/fotillocom\" \/>\n<meta property=\"article:modified_time\" content=\"2022-06-13T05:52:59+00:00\" \/>\n<meta property=\"og:image\" content=\"https:\/\/www.fotillo.com\/wp-content\/uploads\/2022\/03\/419-3-HHH-146-First_Holy_Communion-255.png\" \/>\n\t<meta property=\"og:image:width\" content=\"528\" \/>\n\t<meta property=\"og:image:height\" content=\"528\" \/>\n\t<meta property=\"og:image:type\" content=\"image\/png\" \/>\n<meta name=\"twitter:card\" content=\"summary_large_image\" \/>\n<script type=\"application\/ld+json\" class=\"yoast-schema-graph\">{\"@context\":\"https:\\\/\\\/schema.org\",\"@graph\":[{\"@type\":\"WebPage\",\"@id\":\"https:\\\/\\\/www.fotillo.com\\\/pl\\\/produkt\\\/pocztowka-pozioma-10x15cm-3-zdjecia-model-419-pierwsza-komunia-swieta-bialy-kwiaty-anioly\\\/\",\"url\":\"https:\\\/\\\/www.fotillo.com\\\/pl\\\/produkt\\\/pocztowka-pozioma-10x15cm-3-zdjecia-model-419-pierwsza-komunia-swieta-bialy-kwiaty-anioly\\\/\",\"name\":\"Poczt\u00f3wka pozioma 10x15cm 3 zdj\u0119cia model 419 \u2013 Pierwsza Komunia \u015awi\u0119ta + bia\u0142y, kwiaty, anio\u0142y\",\"isPartOf\":{\"@id\":\"https:\\\/\\\/www.fotillo.com\\\/pl\\\/#website\"},\"primaryImageOfPage\":{\"@id\":\"https:\\\/\\\/www.fotillo.com\\\/pl\\\/produkt\\\/pocztowka-pozioma-10x15cm-3-zdjecia-model-419-pierwsza-komunia-swieta-bialy-kwiaty-anioly\\\/#primaryimage\"},\"image\":{\"@id\":\"https:\\\/\\\/www.fotillo.com\\\/pl\\\/produkt\\\/pocztowka-pozioma-10x15cm-3-zdjecia-model-419-pierwsza-komunia-swieta-bialy-kwiaty-anioly\\\/#primaryimage\"},\"thumbnailUrl\":\"https:\\\/\\\/www.fotillo.com\\\/wp-content\\\/uploads\\\/2022\\\/03\\\/419-3-HHH-146-First_Holy_Communion-255.png\",\"datePublished\":\"2022-03-31T03:29:50+00:00\",\"dateModified\":\"2022-06-13T05:52:59+00:00\",\"description\":\"Szablon do fotobudki Fotillo 419 o tematyce Pierwsza Komunia \u015awi\u0119ta zawieraj\u0105cy Kwiaty, anio\u0142y. Wejd\u017a na stron\u0119 i wybierz najlepszy dla siebie.\",\"breadcrumb\":{\"@id\":\"https:\\\/\\\/www.fotillo.com\\\/pl\\\/produkt\\\/pocztowka-pozioma-10x15cm-3-zdjecia-model-419-pierwsza-komunia-swieta-bialy-kwiaty-anioly\\\/#breadcrumb\"},\"inLanguage\":\"pl-PL\",\"potentialAction\":[{\"@type\":\"ReadAction\",\"target\":[\"https:\\\/\\\/www.fotillo.com\\\/pl\\\/produkt\\\/pocztowka-pozioma-10x15cm-3-zdjecia-model-419-pierwsza-komunia-swieta-bialy-kwiaty-anioly\\\/\"]}]},{\"@type\":\"ImageObject\",\"inLanguage\":\"pl-PL\",\"@id\":\"https:\\\/\\\/www.fotillo.com\\\/pl\\\/produkt\\\/pocztowka-pozioma-10x15cm-3-zdjecia-model-419-pierwsza-komunia-swieta-bialy-kwiaty-anioly\\\/#primaryimage\",\"url\":\"https:\\\/\\\/www.fotillo.com\\\/wp-content\\\/uploads\\\/2022\\\/03\\\/419-3-HHH-146-First_Holy_Communion-255.png\",\"contentUrl\":\"https:\\\/\\\/www.fotillo.com\\\/wp-content\\\/uploads\\\/2022\\\/03\\\/419-3-HHH-146-First_Holy_Communion-255.png\",\"width\":528,\"height\":528,\"caption\":\"Pierwsza Komunia \u015awi\u0119ta + Kwiaty, anio\u0142y + 419 z\u0142oty\"},{\"@type\":\"BreadcrumbList\",\"@id\":\"https:\\\/\\\/www.fotillo.com\\\/pl\\\/produkt\\\/pocztowka-pozioma-10x15cm-3-zdjecia-model-419-pierwsza-komunia-swieta-bialy-kwiaty-anioly\\\/#breadcrumb\",\"itemListElement\":[{\"@type\":\"ListItem\",\"position\":1,\"name\":\"Home\",\"item\":\"https:\\\/\\\/www.fotillo.com\\\/pl\\\/\"},{\"@type\":\"ListItem\",\"position\":2,\"name\":\"Sklep\",\"item\":\"https:\\\/\\\/www.fotillo.com\\\/pl\\\/sklep\\\/\"},{\"@type\":\"ListItem\",\"position\":3,\"name\":\"Poczt\u00f3wka pozioma 10x15cm 3 zdj\u0119cia model 419 \u2013 Pierwsza Komunia \u015awi\u0119ta + bia\u0142y, kwiaty, anio\u0142y\"}]},{\"@type\":\"WebSite\",\"@id\":\"https:\\\/\\\/www.fotillo.com\\\/pl\\\/#website\",\"url\":\"https:\\\/\\\/www.fotillo.com\\\/pl\\\/\",\"name\":\"Fotillo\",\"description\":\"Software for photobooth and postcard kiosk\",\"publisher\":{\"@id\":\"https:\\\/\\\/www.fotillo.com\\\/pl\\\/#organization\"},\"potentialAction\":[{\"@type\":\"SearchAction\",\"target\":{\"@type\":\"EntryPoint\",\"urlTemplate\":\"https:\\\/\\\/www.fotillo.com\\\/pl\\\/?s={search_term_string}\"},\"query-input\":{\"@type\":\"PropertyValueSpecification\",\"valueRequired\":true,\"valueName\":\"search_term_string\"}}],\"inLanguage\":\"pl-PL\"},{\"@type\":\"Organization\",\"@id\":\"https:\\\/\\\/www.fotillo.com\\\/pl\\\/#organization\",\"name\":\"Fotillo\",\"url\":\"https:\\\/\\\/www.fotillo.com\\\/pl\\\/\",\"logo\":{\"@type\":\"ImageObject\",\"inLanguage\":\"pl-PL\",\"@id\":\"https:\\\/\\\/www.fotillo.com\\\/pl\\\/#\\\/schema\\\/logo\\\/image\\\/\",\"url\":\"https:\\\/\\\/www.fotillo.com\\\/wp-content\\\/uploads\\\/2022\\\/05\\\/logo.png\",\"contentUrl\":\"https:\\\/\\\/www.fotillo.com\\\/wp-content\\\/uploads\\\/2022\\\/05\\\/logo.png\",\"width\":796,\"height\":304,\"caption\":\"Fotillo\"},\"image\":{\"@id\":\"https:\\\/\\\/www.fotillo.com\\\/pl\\\/#\\\/schema\\\/logo\\\/image\\\/\"},\"sameAs\":[\"https:\\\/\\\/www.facebook.com\\\/fotillocom\",\"https:\\\/\\\/www.instagram.com\\\/fotillocom\\\/\",\"https:\\\/\\\/www.youtube.com\\\/channel\\\/UCW8kqi4C_EJM6C0SQAt_k9A\"]}]}<\/script>\n<!-- \/ Yoast SEO plugin. -->","yoast_head_json":{"title":"Poczt\u00f3wka pozioma 10x15cm 3 zdj\u0119cia model 419 \u2013 Pierwsza Komunia \u015awi\u0119ta + bia\u0142y, kwiaty, anio\u0142y","description":"Szablon do fotobudki Fotillo 419 o tematyce Pierwsza Komunia \u015awi\u0119ta zawieraj\u0105cy Kwiaty, anio\u0142y. Wejd\u017a na stron\u0119 i wybierz najlepszy dla siebie.","robots":{"index":"index","follow":"follow","max-snippet":"max-snippet:-1","max-image-preview":"max-image-preview:large","max-video-preview":"max-video-preview:-1"},"canonical":"https:\/\/www.fotillo.com\/pl\/produkt\/pocztowka-pozioma-10x15cm-3-zdjecia-model-419-pierwsza-komunia-swieta-bialy-kwiaty-anioly\/","og_locale":"pl_PL","og_type":"article","og_title":"Poczt\u00f3wka pozioma 10x15cm 3 zdj\u0119cia model 419 \u2013 Pierwsza Komunia \u015awi\u0119ta + bia\u0142y, kwiaty, anio\u0142y","og_description":"Szablon do fotobudki Fotillo 419 o tematyce Pierwsza Komunia \u015awi\u0119ta zawieraj\u0105cy Kwiaty, anio\u0142y. Wejd\u017a na stron\u0119 i wybierz najlepszy dla siebie.","og_url":"https:\/\/www.fotillo.com\/pl\/produkt\/pocztowka-pozioma-10x15cm-3-zdjecia-model-419-pierwsza-komunia-swieta-bialy-kwiaty-anioly\/","og_site_name":"Fotillo","article_publisher":"https:\/\/www.facebook.com\/fotillocom","article_modified_time":"2022-06-13T05:52:59+00:00","og_image":[{"width":528,"height":528,"url":"https:\/\/www.fotillo.com\/wp-content\/uploads\/2022\/03\/419-3-HHH-146-First_Holy_Communion-255.png","type":"image\/png"}],"twitter_card":"summary_large_image","schema":{"@context":"https:\/\/schema.org","@graph":[{"@type":"WebPage","@id":"https:\/\/www.fotillo.com\/pl\/produkt\/pocztowka-pozioma-10x15cm-3-zdjecia-model-419-pierwsza-komunia-swieta-bialy-kwiaty-anioly\/","url":"https:\/\/www.fotillo.com\/pl\/produkt\/pocztowka-pozioma-10x15cm-3-zdjecia-model-419-pierwsza-komunia-swieta-bialy-kwiaty-anioly\/","name":"Poczt\u00f3wka pozioma 10x15cm 3 zdj\u0119cia model 419 \u2013 Pierwsza Komunia \u015awi\u0119ta + bia\u0142y, kwiaty, anio\u0142y","isPartOf":{"@id":"https:\/\/www.fotillo.com\/pl\/#website"},"primaryImageOfPage":{"@id":"https:\/\/www.fotillo.com\/pl\/produkt\/pocztowka-pozioma-10x15cm-3-zdjecia-model-419-pierwsza-komunia-swieta-bialy-kwiaty-anioly\/#primaryimage"},"image":{"@id":"https:\/\/www.fotillo.com\/pl\/produkt\/pocztowka-pozioma-10x15cm-3-zdjecia-model-419-pierwsza-komunia-swieta-bialy-kwiaty-anioly\/#primaryimage"},"thumbnailUrl":"https:\/\/www.fotillo.com\/wp-content\/uploads\/2022\/03\/419-3-HHH-146-First_Holy_Communion-255.png","datePublished":"2022-03-31T03:29:50+00:00","dateModified":"2022-06-13T05:52:59+00:00","description":"Szablon do fotobudki Fotillo 419 o tematyce Pierwsza Komunia \u015awi\u0119ta zawieraj\u0105cy Kwiaty, anio\u0142y. Wejd\u017a na stron\u0119 i wybierz najlepszy dla siebie.","breadcrumb":{"@id":"https:\/\/www.fotillo.com\/pl\/produkt\/pocztowka-pozioma-10x15cm-3-zdjecia-model-419-pierwsza-komunia-swieta-bialy-kwiaty-anioly\/#breadcrumb"},"inLanguage":"pl-PL","potentialAction":[{"@type":"ReadAction","target":["https:\/\/www.fotillo.com\/pl\/produkt\/pocztowka-pozioma-10x15cm-3-zdjecia-model-419-pierwsza-komunia-swieta-bialy-kwiaty-anioly\/"]}]},{"@type":"ImageObject","inLanguage":"pl-PL","@id":"https:\/\/www.fotillo.com\/pl\/produkt\/pocztowka-pozioma-10x15cm-3-zdjecia-model-419-pierwsza-komunia-swieta-bialy-kwiaty-anioly\/#primaryimage","url":"https:\/\/www.fotillo.com\/wp-content\/uploads\/2022\/03\/419-3-HHH-146-First_Holy_Communion-255.png","contentUrl":"https:\/\/www.fotillo.com\/wp-content\/uploads\/2022\/03\/419-3-HHH-146-First_Holy_Communion-255.png","width":528,"height":528,"caption":"Pierwsza Komunia \u015awi\u0119ta + Kwiaty, anio\u0142y + 419 z\u0142oty"},{"@type":"BreadcrumbList","@id":"https:\/\/www.fotillo.com\/pl\/produkt\/pocztowka-pozioma-10x15cm-3-zdjecia-model-419-pierwsza-komunia-swieta-bialy-kwiaty-anioly\/#breadcrumb","itemListElement":[{"@type":"ListItem","position":1,"name":"Home","item":"https:\/\/www.fotillo.com\/pl\/"},{"@type":"ListItem","position":2,"name":"Sklep","item":"https:\/\/www.fotillo.com\/pl\/sklep\/"},{"@type":"ListItem","position":3,"name":"Poczt\u00f3wka pozioma 10x15cm 3 zdj\u0119cia model 419 \u2013 Pierwsza Komunia \u015awi\u0119ta + bia\u0142y, kwiaty, anio\u0142y"}]},{"@type":"WebSite","@id":"https:\/\/www.fotillo.com\/pl\/#website","url":"https:\/\/www.fotillo.com\/pl\/","name":"Fotillo","description":"Software for photobooth and postcard kiosk","publisher":{"@id":"https:\/\/www.fotillo.com\/pl\/#organization"},"potentialAction":[{"@type":"SearchAction","target":{"@type":"EntryPoint","urlTemplate":"https:\/\/www.fotillo.com\/pl\/?s={search_term_string}"},"query-input":{"@type":"PropertyValueSpecification","valueRequired":true,"valueName":"search_term_string"}}],"inLanguage":"pl-PL"},{"@type":"Organization","@id":"https:\/\/www.fotillo.com\/pl\/#organization","name":"Fotillo","url":"https:\/\/www.fotillo.com\/pl\/","logo":{"@type":"ImageObject","inLanguage":"pl-PL","@id":"https:\/\/www.fotillo.com\/pl\/#\/schema\/logo\/image\/","url":"https:\/\/www.fotillo.com\/wp-content\/uploads\/2022\/05\/logo.png","contentUrl":"https:\/\/www.fotillo.com\/wp-content\/uploads\/2022\/05\/logo.png","width":796,"height":304,"caption":"Fotillo"},"image":{"@id":"https:\/\/www.fotillo.com\/pl\/#\/schema\/logo\/image\/"},"sameAs":["https:\/\/www.facebook.com\/fotillocom","https:\/\/www.instagram.com\/fotillocom\/","https:\/\/www.youtube.com\/channel\/UCW8kqi4C_EJM6C0SQAt_k9A"]}]}},"_links":{"self":[{"href":"https:\/\/www.fotillo.com\/pl\/wp-json\/wp\/v2\/product\/431875","targetHints":{"allow":["GET"]}}],"collection":[{"href":"https:\/\/www.fotillo.com\/pl\/wp-json\/wp\/v2\/product"}],"about":[{"href":"https:\/\/www.fotillo.com\/pl\/wp-json\/wp\/v2\/types\/product"}],"version-history":[{"count":0,"href":"https:\/\/www.fotillo.com\/pl\/wp-json\/wp\/v2\/product\/431875\/revisions"}],"wp:featuredmedia":[{"embeddable":true,"href":"https:\/\/www.fotillo.com\/pl\/wp-json\/wp\/v2\/media\/431878"}],"wp:attachment":[{"href":"https:\/\/www.fotillo.com\/pl\/wp-json\/wp\/v2\/media?parent=431875"}],"wp:term":[{"taxonomy":"product_cat","embeddable":true,"href":"https:\/\/www.fotillo.com\/pl\/wp-json\/wp\/v2\/product_cat?post=431875"},{"taxonomy":"product_tag","embeddable":true,"href":"https:\/\/www.fotillo.com\/pl\/wp-json\/wp\/v2\/product_tag?post=431875"}],"curies":[{"name":"wp","href":"https:\/\/api.w.org\/{rel}","templated":true}]}}