{"id":494300,"date":"2022-04-20T09:42:22","date_gmt":"2022-04-20T08:42:22","guid":{"rendered":"https:\/\/www.fotillo.com\/product\/mandale-z-kolorowym-tlem-kolaz-pocztowka-10x15cm-model-418\/"},"modified":"2022-06-04T22:52:51","modified_gmt":"2022-06-04T21:52:51","slug":"mandale-z-kolorowym-tlem-kolaz-pocztowka-10x15cm-model-418","status":"publish","type":"product","link":"https:\/\/www.fotillo.com\/pl\/produkt\/mandale-z-kolorowym-tlem-kolaz-pocztowka-10x15cm-model-418\/","title":{"rendered":"Mandale z kolorowym t\u0142em + kola\u017c &#8211; Poczt\u00f3wka 10x15cm model 418"},"content":{"rendered":"<h1>Mandale zainspirowa\u0142y nas do stworzenia tego szablonu z kolorowym t\u0142em.<\/h1>\n<p>Przedstawiamy nasz autorski\u00a0szablon w formie poczt\u00f3wki poziomej 10x15cm.<\/p>\n<p>Przy jakiej okazji mandale w tle b\u0119d\u0105 dobrym wyborem? To mo\u017ce by\u0107 jedno z najcz\u0119\u015bciej wykorzystywanych wzor\u00f3w.<\/p>\n<p>Przedstawia 3 zdj\u0119cia, kt\u00f3re  komponuj\u0105 si\u0119 na kolorowym tle.<\/p>\n<p>Dodatkowo, na drugim planie znajduj\u0105 si\u0119 kola\u017c \u2013  dzi\u0119ki czemu szablon jest atrakcyjny i w ciekawy spos\u00f3b wype\u0142nia puste miejsca na wydruku.<\/p>\n<p>Zdj\u0119cia Twoich klient\u00f3w b\u0119d\u0105 w formacie horyzontalnej, kt\u00f3re dobrze komponuj\u0105 si\u0119 z ca\u0142ym szablonem i pomo\u017ce im stworzy\u0107 seri\u0119 udanych zdj\u0119\u0107.<\/p>\n<p>Dodatkowo, program <a href='https:\/\/www.fotillo.com\/pl\/kategoria-produktu\/oprogramowanie\/' target='blank' rel=\"noopener\">Fotillo<\/a> pozwala na umieszczanie spersonalizowanych napis\u00f3w bez konieczno\u015bci u\u017cywania program\u00f3w graficznych.<\/p>\n<p>Szablon mo\u017ce by\u0107 wydrukowany z wyko\u0144czeniem b\u0142yszcz\u0105cym lub matowym, je\u015bli Twoja drukarka wsp\u00f3\u0142pracuje z programem Fotillo.<\/p>\n<p>Aby uatrakcyjni\u0107 wydarzenie, do szablonu mo\u017cesz doda\u0107 logotyp klienta &#8211; wystarczy, \u017ce wyedytujesz plik Frame.png i umie\u015bcisz w nim plik z dodatkow\u0105 grafik\u0105 w wybranym miejscu na szablonie.<\/p>\n","protected":false},"excerpt":{"rendered":"<p>Mandale to mistyczne rysunki, kt\u00f3re pochodz\u0105 z Indii. Mandale ciesz\u0105 si\u0119 ostatnio coraz wi\u0119kszym zainteresowaniem.<\/p>\n","protected":false},"featured_media":493492,"template":"","meta":[],"product_cat":[15,2174,2233],"product_tag":[2478],"class_list":{"0":"post-494300","1":"product","2":"type-product","3":"status-publish","4":"has-post-thumbnail","6":"product_cat-szablony","7":"product_cat-10x15cm-pocztowka-pozioma","8":"product_cat-418-pl","9":"product_tag-kolaz","10":"pa_main-color-zolty","11":"pa_themes-konferencje","12":"pa_themes-unikalne","13":"pa_themes-uniwersalne","15":"first","16":"instock","17":"sold-individually","18":"taxable","19":"shipping-taxable","20":"purchasable","21":"product-type-variable","22":"has-default-attributes","23":"col-xs-6 col-sm-4","24":"col-md-3 col-lg-3","25":"un-4-cols"},"yoast_head":"<!-- This site is optimized with the Yoast SEO plugin v27.4 - https:\/\/yoast.com\/product\/yoast-seo-wordpress\/ -->\n<title>Mandale z kolorowym t\u0142em + kola\u017c - Poczt\u00f3wka 10x15cm model 418<\/title>\n<meta name=\"description\" content=\"Mandale sprawdz\u0105 przy wielu okazjach. Wejd\u017a na stron\u0119 i wybierz poczt\u00f3wk\u0119 10x15cm, model 418\" \/>\n<meta name=\"robots\" content=\"index, follow, max-snippet:-1, max-image-preview:large, max-video-preview:-1\" \/>\n<link rel=\"canonical\" href=\"https:\/\/www.fotillo.com\/pl\/produkt\/mandale-z-kolorowym-tlem-kolaz-pocztowka-10x15cm-model-418\/\" \/>\n<meta property=\"og:locale\" content=\"pl_PL\" \/>\n<meta property=\"og:type\" content=\"article\" \/>\n<meta property=\"og:title\" content=\"Mandale z kolorowym t\u0142em + kola\u017c - Poczt\u00f3wka 10x15cm model 418\" \/>\n<meta property=\"og:description\" content=\"Mandale sprawdz\u0105 przy wielu okazjach. Wejd\u017a na stron\u0119 i wybierz poczt\u00f3wk\u0119 10x15cm, model 418\" \/>\n<meta property=\"og:url\" content=\"https:\/\/www.fotillo.com\/pl\/produkt\/mandale-z-kolorowym-tlem-kolaz-pocztowka-10x15cm-model-418\/\" \/>\n<meta property=\"og:site_name\" content=\"Fotillo\" \/>\n<meta property=\"article:publisher\" content=\"https:\/\/www.facebook.com\/fotillocom\" \/>\n<meta property=\"article:modified_time\" content=\"2022-06-04T21:52:51+00:00\" \/>\n<meta property=\"og:image\" content=\"https:\/\/www.fotillo.com\/wp-content\/uploads\/2022\/04\/418-3-HHH-146-Mandalas-195.png\" \/>\n\t<meta property=\"og:image:width\" content=\"528\" \/>\n\t<meta property=\"og:image:height\" content=\"528\" \/>\n\t<meta property=\"og:image:type\" content=\"image\/png\" \/>\n<meta name=\"twitter:card\" content=\"summary_large_image\" \/>\n<script type=\"application\/ld+json\" class=\"yoast-schema-graph\">{\"@context\":\"https:\\\/\\\/schema.org\",\"@graph\":[{\"@type\":\"WebPage\",\"@id\":\"https:\\\/\\\/www.fotillo.com\\\/pl\\\/produkt\\\/mandale-z-kolorowym-tlem-kolaz-pocztowka-10x15cm-model-418\\\/\",\"url\":\"https:\\\/\\\/www.fotillo.com\\\/pl\\\/produkt\\\/mandale-z-kolorowym-tlem-kolaz-pocztowka-10x15cm-model-418\\\/\",\"name\":\"Mandale z kolorowym t\u0142em + kola\u017c - Poczt\u00f3wka 10x15cm model 418\",\"isPartOf\":{\"@id\":\"https:\\\/\\\/www.fotillo.com\\\/pl\\\/#website\"},\"primaryImageOfPage\":{\"@id\":\"https:\\\/\\\/www.fotillo.com\\\/pl\\\/produkt\\\/mandale-z-kolorowym-tlem-kolaz-pocztowka-10x15cm-model-418\\\/#primaryimage\"},\"image\":{\"@id\":\"https:\\\/\\\/www.fotillo.com\\\/pl\\\/produkt\\\/mandale-z-kolorowym-tlem-kolaz-pocztowka-10x15cm-model-418\\\/#primaryimage\"},\"thumbnailUrl\":\"https:\\\/\\\/www.fotillo.com\\\/wp-content\\\/uploads\\\/2022\\\/04\\\/418-3-HHH-146-Mandalas-195.png\",\"datePublished\":\"2022-04-20T08:42:22+00:00\",\"dateModified\":\"2022-06-04T21:52:51+00:00\",\"description\":\"Mandale sprawdz\u0105 przy wielu okazjach. Wejd\u017a na stron\u0119 i wybierz poczt\u00f3wk\u0119 10x15cm, model 418\",\"breadcrumb\":{\"@id\":\"https:\\\/\\\/www.fotillo.com\\\/pl\\\/produkt\\\/mandale-z-kolorowym-tlem-kolaz-pocztowka-10x15cm-model-418\\\/#breadcrumb\"},\"inLanguage\":\"pl-PL\",\"potentialAction\":[{\"@type\":\"ReadAction\",\"target\":[\"https:\\\/\\\/www.fotillo.com\\\/pl\\\/produkt\\\/mandale-z-kolorowym-tlem-kolaz-pocztowka-10x15cm-model-418\\\/\"]}]},{\"@type\":\"ImageObject\",\"inLanguage\":\"pl-PL\",\"@id\":\"https:\\\/\\\/www.fotillo.com\\\/pl\\\/produkt\\\/mandale-z-kolorowym-tlem-kolaz-pocztowka-10x15cm-model-418\\\/#primaryimage\",\"url\":\"https:\\\/\\\/www.fotillo.com\\\/wp-content\\\/uploads\\\/2022\\\/04\\\/418-3-HHH-146-Mandalas-195.png\",\"contentUrl\":\"https:\\\/\\\/www.fotillo.com\\\/wp-content\\\/uploads\\\/2022\\\/04\\\/418-3-HHH-146-Mandalas-195.png\",\"width\":528,\"height\":528,\"caption\":\"Mandale + kola\u017c + 418 z\u0142oty\"},{\"@type\":\"BreadcrumbList\",\"@id\":\"https:\\\/\\\/www.fotillo.com\\\/pl\\\/produkt\\\/mandale-z-kolorowym-tlem-kolaz-pocztowka-10x15cm-model-418\\\/#breadcrumb\",\"itemListElement\":[{\"@type\":\"ListItem\",\"position\":1,\"name\":\"Home\",\"item\":\"https:\\\/\\\/www.fotillo.com\\\/pl\\\/\"},{\"@type\":\"ListItem\",\"position\":2,\"name\":\"Sklep\",\"item\":\"https:\\\/\\\/www.fotillo.com\\\/pl\\\/sklep\\\/\"},{\"@type\":\"ListItem\",\"position\":3,\"name\":\"Mandale z kolorowym t\u0142em + kola\u017c &#8211; Poczt\u00f3wka 10x15cm model 418\"}]},{\"@type\":\"WebSite\",\"@id\":\"https:\\\/\\\/www.fotillo.com\\\/pl\\\/#website\",\"url\":\"https:\\\/\\\/www.fotillo.com\\\/pl\\\/\",\"name\":\"Fotillo\",\"description\":\"Software for photobooth and postcard kiosk\",\"publisher\":{\"@id\":\"https:\\\/\\\/www.fotillo.com\\\/pl\\\/#organization\"},\"potentialAction\":[{\"@type\":\"SearchAction\",\"target\":{\"@type\":\"EntryPoint\",\"urlTemplate\":\"https:\\\/\\\/www.fotillo.com\\\/pl\\\/?s={search_term_string}\"},\"query-input\":{\"@type\":\"PropertyValueSpecification\",\"valueRequired\":true,\"valueName\":\"search_term_string\"}}],\"inLanguage\":\"pl-PL\"},{\"@type\":\"Organization\",\"@id\":\"https:\\\/\\\/www.fotillo.com\\\/pl\\\/#organization\",\"name\":\"Fotillo\",\"url\":\"https:\\\/\\\/www.fotillo.com\\\/pl\\\/\",\"logo\":{\"@type\":\"ImageObject\",\"inLanguage\":\"pl-PL\",\"@id\":\"https:\\\/\\\/www.fotillo.com\\\/pl\\\/#\\\/schema\\\/logo\\\/image\\\/\",\"url\":\"https:\\\/\\\/www.fotillo.com\\\/wp-content\\\/uploads\\\/2022\\\/05\\\/logo.png\",\"contentUrl\":\"https:\\\/\\\/www.fotillo.com\\\/wp-content\\\/uploads\\\/2022\\\/05\\\/logo.png\",\"width\":796,\"height\":304,\"caption\":\"Fotillo\"},\"image\":{\"@id\":\"https:\\\/\\\/www.fotillo.com\\\/pl\\\/#\\\/schema\\\/logo\\\/image\\\/\"},\"sameAs\":[\"https:\\\/\\\/www.facebook.com\\\/fotillocom\",\"https:\\\/\\\/www.instagram.com\\\/fotillocom\\\/\",\"https:\\\/\\\/www.youtube.com\\\/channel\\\/UCW8kqi4C_EJM6C0SQAt_k9A\"]}]}<\/script>\n<!-- \/ Yoast SEO plugin. -->","yoast_head_json":{"title":"Mandale z kolorowym t\u0142em + kola\u017c - Poczt\u00f3wka 10x15cm model 418","description":"Mandale sprawdz\u0105 przy wielu okazjach. Wejd\u017a na stron\u0119 i wybierz poczt\u00f3wk\u0119 10x15cm, model 418","robots":{"index":"index","follow":"follow","max-snippet":"max-snippet:-1","max-image-preview":"max-image-preview:large","max-video-preview":"max-video-preview:-1"},"canonical":"https:\/\/www.fotillo.com\/pl\/produkt\/mandale-z-kolorowym-tlem-kolaz-pocztowka-10x15cm-model-418\/","og_locale":"pl_PL","og_type":"article","og_title":"Mandale z kolorowym t\u0142em + kola\u017c - Poczt\u00f3wka 10x15cm model 418","og_description":"Mandale sprawdz\u0105 przy wielu okazjach. Wejd\u017a na stron\u0119 i wybierz poczt\u00f3wk\u0119 10x15cm, model 418","og_url":"https:\/\/www.fotillo.com\/pl\/produkt\/mandale-z-kolorowym-tlem-kolaz-pocztowka-10x15cm-model-418\/","og_site_name":"Fotillo","article_publisher":"https:\/\/www.facebook.com\/fotillocom","article_modified_time":"2022-06-04T21:52:51+00:00","og_image":[{"width":528,"height":528,"url":"https:\/\/www.fotillo.com\/wp-content\/uploads\/2022\/04\/418-3-HHH-146-Mandalas-195.png","type":"image\/png"}],"twitter_card":"summary_large_image","schema":{"@context":"https:\/\/schema.org","@graph":[{"@type":"WebPage","@id":"https:\/\/www.fotillo.com\/pl\/produkt\/mandale-z-kolorowym-tlem-kolaz-pocztowka-10x15cm-model-418\/","url":"https:\/\/www.fotillo.com\/pl\/produkt\/mandale-z-kolorowym-tlem-kolaz-pocztowka-10x15cm-model-418\/","name":"Mandale z kolorowym t\u0142em + kola\u017c - Poczt\u00f3wka 10x15cm model 418","isPartOf":{"@id":"https:\/\/www.fotillo.com\/pl\/#website"},"primaryImageOfPage":{"@id":"https:\/\/www.fotillo.com\/pl\/produkt\/mandale-z-kolorowym-tlem-kolaz-pocztowka-10x15cm-model-418\/#primaryimage"},"image":{"@id":"https:\/\/www.fotillo.com\/pl\/produkt\/mandale-z-kolorowym-tlem-kolaz-pocztowka-10x15cm-model-418\/#primaryimage"},"thumbnailUrl":"https:\/\/www.fotillo.com\/wp-content\/uploads\/2022\/04\/418-3-HHH-146-Mandalas-195.png","datePublished":"2022-04-20T08:42:22+00:00","dateModified":"2022-06-04T21:52:51+00:00","description":"Mandale sprawdz\u0105 przy wielu okazjach. Wejd\u017a na stron\u0119 i wybierz poczt\u00f3wk\u0119 10x15cm, model 418","breadcrumb":{"@id":"https:\/\/www.fotillo.com\/pl\/produkt\/mandale-z-kolorowym-tlem-kolaz-pocztowka-10x15cm-model-418\/#breadcrumb"},"inLanguage":"pl-PL","potentialAction":[{"@type":"ReadAction","target":["https:\/\/www.fotillo.com\/pl\/produkt\/mandale-z-kolorowym-tlem-kolaz-pocztowka-10x15cm-model-418\/"]}]},{"@type":"ImageObject","inLanguage":"pl-PL","@id":"https:\/\/www.fotillo.com\/pl\/produkt\/mandale-z-kolorowym-tlem-kolaz-pocztowka-10x15cm-model-418\/#primaryimage","url":"https:\/\/www.fotillo.com\/wp-content\/uploads\/2022\/04\/418-3-HHH-146-Mandalas-195.png","contentUrl":"https:\/\/www.fotillo.com\/wp-content\/uploads\/2022\/04\/418-3-HHH-146-Mandalas-195.png","width":528,"height":528,"caption":"Mandale + kola\u017c + 418 z\u0142oty"},{"@type":"BreadcrumbList","@id":"https:\/\/www.fotillo.com\/pl\/produkt\/mandale-z-kolorowym-tlem-kolaz-pocztowka-10x15cm-model-418\/#breadcrumb","itemListElement":[{"@type":"ListItem","position":1,"name":"Home","item":"https:\/\/www.fotillo.com\/pl\/"},{"@type":"ListItem","position":2,"name":"Sklep","item":"https:\/\/www.fotillo.com\/pl\/sklep\/"},{"@type":"ListItem","position":3,"name":"Mandale z kolorowym t\u0142em + kola\u017c &#8211; Poczt\u00f3wka 10x15cm model 418"}]},{"@type":"WebSite","@id":"https:\/\/www.fotillo.com\/pl\/#website","url":"https:\/\/www.fotillo.com\/pl\/","name":"Fotillo","description":"Software for photobooth and postcard kiosk","publisher":{"@id":"https:\/\/www.fotillo.com\/pl\/#organization"},"potentialAction":[{"@type":"SearchAction","target":{"@type":"EntryPoint","urlTemplate":"https:\/\/www.fotillo.com\/pl\/?s={search_term_string}"},"query-input":{"@type":"PropertyValueSpecification","valueRequired":true,"valueName":"search_term_string"}}],"inLanguage":"pl-PL"},{"@type":"Organization","@id":"https:\/\/www.fotillo.com\/pl\/#organization","name":"Fotillo","url":"https:\/\/www.fotillo.com\/pl\/","logo":{"@type":"ImageObject","inLanguage":"pl-PL","@id":"https:\/\/www.fotillo.com\/pl\/#\/schema\/logo\/image\/","url":"https:\/\/www.fotillo.com\/wp-content\/uploads\/2022\/05\/logo.png","contentUrl":"https:\/\/www.fotillo.com\/wp-content\/uploads\/2022\/05\/logo.png","width":796,"height":304,"caption":"Fotillo"},"image":{"@id":"https:\/\/www.fotillo.com\/pl\/#\/schema\/logo\/image\/"},"sameAs":["https:\/\/www.facebook.com\/fotillocom","https:\/\/www.instagram.com\/fotillocom\/","https:\/\/www.youtube.com\/channel\/UCW8kqi4C_EJM6C0SQAt_k9A"]}]}},"_links":{"self":[{"href":"https:\/\/www.fotillo.com\/pl\/wp-json\/wp\/v2\/product\/494300","targetHints":{"allow":["GET"]}}],"collection":[{"href":"https:\/\/www.fotillo.com\/pl\/wp-json\/wp\/v2\/product"}],"about":[{"href":"https:\/\/www.fotillo.com\/pl\/wp-json\/wp\/v2\/types\/product"}],"version-history":[{"count":0,"href":"https:\/\/www.fotillo.com\/pl\/wp-json\/wp\/v2\/product\/494300\/revisions"}],"wp:featuredmedia":[{"embeddable":true,"href":"https:\/\/www.fotillo.com\/pl\/wp-json\/wp\/v2\/media\/493492"}],"wp:attachment":[{"href":"https:\/\/www.fotillo.com\/pl\/wp-json\/wp\/v2\/media?parent=494300"}],"wp:term":[{"taxonomy":"product_cat","embeddable":true,"href":"https:\/\/www.fotillo.com\/pl\/wp-json\/wp\/v2\/product_cat?post=494300"},{"taxonomy":"product_tag","embeddable":true,"href":"https:\/\/www.fotillo.com\/pl\/wp-json\/wp\/v2\/product_tag?post=494300"}],"curies":[{"name":"wp","href":"https:\/\/api.w.org\/{rel}","templated":true}]}}