{"id":529181,"date":"2022-05-31T00:00:00","date_gmt":"2022-05-30T23:00:00","guid":{"rendered":"https:\/\/www.fotillo.com\/?post_type=product&#038;p=529181"},"modified":"2022-07-21T04:52:45","modified_gmt":"2022-07-21T03:52:45","slug":"dzien-rodzenstwa-z-fioletowym-tlem-balony-i-kwiaty-paski-15x5cm-model-103","status":"publish","type":"product","link":"https:\/\/www.fotillo.com\/pl\/produkt\/dzien-rodzenstwa-z-fioletowym-tlem-balony-i-kwiaty-paski-15x5cm-model-103\/","title":{"rendered":"Dzie\u0144 Rodze\u0144stwa z fioletowym t\u0142em + balony i kwiaty &#8211; Paski 15x5cm model 103"},"content":{"rendered":"<h1>Dzie\u0144 Rodze\u0144stwa zainspirowa\u0142 nas do stworzenia tego szablonu, gdzie s\u0105 balony i kwiaty w tle.<\/h1>\n<p>Przedstawiamy nasz autorski szablon w formie pask\u00f3w pionowych 15x5cm.<\/p>\n<p>Czy dzi\u015b jest Dzie\u0144 Rodze\u0144stwa?  Nasz szablon \u015bwietnie si\u0119 sprawdzi przy tej okazji!<\/p>\n<p>Przedstawia 3 zdj\u0119cia, kt\u00f3re  komponuj\u0105 si\u0119 na fioletowym tle.<\/p>\n<p>Dodatkowo, na drugim planie znajduj\u0105 si\u0119 balony i kwiaty \u2013  dzi\u0119ki czemu szablon jest atrakcyjny i w ciekawy spos\u00f3b wype\u0142nia puste miejsca na wydruku.<\/p>\n<p>Kszta\u0142t 3 zdj\u0119\u0107 jest w formie horyzontalnej, kt\u00f3re dobrze  komponuj\u0105 si\u0119 z ca\u0142ym szablonem, co pomaga u\u017cytkownikom wykona\u0107 udan\u0105 sesj\u0119 zdj\u0119ciow\u0105.<\/p>\n<p>Dodatkowo, program <a href='https:\/\/www.fotillo.com\/pl\/kategoria-produktu\/oprogramowanie\/' target='blank' rel=\"noopener\">Fotillo<\/a> pozwala na umieszczanie spersonalizowanych napis\u00f3w bez konieczno\u015bci u\u017cywania program\u00f3w graficznych.<\/p>\n<p>Szablon mo\u017ce by\u0107 wydrukowany z wyko\u0144czeniem b\u0142yszcz\u0105cym lub matowym i zostanie przeci\u0119ty na dwa paski, je\u015bli Twoja drukarka wsp\u00f3\u0142pracuje z programem Fotillo.<\/p>\n<p>Do szablonu mo\u017cesz doda\u0107 logotyp klienta lub zmieni\u0107 ca\u0142kowicie t\u0142o edytuj\u0105c plik Frame.png.<\/p>\n<p>Wykonane zdj\u0119cie ma rozdzielczo\u015b\u0107 1280&#215;1920 i mo\u017cna je swobodnie wys\u0142a\u0107 na e-mail.<\/p>\n<p>Etykiety wykorzystuj\u0105 czcionk\u0119 Roboto Slab-Bold, maj\u0105 kolor fioletowy i otoczone s\u0105 kontrastowym t\u0142em.<\/p>\n","protected":false},"excerpt":{"rendered":"<p>\u201cRodze\u0144stwo to przyjaciel dany przez natur\u0119.\u201d\u2013 Jean Baptiste Legouv\u00e9.<br \/>\nDzi\u015b Dzie\u0144 Rodze\u0144stwa! Pochwalcie si\u0119 swoim rodze\u0144stwem!<\/p>\n","protected":false},"featured_media":526631,"template":"","meta":[],"product_cat":[15,2171,2180],"product_tag":[2425,2417],"class_list":{"0":"post-529181","1":"product","2":"type-product","3":"status-publish","4":"has-post-thumbnail","6":"product_cat-szablony","7":"product_cat-5x15cm-paski-pionowe","8":"product_cat-103-pl","9":"product_tag-balony","10":"product_tag-kwiaty","11":"pa_main-color-fioletowy","12":"pa_themes-wyjatkowy-dzien","14":"first","15":"instock","16":"sold-individually","17":"taxable","18":"shipping-taxable","19":"purchasable","20":"product-type-variable","21":"has-default-attributes","22":"col-xs-6 col-sm-4","23":"col-md-3 col-lg-3","24":"un-4-cols"},"yoast_head":"<!-- This site is optimized with the Yoast SEO plugin v27.3 - https:\/\/yoast.com\/product\/yoast-seo-wordpress\/ -->\n<title>Dzie\u0144 Rodze\u0144stwa z fioletowym t\u0142em + balony i kwiaty - Paski 15x5cm model 103<\/title>\n<meta name=\"description\" content=\"Czy dzi\u015b jest Dzie\u0144 Rodze\u0144stwa? Wejd\u017a na stron\u0119 i wybierz paski 15x5cm, model 103\" \/>\n<meta name=\"robots\" content=\"index, follow, max-snippet:-1, max-image-preview:large, max-video-preview:-1\" \/>\n<link rel=\"canonical\" href=\"https:\/\/www.fotillo.com\/pl\/produkt\/dzien-rodzenstwa-z-fioletowym-tlem-balony-i-kwiaty-paski-15x5cm-model-103\/\" \/>\n<meta property=\"og:locale\" content=\"pl_PL\" \/>\n<meta property=\"og:type\" content=\"article\" \/>\n<meta property=\"og:title\" content=\"Dzie\u0144 Rodze\u0144stwa z fioletowym t\u0142em + balony i kwiaty - Paski 15x5cm model 103\" \/>\n<meta property=\"og:description\" content=\"Czy dzi\u015b jest Dzie\u0144 Rodze\u0144stwa? Wejd\u017a na stron\u0119 i wybierz paski 15x5cm, model 103\" \/>\n<meta property=\"og:url\" content=\"https:\/\/www.fotillo.com\/pl\/produkt\/dzien-rodzenstwa-z-fioletowym-tlem-balony-i-kwiaty-paski-15x5cm-model-103\/\" \/>\n<meta property=\"og:site_name\" content=\"Fotillo\" \/>\n<meta property=\"article:publisher\" content=\"https:\/\/www.facebook.com\/fotillocom\" \/>\n<meta property=\"article:modified_time\" content=\"2022-07-21T03:52:45+00:00\" \/>\n<meta property=\"og:image\" content=\"https:\/\/www.fotillo.com\/wp-content\/uploads\/2022\/05\/103-3-HHH-BR-Siblings_Day-108.png\" \/>\n\t<meta property=\"og:image:width\" content=\"528\" \/>\n\t<meta property=\"og:image:height\" content=\"528\" \/>\n\t<meta property=\"og:image:type\" content=\"image\/png\" \/>\n<meta name=\"twitter:card\" content=\"summary_large_image\" \/>\n<script type=\"application\/ld+json\" class=\"yoast-schema-graph\">{\"@context\":\"https:\\\/\\\/schema.org\",\"@graph\":[{\"@type\":\"WebPage\",\"@id\":\"https:\\\/\\\/www.fotillo.com\\\/pl\\\/produkt\\\/dzien-rodzenstwa-z-fioletowym-tlem-balony-i-kwiaty-paski-15x5cm-model-103\\\/\",\"url\":\"https:\\\/\\\/www.fotillo.com\\\/pl\\\/produkt\\\/dzien-rodzenstwa-z-fioletowym-tlem-balony-i-kwiaty-paski-15x5cm-model-103\\\/\",\"name\":\"Dzie\u0144 Rodze\u0144stwa z fioletowym t\u0142em + balony i kwiaty - Paski 15x5cm model 103\",\"isPartOf\":{\"@id\":\"https:\\\/\\\/www.fotillo.com\\\/pl\\\/#website\"},\"primaryImageOfPage\":{\"@id\":\"https:\\\/\\\/www.fotillo.com\\\/pl\\\/produkt\\\/dzien-rodzenstwa-z-fioletowym-tlem-balony-i-kwiaty-paski-15x5cm-model-103\\\/#primaryimage\"},\"image\":{\"@id\":\"https:\\\/\\\/www.fotillo.com\\\/pl\\\/produkt\\\/dzien-rodzenstwa-z-fioletowym-tlem-balony-i-kwiaty-paski-15x5cm-model-103\\\/#primaryimage\"},\"thumbnailUrl\":\"https:\\\/\\\/www.fotillo.com\\\/wp-content\\\/uploads\\\/2022\\\/05\\\/103-3-HHH-BR-Siblings_Day-108.png\",\"datePublished\":\"2022-05-30T23:00:00+00:00\",\"dateModified\":\"2022-07-21T03:52:45+00:00\",\"description\":\"Czy dzi\u015b jest Dzie\u0144 Rodze\u0144stwa? Wejd\u017a na stron\u0119 i wybierz paski 15x5cm, model 103\",\"breadcrumb\":{\"@id\":\"https:\\\/\\\/www.fotillo.com\\\/pl\\\/produkt\\\/dzien-rodzenstwa-z-fioletowym-tlem-balony-i-kwiaty-paski-15x5cm-model-103\\\/#breadcrumb\"},\"inLanguage\":\"pl-PL\",\"potentialAction\":[{\"@type\":\"ReadAction\",\"target\":[\"https:\\\/\\\/www.fotillo.com\\\/pl\\\/produkt\\\/dzien-rodzenstwa-z-fioletowym-tlem-balony-i-kwiaty-paski-15x5cm-model-103\\\/\"]}]},{\"@type\":\"ImageObject\",\"inLanguage\":\"pl-PL\",\"@id\":\"https:\\\/\\\/www.fotillo.com\\\/pl\\\/produkt\\\/dzien-rodzenstwa-z-fioletowym-tlem-balony-i-kwiaty-paski-15x5cm-model-103\\\/#primaryimage\",\"url\":\"https:\\\/\\\/www.fotillo.com\\\/wp-content\\\/uploads\\\/2022\\\/05\\\/103-3-HHH-BR-Siblings_Day-108.png\",\"contentUrl\":\"https:\\\/\\\/www.fotillo.com\\\/wp-content\\\/uploads\\\/2022\\\/05\\\/103-3-HHH-BR-Siblings_Day-108.png\",\"width\":528,\"height\":528},{\"@type\":\"BreadcrumbList\",\"@id\":\"https:\\\/\\\/www.fotillo.com\\\/pl\\\/produkt\\\/dzien-rodzenstwa-z-fioletowym-tlem-balony-i-kwiaty-paski-15x5cm-model-103\\\/#breadcrumb\",\"itemListElement\":[{\"@type\":\"ListItem\",\"position\":1,\"name\":\"Home\",\"item\":\"https:\\\/\\\/www.fotillo.com\\\/pl\\\/\"},{\"@type\":\"ListItem\",\"position\":2,\"name\":\"Sklep\",\"item\":\"https:\\\/\\\/www.fotillo.com\\\/pl\\\/sklep\\\/\"},{\"@type\":\"ListItem\",\"position\":3,\"name\":\"Dzie\u0144 Rodze\u0144stwa z fioletowym t\u0142em + balony i kwiaty &#8211; Paski 15x5cm model 103\"}]},{\"@type\":\"WebSite\",\"@id\":\"https:\\\/\\\/www.fotillo.com\\\/pl\\\/#website\",\"url\":\"https:\\\/\\\/www.fotillo.com\\\/pl\\\/\",\"name\":\"Fotillo\",\"description\":\"Software for photobooth and postcard kiosk\",\"publisher\":{\"@id\":\"https:\\\/\\\/www.fotillo.com\\\/pl\\\/#organization\"},\"potentialAction\":[{\"@type\":\"SearchAction\",\"target\":{\"@type\":\"EntryPoint\",\"urlTemplate\":\"https:\\\/\\\/www.fotillo.com\\\/pl\\\/?s={search_term_string}\"},\"query-input\":{\"@type\":\"PropertyValueSpecification\",\"valueRequired\":true,\"valueName\":\"search_term_string\"}}],\"inLanguage\":\"pl-PL\"},{\"@type\":\"Organization\",\"@id\":\"https:\\\/\\\/www.fotillo.com\\\/pl\\\/#organization\",\"name\":\"Fotillo\",\"url\":\"https:\\\/\\\/www.fotillo.com\\\/pl\\\/\",\"logo\":{\"@type\":\"ImageObject\",\"inLanguage\":\"pl-PL\",\"@id\":\"https:\\\/\\\/www.fotillo.com\\\/pl\\\/#\\\/schema\\\/logo\\\/image\\\/\",\"url\":\"https:\\\/\\\/www.fotillo.com\\\/wp-content\\\/uploads\\\/2022\\\/05\\\/logo.png\",\"contentUrl\":\"https:\\\/\\\/www.fotillo.com\\\/wp-content\\\/uploads\\\/2022\\\/05\\\/logo.png\",\"width\":796,\"height\":304,\"caption\":\"Fotillo\"},\"image\":{\"@id\":\"https:\\\/\\\/www.fotillo.com\\\/pl\\\/#\\\/schema\\\/logo\\\/image\\\/\"},\"sameAs\":[\"https:\\\/\\\/www.facebook.com\\\/fotillocom\",\"https:\\\/\\\/www.instagram.com\\\/fotillocom\\\/\",\"https:\\\/\\\/www.youtube.com\\\/channel\\\/UCW8kqi4C_EJM6C0SQAt_k9A\"]}]}<\/script>\n<!-- \/ Yoast SEO plugin. -->","yoast_head_json":{"title":"Dzie\u0144 Rodze\u0144stwa z fioletowym t\u0142em + balony i kwiaty - Paski 15x5cm model 103","description":"Czy dzi\u015b jest Dzie\u0144 Rodze\u0144stwa? Wejd\u017a na stron\u0119 i wybierz paski 15x5cm, model 103","robots":{"index":"index","follow":"follow","max-snippet":"max-snippet:-1","max-image-preview":"max-image-preview:large","max-video-preview":"max-video-preview:-1"},"canonical":"https:\/\/www.fotillo.com\/pl\/produkt\/dzien-rodzenstwa-z-fioletowym-tlem-balony-i-kwiaty-paski-15x5cm-model-103\/","og_locale":"pl_PL","og_type":"article","og_title":"Dzie\u0144 Rodze\u0144stwa z fioletowym t\u0142em + balony i kwiaty - Paski 15x5cm model 103","og_description":"Czy dzi\u015b jest Dzie\u0144 Rodze\u0144stwa? Wejd\u017a na stron\u0119 i wybierz paski 15x5cm, model 103","og_url":"https:\/\/www.fotillo.com\/pl\/produkt\/dzien-rodzenstwa-z-fioletowym-tlem-balony-i-kwiaty-paski-15x5cm-model-103\/","og_site_name":"Fotillo","article_publisher":"https:\/\/www.facebook.com\/fotillocom","article_modified_time":"2022-07-21T03:52:45+00:00","og_image":[{"width":528,"height":528,"url":"https:\/\/www.fotillo.com\/wp-content\/uploads\/2022\/05\/103-3-HHH-BR-Siblings_Day-108.png","type":"image\/png"}],"twitter_card":"summary_large_image","schema":{"@context":"https:\/\/schema.org","@graph":[{"@type":"WebPage","@id":"https:\/\/www.fotillo.com\/pl\/produkt\/dzien-rodzenstwa-z-fioletowym-tlem-balony-i-kwiaty-paski-15x5cm-model-103\/","url":"https:\/\/www.fotillo.com\/pl\/produkt\/dzien-rodzenstwa-z-fioletowym-tlem-balony-i-kwiaty-paski-15x5cm-model-103\/","name":"Dzie\u0144 Rodze\u0144stwa z fioletowym t\u0142em + balony i kwiaty - Paski 15x5cm model 103","isPartOf":{"@id":"https:\/\/www.fotillo.com\/pl\/#website"},"primaryImageOfPage":{"@id":"https:\/\/www.fotillo.com\/pl\/produkt\/dzien-rodzenstwa-z-fioletowym-tlem-balony-i-kwiaty-paski-15x5cm-model-103\/#primaryimage"},"image":{"@id":"https:\/\/www.fotillo.com\/pl\/produkt\/dzien-rodzenstwa-z-fioletowym-tlem-balony-i-kwiaty-paski-15x5cm-model-103\/#primaryimage"},"thumbnailUrl":"https:\/\/www.fotillo.com\/wp-content\/uploads\/2022\/05\/103-3-HHH-BR-Siblings_Day-108.png","datePublished":"2022-05-30T23:00:00+00:00","dateModified":"2022-07-21T03:52:45+00:00","description":"Czy dzi\u015b jest Dzie\u0144 Rodze\u0144stwa? Wejd\u017a na stron\u0119 i wybierz paski 15x5cm, model 103","breadcrumb":{"@id":"https:\/\/www.fotillo.com\/pl\/produkt\/dzien-rodzenstwa-z-fioletowym-tlem-balony-i-kwiaty-paski-15x5cm-model-103\/#breadcrumb"},"inLanguage":"pl-PL","potentialAction":[{"@type":"ReadAction","target":["https:\/\/www.fotillo.com\/pl\/produkt\/dzien-rodzenstwa-z-fioletowym-tlem-balony-i-kwiaty-paski-15x5cm-model-103\/"]}]},{"@type":"ImageObject","inLanguage":"pl-PL","@id":"https:\/\/www.fotillo.com\/pl\/produkt\/dzien-rodzenstwa-z-fioletowym-tlem-balony-i-kwiaty-paski-15x5cm-model-103\/#primaryimage","url":"https:\/\/www.fotillo.com\/wp-content\/uploads\/2022\/05\/103-3-HHH-BR-Siblings_Day-108.png","contentUrl":"https:\/\/www.fotillo.com\/wp-content\/uploads\/2022\/05\/103-3-HHH-BR-Siblings_Day-108.png","width":528,"height":528},{"@type":"BreadcrumbList","@id":"https:\/\/www.fotillo.com\/pl\/produkt\/dzien-rodzenstwa-z-fioletowym-tlem-balony-i-kwiaty-paski-15x5cm-model-103\/#breadcrumb","itemListElement":[{"@type":"ListItem","position":1,"name":"Home","item":"https:\/\/www.fotillo.com\/pl\/"},{"@type":"ListItem","position":2,"name":"Sklep","item":"https:\/\/www.fotillo.com\/pl\/sklep\/"},{"@type":"ListItem","position":3,"name":"Dzie\u0144 Rodze\u0144stwa z fioletowym t\u0142em + balony i kwiaty &#8211; Paski 15x5cm model 103"}]},{"@type":"WebSite","@id":"https:\/\/www.fotillo.com\/pl\/#website","url":"https:\/\/www.fotillo.com\/pl\/","name":"Fotillo","description":"Software for photobooth and postcard kiosk","publisher":{"@id":"https:\/\/www.fotillo.com\/pl\/#organization"},"potentialAction":[{"@type":"SearchAction","target":{"@type":"EntryPoint","urlTemplate":"https:\/\/www.fotillo.com\/pl\/?s={search_term_string}"},"query-input":{"@type":"PropertyValueSpecification","valueRequired":true,"valueName":"search_term_string"}}],"inLanguage":"pl-PL"},{"@type":"Organization","@id":"https:\/\/www.fotillo.com\/pl\/#organization","name":"Fotillo","url":"https:\/\/www.fotillo.com\/pl\/","logo":{"@type":"ImageObject","inLanguage":"pl-PL","@id":"https:\/\/www.fotillo.com\/pl\/#\/schema\/logo\/image\/","url":"https:\/\/www.fotillo.com\/wp-content\/uploads\/2022\/05\/logo.png","contentUrl":"https:\/\/www.fotillo.com\/wp-content\/uploads\/2022\/05\/logo.png","width":796,"height":304,"caption":"Fotillo"},"image":{"@id":"https:\/\/www.fotillo.com\/pl\/#\/schema\/logo\/image\/"},"sameAs":["https:\/\/www.facebook.com\/fotillocom","https:\/\/www.instagram.com\/fotillocom\/","https:\/\/www.youtube.com\/channel\/UCW8kqi4C_EJM6C0SQAt_k9A"]}]}},"_links":{"self":[{"href":"https:\/\/www.fotillo.com\/pl\/wp-json\/wp\/v2\/product\/529181","targetHints":{"allow":["GET"]}}],"collection":[{"href":"https:\/\/www.fotillo.com\/pl\/wp-json\/wp\/v2\/product"}],"about":[{"href":"https:\/\/www.fotillo.com\/pl\/wp-json\/wp\/v2\/types\/product"}],"version-history":[{"count":0,"href":"https:\/\/www.fotillo.com\/pl\/wp-json\/wp\/v2\/product\/529181\/revisions"}],"wp:featuredmedia":[{"embeddable":true,"href":"https:\/\/www.fotillo.com\/pl\/wp-json\/wp\/v2\/media\/526631"}],"wp:attachment":[{"href":"https:\/\/www.fotillo.com\/pl\/wp-json\/wp\/v2\/media?parent=529181"}],"wp:term":[{"taxonomy":"product_cat","embeddable":true,"href":"https:\/\/www.fotillo.com\/pl\/wp-json\/wp\/v2\/product_cat?post=529181"},{"taxonomy":"product_tag","embeddable":true,"href":"https:\/\/www.fotillo.com\/pl\/wp-json\/wp\/v2\/product_tag?post=529181"}],"curies":[{"name":"wp","href":"https:\/\/api.w.org\/{rel}","templated":true}]}}