{"id":574084,"date":"2022-05-29T23:48:51","date_gmt":"2022-05-29T22:48:51","guid":{"rendered":"https:\/\/www.fotillo.com\/product\/styl-rustykalny-z-brazowym-tlem-deski-pocztowka-10x15cm-model-405\/"},"modified":"2022-07-21T07:52:44","modified_gmt":"2022-07-21T06:52:44","slug":"styl-rustykalny-z-brazowym-tlem-deski-pocztowka-10x15cm-model-405","status":"publish","type":"product","link":"https:\/\/www.fotillo.com\/pl\/produkt\/styl-rustykalny-z-brazowym-tlem-deski-pocztowka-10x15cm-model-405\/","title":{"rendered":"Styl rustykalny z br\u0105zowym t\u0142em + deski &#8211; Poczt\u00f3wka 10x15cm model 405"},"content":{"rendered":"<h1>Styl rustykalny zainspirowa\u0142 nas do stworzenia tego szablonu, gdzie s\u0105 deski w tle.<\/h1>\n<p>Przedstawiamy nasz autorski szablon w formie poczt\u00f3wki poziomej 10x15cm.<\/p>\n<p>Czy organizujesz przyj\u0119cie w stylu rustykalnym?  Nasz szablon \u015bwietnie si\u0119 sprawdzi przy tej okazji!<\/p>\n<p>Przedstawia 1 zdj\u0119cie, kt\u00f3re  komponuje si\u0119 na br\u0105zowym tle.<\/p>\n<p>Dodatkowo, na drugim planie znajduj\u0105 si\u0119 deski \u2013  dzi\u0119ki czemu szablon jest atrakcyjny i w ciekawy spos\u00f3b wype\u0142nia puste miejsca na wydruku.<\/p>\n<p>Kszta\u0142t 1 zdj\u0119cia jest w formie horyzontalnej, kt\u00f3re dobrze  komponuje si\u0119 z ca\u0142ym szablonem, co pomaga u\u017cytkownikom wykona\u0107 udan\u0105 sesj\u0119 zdj\u0119ciow\u0105.<\/p>\n<p>Dodatkowo, program <a href='https:\/\/www.fotillo.com\/pl\/kategoria-produktu\/oprogramowanie\/' target='blank' rel=\"noopener\">Fotillo<\/a> pozwala na umieszczanie spersonalizowanych napis\u00f3w bez konieczno\u015bci u\u017cywania program\u00f3w graficznych.<\/p>\n<p>Szablon mo\u017ce by\u0107 wydrukowany z wyko\u0144czeniem b\u0142yszcz\u0105cym lub matowym, je\u015bli Twoja drukarka wsp\u00f3\u0142pracuje z programem Fotillo.<\/p>\n<p>Do szablonu mo\u017cesz doda\u0107 logotyp klienta lub zmieni\u0107 ca\u0142kowicie t\u0142o edytuj\u0105c plik Frame.png.<\/p>\n<p>Wykonane zdj\u0119cie ma rozdzielczo\u015b\u0107 1920&#215;1280 i mo\u017cna je swobodnie wys\u0142a\u0107 na e-mail.<\/p>\n<p>Etykiety wykorzystuj\u0105 czcionk\u0119 Roboto Slab-Bold, maj\u0105 kolor br\u0105zowy i otoczone s\u0105 kontrastowym t\u0142em.<\/p>\n","protected":false},"excerpt":{"rendered":"<p>Je\u015bli przygotowujesz si\u0119 do przyj\u0119cia w ogrodzie, na tarasie lub w domu, si\u0119gaj\u0105c po niepowtarzalne dekoracje rustykalne, kt\u00f3re s\u0105 bliskie natury, to \u015bwietnie. Znajdziesz tu wiele szablon\u00f3w do fotobudki, kt\u00f3re przydadz\u0105 si\u0119 podczas urodzinowego przyj\u0119cia czy wesela.<\/p>\n","protected":false},"featured_media":574086,"template":"","meta":[],"product_cat":[15,2174,2220],"product_tag":[2613],"class_list":{"0":"post-574084","1":"product","2":"type-product","3":"status-publish","4":"has-post-thumbnail","6":"product_cat-szablony","7":"product_cat-10x15cm-pocztowka-pozioma","8":"product_cat-405-pl","9":"product_tag-deski","10":"pa_main-color-brazowy","11":"pa_themes-uniwersalne","13":"first","14":"instock","15":"sold-individually","16":"taxable","17":"shipping-taxable","18":"purchasable","19":"product-type-variable","20":"has-default-attributes","21":"col-xs-6 col-sm-4","22":"col-md-3 col-lg-3","23":"un-4-cols"},"yoast_head":"<!-- This site is optimized with the Yoast SEO plugin v27.3 - https:\/\/yoast.com\/product\/yoast-seo-wordpress\/ -->\n<title>Styl rustykalny z br\u0105zowym t\u0142em + deski - Poczt\u00f3wka 10x15cm model 405<\/title>\n<meta name=\"description\" content=\"Czy organizujesz przyj\u0119cie w stylu rustykalnym? Wejd\u017a na stron\u0119 i wybierz poczt\u00f3wk\u0119 10x15cm, model 405. Sprawd\u017a r\u00f3wnie\u017c nasze pozosta\u0142e szablony.\" \/>\n<meta name=\"robots\" content=\"index, follow, max-snippet:-1, max-image-preview:large, max-video-preview:-1\" \/>\n<link rel=\"canonical\" href=\"https:\/\/www.fotillo.com\/pl\/produkt\/styl-rustykalny-z-brazowym-tlem-deski-pocztowka-10x15cm-model-405\/\" \/>\n<meta property=\"og:locale\" content=\"pl_PL\" \/>\n<meta property=\"og:type\" content=\"article\" \/>\n<meta property=\"og:title\" content=\"Styl rustykalny z br\u0105zowym t\u0142em + deski - Poczt\u00f3wka 10x15cm model 405\" \/>\n<meta property=\"og:description\" content=\"Czy organizujesz przyj\u0119cie w stylu rustykalnym? Wejd\u017a na stron\u0119 i wybierz poczt\u00f3wk\u0119 10x15cm, model 405. Sprawd\u017a r\u00f3wnie\u017c nasze pozosta\u0142e szablony.\" \/>\n<meta property=\"og:url\" content=\"https:\/\/www.fotillo.com\/pl\/produkt\/styl-rustykalny-z-brazowym-tlem-deski-pocztowka-10x15cm-model-405\/\" \/>\n<meta property=\"og:site_name\" content=\"Fotillo\" \/>\n<meta property=\"article:publisher\" content=\"https:\/\/www.facebook.com\/fotillocom\" \/>\n<meta property=\"article:modified_time\" content=\"2022-07-21T06:52:44+00:00\" \/>\n<meta property=\"og:image\" content=\"https:\/\/www.fotillo.com\/wp-content\/uploads\/2022\/05\/405-1-H-146-Rustic_Style-050.png\" \/>\n\t<meta property=\"og:image:width\" content=\"528\" \/>\n\t<meta property=\"og:image:height\" content=\"528\" \/>\n\t<meta property=\"og:image:type\" content=\"image\/png\" \/>\n<meta name=\"twitter:card\" content=\"summary_large_image\" \/>\n<script type=\"application\/ld+json\" class=\"yoast-schema-graph\">{\"@context\":\"https:\\\/\\\/schema.org\",\"@graph\":[{\"@type\":\"WebPage\",\"@id\":\"https:\\\/\\\/www.fotillo.com\\\/pl\\\/produkt\\\/styl-rustykalny-z-brazowym-tlem-deski-pocztowka-10x15cm-model-405\\\/\",\"url\":\"https:\\\/\\\/www.fotillo.com\\\/pl\\\/produkt\\\/styl-rustykalny-z-brazowym-tlem-deski-pocztowka-10x15cm-model-405\\\/\",\"name\":\"Styl rustykalny z br\u0105zowym t\u0142em + deski - Poczt\u00f3wka 10x15cm model 405\",\"isPartOf\":{\"@id\":\"https:\\\/\\\/www.fotillo.com\\\/pl\\\/#website\"},\"primaryImageOfPage\":{\"@id\":\"https:\\\/\\\/www.fotillo.com\\\/pl\\\/produkt\\\/styl-rustykalny-z-brazowym-tlem-deski-pocztowka-10x15cm-model-405\\\/#primaryimage\"},\"image\":{\"@id\":\"https:\\\/\\\/www.fotillo.com\\\/pl\\\/produkt\\\/styl-rustykalny-z-brazowym-tlem-deski-pocztowka-10x15cm-model-405\\\/#primaryimage\"},\"thumbnailUrl\":\"https:\\\/\\\/www.fotillo.com\\\/wp-content\\\/uploads\\\/2022\\\/05\\\/405-1-H-146-Rustic_Style-050.png\",\"datePublished\":\"2022-05-29T22:48:51+00:00\",\"dateModified\":\"2022-07-21T06:52:44+00:00\",\"description\":\"Czy organizujesz przyj\u0119cie w stylu rustykalnym? Wejd\u017a na stron\u0119 i wybierz poczt\u00f3wk\u0119 10x15cm, model 405. Sprawd\u017a r\u00f3wnie\u017c nasze pozosta\u0142e szablony.\",\"breadcrumb\":{\"@id\":\"https:\\\/\\\/www.fotillo.com\\\/pl\\\/produkt\\\/styl-rustykalny-z-brazowym-tlem-deski-pocztowka-10x15cm-model-405\\\/#breadcrumb\"},\"inLanguage\":\"pl-PL\",\"potentialAction\":[{\"@type\":\"ReadAction\",\"target\":[\"https:\\\/\\\/www.fotillo.com\\\/pl\\\/produkt\\\/styl-rustykalny-z-brazowym-tlem-deski-pocztowka-10x15cm-model-405\\\/\"]}]},{\"@type\":\"ImageObject\",\"inLanguage\":\"pl-PL\",\"@id\":\"https:\\\/\\\/www.fotillo.com\\\/pl\\\/produkt\\\/styl-rustykalny-z-brazowym-tlem-deski-pocztowka-10x15cm-model-405\\\/#primaryimage\",\"url\":\"https:\\\/\\\/www.fotillo.com\\\/wp-content\\\/uploads\\\/2022\\\/05\\\/405-1-H-146-Rustic_Style-050.png\",\"contentUrl\":\"https:\\\/\\\/www.fotillo.com\\\/wp-content\\\/uploads\\\/2022\\\/05\\\/405-1-H-146-Rustic_Style-050.png\",\"width\":528,\"height\":528},{\"@type\":\"BreadcrumbList\",\"@id\":\"https:\\\/\\\/www.fotillo.com\\\/pl\\\/produkt\\\/styl-rustykalny-z-brazowym-tlem-deski-pocztowka-10x15cm-model-405\\\/#breadcrumb\",\"itemListElement\":[{\"@type\":\"ListItem\",\"position\":1,\"name\":\"Home\",\"item\":\"https:\\\/\\\/www.fotillo.com\\\/pl\\\/\"},{\"@type\":\"ListItem\",\"position\":2,\"name\":\"Sklep\",\"item\":\"https:\\\/\\\/www.fotillo.com\\\/pl\\\/sklep\\\/\"},{\"@type\":\"ListItem\",\"position\":3,\"name\":\"Styl rustykalny z br\u0105zowym t\u0142em + deski &#8211; Poczt\u00f3wka 10x15cm model 405\"}]},{\"@type\":\"WebSite\",\"@id\":\"https:\\\/\\\/www.fotillo.com\\\/pl\\\/#website\",\"url\":\"https:\\\/\\\/www.fotillo.com\\\/pl\\\/\",\"name\":\"Fotillo\",\"description\":\"Software for photobooth and postcard kiosk\",\"publisher\":{\"@id\":\"https:\\\/\\\/www.fotillo.com\\\/pl\\\/#organization\"},\"potentialAction\":[{\"@type\":\"SearchAction\",\"target\":{\"@type\":\"EntryPoint\",\"urlTemplate\":\"https:\\\/\\\/www.fotillo.com\\\/pl\\\/?s={search_term_string}\"},\"query-input\":{\"@type\":\"PropertyValueSpecification\",\"valueRequired\":true,\"valueName\":\"search_term_string\"}}],\"inLanguage\":\"pl-PL\"},{\"@type\":\"Organization\",\"@id\":\"https:\\\/\\\/www.fotillo.com\\\/pl\\\/#organization\",\"name\":\"Fotillo\",\"url\":\"https:\\\/\\\/www.fotillo.com\\\/pl\\\/\",\"logo\":{\"@type\":\"ImageObject\",\"inLanguage\":\"pl-PL\",\"@id\":\"https:\\\/\\\/www.fotillo.com\\\/pl\\\/#\\\/schema\\\/logo\\\/image\\\/\",\"url\":\"https:\\\/\\\/www.fotillo.com\\\/wp-content\\\/uploads\\\/2022\\\/05\\\/logo.png\",\"contentUrl\":\"https:\\\/\\\/www.fotillo.com\\\/wp-content\\\/uploads\\\/2022\\\/05\\\/logo.png\",\"width\":796,\"height\":304,\"caption\":\"Fotillo\"},\"image\":{\"@id\":\"https:\\\/\\\/www.fotillo.com\\\/pl\\\/#\\\/schema\\\/logo\\\/image\\\/\"},\"sameAs\":[\"https:\\\/\\\/www.facebook.com\\\/fotillocom\",\"https:\\\/\\\/www.instagram.com\\\/fotillocom\\\/\",\"https:\\\/\\\/www.youtube.com\\\/channel\\\/UCW8kqi4C_EJM6C0SQAt_k9A\"]}]}<\/script>\n<!-- \/ Yoast SEO plugin. -->","yoast_head_json":{"title":"Styl rustykalny z br\u0105zowym t\u0142em + deski - Poczt\u00f3wka 10x15cm model 405","description":"Czy organizujesz przyj\u0119cie w stylu rustykalnym? Wejd\u017a na stron\u0119 i wybierz poczt\u00f3wk\u0119 10x15cm, model 405. Sprawd\u017a r\u00f3wnie\u017c nasze pozosta\u0142e szablony.","robots":{"index":"index","follow":"follow","max-snippet":"max-snippet:-1","max-image-preview":"max-image-preview:large","max-video-preview":"max-video-preview:-1"},"canonical":"https:\/\/www.fotillo.com\/pl\/produkt\/styl-rustykalny-z-brazowym-tlem-deski-pocztowka-10x15cm-model-405\/","og_locale":"pl_PL","og_type":"article","og_title":"Styl rustykalny z br\u0105zowym t\u0142em + deski - Poczt\u00f3wka 10x15cm model 405","og_description":"Czy organizujesz przyj\u0119cie w stylu rustykalnym? Wejd\u017a na stron\u0119 i wybierz poczt\u00f3wk\u0119 10x15cm, model 405. Sprawd\u017a r\u00f3wnie\u017c nasze pozosta\u0142e szablony.","og_url":"https:\/\/www.fotillo.com\/pl\/produkt\/styl-rustykalny-z-brazowym-tlem-deski-pocztowka-10x15cm-model-405\/","og_site_name":"Fotillo","article_publisher":"https:\/\/www.facebook.com\/fotillocom","article_modified_time":"2022-07-21T06:52:44+00:00","og_image":[{"width":528,"height":528,"url":"https:\/\/www.fotillo.com\/wp-content\/uploads\/2022\/05\/405-1-H-146-Rustic_Style-050.png","type":"image\/png"}],"twitter_card":"summary_large_image","schema":{"@context":"https:\/\/schema.org","@graph":[{"@type":"WebPage","@id":"https:\/\/www.fotillo.com\/pl\/produkt\/styl-rustykalny-z-brazowym-tlem-deski-pocztowka-10x15cm-model-405\/","url":"https:\/\/www.fotillo.com\/pl\/produkt\/styl-rustykalny-z-brazowym-tlem-deski-pocztowka-10x15cm-model-405\/","name":"Styl rustykalny z br\u0105zowym t\u0142em + deski - Poczt\u00f3wka 10x15cm model 405","isPartOf":{"@id":"https:\/\/www.fotillo.com\/pl\/#website"},"primaryImageOfPage":{"@id":"https:\/\/www.fotillo.com\/pl\/produkt\/styl-rustykalny-z-brazowym-tlem-deski-pocztowka-10x15cm-model-405\/#primaryimage"},"image":{"@id":"https:\/\/www.fotillo.com\/pl\/produkt\/styl-rustykalny-z-brazowym-tlem-deski-pocztowka-10x15cm-model-405\/#primaryimage"},"thumbnailUrl":"https:\/\/www.fotillo.com\/wp-content\/uploads\/2022\/05\/405-1-H-146-Rustic_Style-050.png","datePublished":"2022-05-29T22:48:51+00:00","dateModified":"2022-07-21T06:52:44+00:00","description":"Czy organizujesz przyj\u0119cie w stylu rustykalnym? Wejd\u017a na stron\u0119 i wybierz poczt\u00f3wk\u0119 10x15cm, model 405. Sprawd\u017a r\u00f3wnie\u017c nasze pozosta\u0142e szablony.","breadcrumb":{"@id":"https:\/\/www.fotillo.com\/pl\/produkt\/styl-rustykalny-z-brazowym-tlem-deski-pocztowka-10x15cm-model-405\/#breadcrumb"},"inLanguage":"pl-PL","potentialAction":[{"@type":"ReadAction","target":["https:\/\/www.fotillo.com\/pl\/produkt\/styl-rustykalny-z-brazowym-tlem-deski-pocztowka-10x15cm-model-405\/"]}]},{"@type":"ImageObject","inLanguage":"pl-PL","@id":"https:\/\/www.fotillo.com\/pl\/produkt\/styl-rustykalny-z-brazowym-tlem-deski-pocztowka-10x15cm-model-405\/#primaryimage","url":"https:\/\/www.fotillo.com\/wp-content\/uploads\/2022\/05\/405-1-H-146-Rustic_Style-050.png","contentUrl":"https:\/\/www.fotillo.com\/wp-content\/uploads\/2022\/05\/405-1-H-146-Rustic_Style-050.png","width":528,"height":528},{"@type":"BreadcrumbList","@id":"https:\/\/www.fotillo.com\/pl\/produkt\/styl-rustykalny-z-brazowym-tlem-deski-pocztowka-10x15cm-model-405\/#breadcrumb","itemListElement":[{"@type":"ListItem","position":1,"name":"Home","item":"https:\/\/www.fotillo.com\/pl\/"},{"@type":"ListItem","position":2,"name":"Sklep","item":"https:\/\/www.fotillo.com\/pl\/sklep\/"},{"@type":"ListItem","position":3,"name":"Styl rustykalny z br\u0105zowym t\u0142em + deski &#8211; Poczt\u00f3wka 10x15cm model 405"}]},{"@type":"WebSite","@id":"https:\/\/www.fotillo.com\/pl\/#website","url":"https:\/\/www.fotillo.com\/pl\/","name":"Fotillo","description":"Software for photobooth and postcard kiosk","publisher":{"@id":"https:\/\/www.fotillo.com\/pl\/#organization"},"potentialAction":[{"@type":"SearchAction","target":{"@type":"EntryPoint","urlTemplate":"https:\/\/www.fotillo.com\/pl\/?s={search_term_string}"},"query-input":{"@type":"PropertyValueSpecification","valueRequired":true,"valueName":"search_term_string"}}],"inLanguage":"pl-PL"},{"@type":"Organization","@id":"https:\/\/www.fotillo.com\/pl\/#organization","name":"Fotillo","url":"https:\/\/www.fotillo.com\/pl\/","logo":{"@type":"ImageObject","inLanguage":"pl-PL","@id":"https:\/\/www.fotillo.com\/pl\/#\/schema\/logo\/image\/","url":"https:\/\/www.fotillo.com\/wp-content\/uploads\/2022\/05\/logo.png","contentUrl":"https:\/\/www.fotillo.com\/wp-content\/uploads\/2022\/05\/logo.png","width":796,"height":304,"caption":"Fotillo"},"image":{"@id":"https:\/\/www.fotillo.com\/pl\/#\/schema\/logo\/image\/"},"sameAs":["https:\/\/www.facebook.com\/fotillocom","https:\/\/www.instagram.com\/fotillocom\/","https:\/\/www.youtube.com\/channel\/UCW8kqi4C_EJM6C0SQAt_k9A"]}]}},"_links":{"self":[{"href":"https:\/\/www.fotillo.com\/pl\/wp-json\/wp\/v2\/product\/574084","targetHints":{"allow":["GET"]}}],"collection":[{"href":"https:\/\/www.fotillo.com\/pl\/wp-json\/wp\/v2\/product"}],"about":[{"href":"https:\/\/www.fotillo.com\/pl\/wp-json\/wp\/v2\/types\/product"}],"version-history":[{"count":0,"href":"https:\/\/www.fotillo.com\/pl\/wp-json\/wp\/v2\/product\/574084\/revisions"}],"wp:featuredmedia":[{"embeddable":true,"href":"https:\/\/www.fotillo.com\/pl\/wp-json\/wp\/v2\/media\/574086"}],"wp:attachment":[{"href":"https:\/\/www.fotillo.com\/pl\/wp-json\/wp\/v2\/media?parent=574084"}],"wp:term":[{"taxonomy":"product_cat","embeddable":true,"href":"https:\/\/www.fotillo.com\/pl\/wp-json\/wp\/v2\/product_cat?post=574084"},{"taxonomy":"product_tag","embeddable":true,"href":"https:\/\/www.fotillo.com\/pl\/wp-json\/wp\/v2\/product_tag?post=574084"}],"curies":[{"name":"wp","href":"https:\/\/api.w.org\/{rel}","templated":true}]}}