{"id":816369,"date":"2022-10-25T13:42:25","date_gmt":"2022-10-25T12:42:25","guid":{"rendered":"https:\/\/www.fotillo.com\/product\/pocztowka-z-holandii-wypelniona-czarnym-tlem-budynki-i-flaga-10x15cm-model-452\/"},"modified":"2022-10-25T16:52:59","modified_gmt":"2022-10-25T15:52:59","slug":"pocztowka-z-holandii-wypelniona-czarnym-tlem-budynki-i-flaga-10x15cm-model-452","status":"publish","type":"product","link":"https:\/\/www.fotillo.com\/pl\/produkt\/pocztowka-z-holandii-wypelniona-czarnym-tlem-budynki-i-flaga-10x15cm-model-452\/","title":{"rendered":"Poczt\u00f3wka z Holandii wype\u0142niona czarnym t\u0142em + budynki i flaga &#8211; 10x15cm model 452"},"content":{"rendered":"<h1>Holandia to wspania\u0142y kraj, dla kt\u00f3rego stworzyli\u015bmy t\u0119 poczt\u00f3wk\u0119. T\u0142o sk\u0142ada si\u0119 z kilku zdj\u0119\u0107 na kt\u00f3rych s\u0105 budynki i flaga.<\/h1>\n<p>Przedstawiamy nasz\u0105 autorsk\u0105 poczt\u00f3wk\u0119 o wymiarach 10x15cm.<\/p>\n<p>Czy znasz wszystkie miejsca w Holandii pokazane na zdj\u0119ciach w tle? Nasz projekt poczt\u00f3wki \u015bwietnie si\u0119 sprawdzi w Holandii do tworzenia spersonalizowanych poczt\u00f3wek!<\/p>\n<p>Projekt przedstawia 2 zdj\u0119cia, kt\u00f3re  komponuj\u0105 si\u0119 na kolarzu fotografi z Holandii.<\/p>\n<p>Fotografie na drugim planie przewa\u017cnie przedstawiaj\u0105 budynki i flaga \u2013 dzi\u0119ki czemu szablon jest atrakcyjny i w ciekawy spos\u00f3b wype\u0142nia puste miejsca na wydruku.<\/p>\n<p>Kszta\u0142t 2 zdj\u0119\u0107 jest w formie kwadratu, kt\u00f3ry dobrze  komponuj\u0105 si\u0119 z ca\u0142ym projektem, co pomaga u\u017cytkownikom wykona\u0107 spersonalizowan\u0105 poczt\u00f3wk\u0119.<\/p>\n<p>Dodatkowo, program <a href='https:\/\/www.fotillo.com\/pl\/kategoria-produktu\/oprogramowanie\/' target='blank' rel=\"noopener\">Fotillo<\/a> pozwala na umieszczanie spersonalizowanych napis\u00f3w bez konieczno\u015bci u\u017cywania program\u00f3w graficznych.<\/p>\n<p>Projekt mo\u017ce by\u0107 wydrukowany z wyko\u0144czeniem b\u0142yszcz\u0105cym lub matowym, je\u015bli Twoja drukarka wsp\u00f3\u0142pracuje z programem Fotillo.<\/p>\n<p>Wykonana poczt\u00f3wka ma rozdzielczo\u015b\u0107 1920&#215;1280 i mo\u017cna je swobodnie wys\u0142a\u0107 na e-mail.<\/p>\n<p>Napisy wykorzystuj\u0105 czcionk\u0119 Roboto Slab-Bold, maj\u0105 kolor czarny i bia\u0142y.<\/p>\n","protected":false},"excerpt":{"rendered":"<p>Tulipany, wiatraki, rowery.  Jak w trzech s\u0142owach opisaliby\u015bcie Holandi\u0119? Podpowiedzi znajdziesz na poczt\u00f3wce.<\/p>\n","protected":false},"featured_media":815754,"template":"","meta":[],"product_cat":[15,2174,2767],"product_tag":[2743,2772],"class_list":{"0":"post-816369","1":"product","2":"type-product","3":"status-publish","4":"has-post-thumbnail","6":"product_cat-szablony","7":"product_cat-10x15cm-pocztowka-pozioma","8":"product_cat-452-pl","9":"product_tag-budynki","10":"product_tag-flaga","11":"pa_main-color-czarny","12":"pa_themes-pocztowki","14":"first","15":"instock","16":"sold-individually","17":"taxable","18":"shipping-taxable","19":"purchasable","20":"product-type-variable","21":"has-default-attributes","22":"col-xs-6 col-sm-4","23":"col-md-3 col-lg-3","24":"un-4-cols"},"yoast_head":"<!-- This site is optimized with the Yoast SEO plugin v27.4 - https:\/\/yoast.com\/product\/yoast-seo-wordpress\/ -->\n<title>Poczt\u00f3wka z Holandii wype\u0142niona czarnym t\u0142em + budynki i flaga - 10x15cm model 452<\/title>\n<meta name=\"description\" content=\"Czy wybierasz si\u0119 do Holandii? Wejd\u017a na stron\u0119 i wybierz projekt poczt\u00f3wki 452 aby wys\u0142a\u0107 pozdrowienia.\" \/>\n<meta name=\"robots\" content=\"index, follow, max-snippet:-1, max-image-preview:large, max-video-preview:-1\" \/>\n<link rel=\"canonical\" href=\"https:\/\/www.fotillo.com\/pl\/produkt\/pocztowka-z-holandii-wypelniona-czarnym-tlem-budynki-i-flaga-10x15cm-model-452\/\" \/>\n<meta property=\"og:locale\" content=\"pl_PL\" \/>\n<meta property=\"og:type\" content=\"article\" \/>\n<meta property=\"og:title\" content=\"Poczt\u00f3wka z Holandii wype\u0142niona czarnym t\u0142em + budynki i flaga - 10x15cm model 452\" \/>\n<meta property=\"og:description\" content=\"Czy wybierasz si\u0119 do Holandii? Wejd\u017a na stron\u0119 i wybierz projekt poczt\u00f3wki 452 aby wys\u0142a\u0107 pozdrowienia.\" \/>\n<meta property=\"og:url\" content=\"https:\/\/www.fotillo.com\/pl\/produkt\/pocztowka-z-holandii-wypelniona-czarnym-tlem-budynki-i-flaga-10x15cm-model-452\/\" \/>\n<meta property=\"og:site_name\" content=\"Fotillo\" \/>\n<meta property=\"article:publisher\" content=\"https:\/\/www.facebook.com\/fotillocom\" \/>\n<meta property=\"article:modified_time\" content=\"2022-10-25T15:52:59+00:00\" \/>\n<meta property=\"og:image\" content=\"https:\/\/www.fotillo.com\/wp-content\/uploads\/2022\/10\/452-2-K-255-Netherlands-015.png\" \/>\n\t<meta property=\"og:image:width\" content=\"528\" \/>\n\t<meta property=\"og:image:height\" content=\"528\" \/>\n\t<meta property=\"og:image:type\" content=\"image\/png\" \/>\n<meta name=\"twitter:card\" content=\"summary_large_image\" \/>\n<script type=\"application\/ld+json\" class=\"yoast-schema-graph\">{\"@context\":\"https:\\\/\\\/schema.org\",\"@graph\":[{\"@type\":\"WebPage\",\"@id\":\"https:\\\/\\\/www.fotillo.com\\\/pl\\\/produkt\\\/pocztowka-z-holandii-wypelniona-czarnym-tlem-budynki-i-flaga-10x15cm-model-452\\\/\",\"url\":\"https:\\\/\\\/www.fotillo.com\\\/pl\\\/produkt\\\/pocztowka-z-holandii-wypelniona-czarnym-tlem-budynki-i-flaga-10x15cm-model-452\\\/\",\"name\":\"Poczt\u00f3wka z Holandii wype\u0142niona czarnym t\u0142em + budynki i flaga - 10x15cm model 452\",\"isPartOf\":{\"@id\":\"https:\\\/\\\/www.fotillo.com\\\/pl\\\/#website\"},\"primaryImageOfPage\":{\"@id\":\"https:\\\/\\\/www.fotillo.com\\\/pl\\\/produkt\\\/pocztowka-z-holandii-wypelniona-czarnym-tlem-budynki-i-flaga-10x15cm-model-452\\\/#primaryimage\"},\"image\":{\"@id\":\"https:\\\/\\\/www.fotillo.com\\\/pl\\\/produkt\\\/pocztowka-z-holandii-wypelniona-czarnym-tlem-budynki-i-flaga-10x15cm-model-452\\\/#primaryimage\"},\"thumbnailUrl\":\"https:\\\/\\\/www.fotillo.com\\\/wp-content\\\/uploads\\\/2022\\\/10\\\/452-2-K-255-Netherlands-015.png\",\"datePublished\":\"2022-10-25T12:42:25+00:00\",\"dateModified\":\"2022-10-25T15:52:59+00:00\",\"description\":\"Czy wybierasz si\u0119 do Holandii? Wejd\u017a na stron\u0119 i wybierz projekt poczt\u00f3wki 452 aby wys\u0142a\u0107 pozdrowienia.\",\"breadcrumb\":{\"@id\":\"https:\\\/\\\/www.fotillo.com\\\/pl\\\/produkt\\\/pocztowka-z-holandii-wypelniona-czarnym-tlem-budynki-i-flaga-10x15cm-model-452\\\/#breadcrumb\"},\"inLanguage\":\"pl-PL\",\"potentialAction\":[{\"@type\":\"ReadAction\",\"target\":[\"https:\\\/\\\/www.fotillo.com\\\/pl\\\/produkt\\\/pocztowka-z-holandii-wypelniona-czarnym-tlem-budynki-i-flaga-10x15cm-model-452\\\/\"]}]},{\"@type\":\"ImageObject\",\"inLanguage\":\"pl-PL\",\"@id\":\"https:\\\/\\\/www.fotillo.com\\\/pl\\\/produkt\\\/pocztowka-z-holandii-wypelniona-czarnym-tlem-budynki-i-flaga-10x15cm-model-452\\\/#primaryimage\",\"url\":\"https:\\\/\\\/www.fotillo.com\\\/wp-content\\\/uploads\\\/2022\\\/10\\\/452-2-K-255-Netherlands-015.png\",\"contentUrl\":\"https:\\\/\\\/www.fotillo.com\\\/wp-content\\\/uploads\\\/2022\\\/10\\\/452-2-K-255-Netherlands-015.png\",\"width\":528,\"height\":528},{\"@type\":\"BreadcrumbList\",\"@id\":\"https:\\\/\\\/www.fotillo.com\\\/pl\\\/produkt\\\/pocztowka-z-holandii-wypelniona-czarnym-tlem-budynki-i-flaga-10x15cm-model-452\\\/#breadcrumb\",\"itemListElement\":[{\"@type\":\"ListItem\",\"position\":1,\"name\":\"Home\",\"item\":\"https:\\\/\\\/www.fotillo.com\\\/pl\\\/\"},{\"@type\":\"ListItem\",\"position\":2,\"name\":\"Sklep\",\"item\":\"https:\\\/\\\/www.fotillo.com\\\/pl\\\/sklep\\\/\"},{\"@type\":\"ListItem\",\"position\":3,\"name\":\"Poczt\u00f3wka z Holandii wype\u0142niona czarnym t\u0142em + budynki i flaga &#8211; 10x15cm model 452\"}]},{\"@type\":\"WebSite\",\"@id\":\"https:\\\/\\\/www.fotillo.com\\\/pl\\\/#website\",\"url\":\"https:\\\/\\\/www.fotillo.com\\\/pl\\\/\",\"name\":\"Fotillo\",\"description\":\"Software for photobooth and postcard kiosk\",\"publisher\":{\"@id\":\"https:\\\/\\\/www.fotillo.com\\\/pl\\\/#organization\"},\"potentialAction\":[{\"@type\":\"SearchAction\",\"target\":{\"@type\":\"EntryPoint\",\"urlTemplate\":\"https:\\\/\\\/www.fotillo.com\\\/pl\\\/?s={search_term_string}\"},\"query-input\":{\"@type\":\"PropertyValueSpecification\",\"valueRequired\":true,\"valueName\":\"search_term_string\"}}],\"inLanguage\":\"pl-PL\"},{\"@type\":\"Organization\",\"@id\":\"https:\\\/\\\/www.fotillo.com\\\/pl\\\/#organization\",\"name\":\"Fotillo\",\"url\":\"https:\\\/\\\/www.fotillo.com\\\/pl\\\/\",\"logo\":{\"@type\":\"ImageObject\",\"inLanguage\":\"pl-PL\",\"@id\":\"https:\\\/\\\/www.fotillo.com\\\/pl\\\/#\\\/schema\\\/logo\\\/image\\\/\",\"url\":\"https:\\\/\\\/www.fotillo.com\\\/wp-content\\\/uploads\\\/2022\\\/05\\\/logo.png\",\"contentUrl\":\"https:\\\/\\\/www.fotillo.com\\\/wp-content\\\/uploads\\\/2022\\\/05\\\/logo.png\",\"width\":796,\"height\":304,\"caption\":\"Fotillo\"},\"image\":{\"@id\":\"https:\\\/\\\/www.fotillo.com\\\/pl\\\/#\\\/schema\\\/logo\\\/image\\\/\"},\"sameAs\":[\"https:\\\/\\\/www.facebook.com\\\/fotillocom\",\"https:\\\/\\\/www.instagram.com\\\/fotillocom\\\/\",\"https:\\\/\\\/www.youtube.com\\\/channel\\\/UCW8kqi4C_EJM6C0SQAt_k9A\"]}]}<\/script>\n<!-- \/ Yoast SEO plugin. -->","yoast_head_json":{"title":"Poczt\u00f3wka z Holandii wype\u0142niona czarnym t\u0142em + budynki i flaga - 10x15cm model 452","description":"Czy wybierasz si\u0119 do Holandii? Wejd\u017a na stron\u0119 i wybierz projekt poczt\u00f3wki 452 aby wys\u0142a\u0107 pozdrowienia.","robots":{"index":"index","follow":"follow","max-snippet":"max-snippet:-1","max-image-preview":"max-image-preview:large","max-video-preview":"max-video-preview:-1"},"canonical":"https:\/\/www.fotillo.com\/pl\/produkt\/pocztowka-z-holandii-wypelniona-czarnym-tlem-budynki-i-flaga-10x15cm-model-452\/","og_locale":"pl_PL","og_type":"article","og_title":"Poczt\u00f3wka z Holandii wype\u0142niona czarnym t\u0142em + budynki i flaga - 10x15cm model 452","og_description":"Czy wybierasz si\u0119 do Holandii? Wejd\u017a na stron\u0119 i wybierz projekt poczt\u00f3wki 452 aby wys\u0142a\u0107 pozdrowienia.","og_url":"https:\/\/www.fotillo.com\/pl\/produkt\/pocztowka-z-holandii-wypelniona-czarnym-tlem-budynki-i-flaga-10x15cm-model-452\/","og_site_name":"Fotillo","article_publisher":"https:\/\/www.facebook.com\/fotillocom","article_modified_time":"2022-10-25T15:52:59+00:00","og_image":[{"width":528,"height":528,"url":"https:\/\/www.fotillo.com\/wp-content\/uploads\/2022\/10\/452-2-K-255-Netherlands-015.png","type":"image\/png"}],"twitter_card":"summary_large_image","schema":{"@context":"https:\/\/schema.org","@graph":[{"@type":"WebPage","@id":"https:\/\/www.fotillo.com\/pl\/produkt\/pocztowka-z-holandii-wypelniona-czarnym-tlem-budynki-i-flaga-10x15cm-model-452\/","url":"https:\/\/www.fotillo.com\/pl\/produkt\/pocztowka-z-holandii-wypelniona-czarnym-tlem-budynki-i-flaga-10x15cm-model-452\/","name":"Poczt\u00f3wka z Holandii wype\u0142niona czarnym t\u0142em + budynki i flaga - 10x15cm model 452","isPartOf":{"@id":"https:\/\/www.fotillo.com\/pl\/#website"},"primaryImageOfPage":{"@id":"https:\/\/www.fotillo.com\/pl\/produkt\/pocztowka-z-holandii-wypelniona-czarnym-tlem-budynki-i-flaga-10x15cm-model-452\/#primaryimage"},"image":{"@id":"https:\/\/www.fotillo.com\/pl\/produkt\/pocztowka-z-holandii-wypelniona-czarnym-tlem-budynki-i-flaga-10x15cm-model-452\/#primaryimage"},"thumbnailUrl":"https:\/\/www.fotillo.com\/wp-content\/uploads\/2022\/10\/452-2-K-255-Netherlands-015.png","datePublished":"2022-10-25T12:42:25+00:00","dateModified":"2022-10-25T15:52:59+00:00","description":"Czy wybierasz si\u0119 do Holandii? Wejd\u017a na stron\u0119 i wybierz projekt poczt\u00f3wki 452 aby wys\u0142a\u0107 pozdrowienia.","breadcrumb":{"@id":"https:\/\/www.fotillo.com\/pl\/produkt\/pocztowka-z-holandii-wypelniona-czarnym-tlem-budynki-i-flaga-10x15cm-model-452\/#breadcrumb"},"inLanguage":"pl-PL","potentialAction":[{"@type":"ReadAction","target":["https:\/\/www.fotillo.com\/pl\/produkt\/pocztowka-z-holandii-wypelniona-czarnym-tlem-budynki-i-flaga-10x15cm-model-452\/"]}]},{"@type":"ImageObject","inLanguage":"pl-PL","@id":"https:\/\/www.fotillo.com\/pl\/produkt\/pocztowka-z-holandii-wypelniona-czarnym-tlem-budynki-i-flaga-10x15cm-model-452\/#primaryimage","url":"https:\/\/www.fotillo.com\/wp-content\/uploads\/2022\/10\/452-2-K-255-Netherlands-015.png","contentUrl":"https:\/\/www.fotillo.com\/wp-content\/uploads\/2022\/10\/452-2-K-255-Netherlands-015.png","width":528,"height":528},{"@type":"BreadcrumbList","@id":"https:\/\/www.fotillo.com\/pl\/produkt\/pocztowka-z-holandii-wypelniona-czarnym-tlem-budynki-i-flaga-10x15cm-model-452\/#breadcrumb","itemListElement":[{"@type":"ListItem","position":1,"name":"Home","item":"https:\/\/www.fotillo.com\/pl\/"},{"@type":"ListItem","position":2,"name":"Sklep","item":"https:\/\/www.fotillo.com\/pl\/sklep\/"},{"@type":"ListItem","position":3,"name":"Poczt\u00f3wka z Holandii wype\u0142niona czarnym t\u0142em + budynki i flaga &#8211; 10x15cm model 452"}]},{"@type":"WebSite","@id":"https:\/\/www.fotillo.com\/pl\/#website","url":"https:\/\/www.fotillo.com\/pl\/","name":"Fotillo","description":"Software for photobooth and postcard kiosk","publisher":{"@id":"https:\/\/www.fotillo.com\/pl\/#organization"},"potentialAction":[{"@type":"SearchAction","target":{"@type":"EntryPoint","urlTemplate":"https:\/\/www.fotillo.com\/pl\/?s={search_term_string}"},"query-input":{"@type":"PropertyValueSpecification","valueRequired":true,"valueName":"search_term_string"}}],"inLanguage":"pl-PL"},{"@type":"Organization","@id":"https:\/\/www.fotillo.com\/pl\/#organization","name":"Fotillo","url":"https:\/\/www.fotillo.com\/pl\/","logo":{"@type":"ImageObject","inLanguage":"pl-PL","@id":"https:\/\/www.fotillo.com\/pl\/#\/schema\/logo\/image\/","url":"https:\/\/www.fotillo.com\/wp-content\/uploads\/2022\/05\/logo.png","contentUrl":"https:\/\/www.fotillo.com\/wp-content\/uploads\/2022\/05\/logo.png","width":796,"height":304,"caption":"Fotillo"},"image":{"@id":"https:\/\/www.fotillo.com\/pl\/#\/schema\/logo\/image\/"},"sameAs":["https:\/\/www.facebook.com\/fotillocom","https:\/\/www.instagram.com\/fotillocom\/","https:\/\/www.youtube.com\/channel\/UCW8kqi4C_EJM6C0SQAt_k9A"]}]}},"_links":{"self":[{"href":"https:\/\/www.fotillo.com\/pl\/wp-json\/wp\/v2\/product\/816369","targetHints":{"allow":["GET"]}}],"collection":[{"href":"https:\/\/www.fotillo.com\/pl\/wp-json\/wp\/v2\/product"}],"about":[{"href":"https:\/\/www.fotillo.com\/pl\/wp-json\/wp\/v2\/types\/product"}],"version-history":[{"count":0,"href":"https:\/\/www.fotillo.com\/pl\/wp-json\/wp\/v2\/product\/816369\/revisions"}],"wp:featuredmedia":[{"embeddable":true,"href":"https:\/\/www.fotillo.com\/pl\/wp-json\/wp\/v2\/media\/815754"}],"wp:attachment":[{"href":"https:\/\/www.fotillo.com\/pl\/wp-json\/wp\/v2\/media?parent=816369"}],"wp:term":[{"taxonomy":"product_cat","embeddable":true,"href":"https:\/\/www.fotillo.com\/pl\/wp-json\/wp\/v2\/product_cat?post=816369"},{"taxonomy":"product_tag","embeddable":true,"href":"https:\/\/www.fotillo.com\/pl\/wp-json\/wp\/v2\/product_tag?post=816369"}],"curies":[{"name":"wp","href":"https:\/\/api.w.org\/{rel}","templated":true}]}}