{"id":901005,"date":"2023-09-04T00:00:00","date_gmt":"2023-09-03T23:00:00","guid":{"rendered":"https:\/\/www.fotillo.com\/product\/dzien-ninja-z-rozowym-tlem-gwiazdy-pocztowka-10x15cm-model-425\/"},"modified":"2023-09-26T22:16:11","modified_gmt":"2023-09-26T21:16:11","slug":"dzien-ninja-z-rozowym-tlem-gwiazdy-pocztowka-10x15cm-model-425","status":"publish","type":"product","link":"https:\/\/www.fotillo.com\/pl\/produkt\/dzien-ninja-z-rozowym-tlem-gwiazdy-pocztowka-10x15cm-model-425\/","title":{"rendered":"Dzie\u0144 Ninja z r\u00f3\u017cowym t\u0142em + gwiazdy &#8211; Poczt\u00f3wka 10x15cm model 425"},"content":{"rendered":"<h1>Dzie\u0144 Ninja zainspirowa\u0142 nas do stworzenia tego szablonu, na kt\u00f3rym s\u0105 gwiazdy w tle.<\/h1>\n<p>Przedstawiamy nasz autorski szablon w formie poczt\u00f3wki poziomej 10x15cm.<\/p>\n<p>Czy dzi\u015b jest Dzie\u0144 Ninja?  Nasz szablon \u015bwietnie si\u0119 sprawdzi przy tej okazji!<\/p>\n<p>Przedstawia 4 zdj\u0119cia, kt\u00f3re  komponuj\u0105 si\u0119 na r\u00f3\u017cowym tle.<\/p>\n<p>Dodatkowo, na drugim planie znajduj\u0105 si\u0119 gwiazdy \u2013 dzi\u0119ki czemu szablon jest atrakcyjny i w ciekawy spos\u00f3b wype\u0142nia puste miejsca na wydruku.<\/p>\n<p>Kszta\u0142t 4 zdj\u0119\u0107 jest w formie horyzontalnej, kwadratu, kt\u00f3re dobrze  komponuj\u0105 si\u0119 z ca\u0142ym szablonem, co pomaga u\u017cytkownikom wykona\u0107 udan\u0105 sesj\u0119 zdj\u0119ciow\u0105.<\/p>\n<p>Dodatkowo, program <a href='https:\/\/www.fotillo.com\/pl\/kategoria-produktu\/oprogramowanie\/' target='blank' rel=\"noopener\">Fotillo<\/a> pozwala na umieszczanie spersonalizowanych napis\u00f3w bez konieczno\u015bci u\u017cywania program\u00f3w graficznych.<\/p>\n<p>Szablon mo\u017ce by\u0107 wydrukowany z wyko\u0144czeniem b\u0142yszcz\u0105cym lub matowym, je\u015bli Twoja drukarka wsp\u00f3\u0142pracuje z programem Fotillo.<\/p>\n<p>Do szablonu mo\u017cesz doda\u0107 logotyp klienta lub zmieni\u0107 ca\u0142kowicie t\u0142o edytuj\u0105c plik Frame.png.<\/p>\n<p>Wykonane zdj\u0119cie ma rozdzielczo\u015b\u0107 1920&#215;1280 i mo\u017cna je swobodnie wys\u0142a\u0107 na e-mail.<\/p>\n<p>Etykiety wykorzystuj\u0105 czcionk\u0119 Roboto Slab-Bold, maj\u0105 kolor r\u00f3\u017cowy i otoczone s\u0105 kontrastowym t\u0142em.<\/p>\n","protected":false},"excerpt":{"rendered":"<h1>Dzi\u015b obchodzimy Dzie\u0144 Ninja!<\/h1>\n<p>A czy wiecie, co oznacza to s\u0142owo? Ninja oznacza \u201ecz\u0142owieka wyszkolonego w sztuce bycia niewidocznym\u201d!<\/p>\n","protected":false},"featured_media":898711,"template":"","meta":[],"product_cat":[15,2174,2240],"product_tag":[2482],"class_list":{"0":"post-901005","1":"product","2":"type-product","3":"status-publish","4":"has-post-thumbnail","6":"product_cat-szablony","7":"product_cat-10x15cm-pocztowka-pozioma","8":"product_cat-425-pl","9":"product_tag-gwiazdy","10":"pa_main-color-rozowy","11":"pa_themes-wyjatkowy-dzien","13":"first","14":"instock","15":"sold-individually","16":"taxable","17":"shipping-taxable","18":"purchasable","19":"product-type-variable","20":"has-default-attributes","21":"col-xs-6 col-sm-4","22":"col-md-3 col-lg-3","23":"un-4-cols"},"yoast_head":"<!-- This site is optimized with the Yoast SEO plugin v27.3 - https:\/\/yoast.com\/product\/yoast-seo-wordpress\/ -->\n<title>Dzie\u0144 Ninja z r\u00f3\u017cowym t\u0142em + gwiazdy - Poczt\u00f3wka 10x15cm model 425<\/title>\n<meta name=\"description\" content=\"Czy dzi\u015b jest Dzie\u0144 Ninja? Wejd\u017a na stron\u0119 i wybierz szablon (poczt\u00f3wk\u0119 10x15cm, model 425) dedykowany na ten dzie\u0144.\" \/>\n<meta name=\"robots\" content=\"index, follow, max-snippet:-1, max-image-preview:large, max-video-preview:-1\" \/>\n<link rel=\"canonical\" href=\"https:\/\/www.fotillo.com\/pl\/produkt\/dzien-ninja-z-rozowym-tlem-gwiazdy-pocztowka-10x15cm-model-425\/\" \/>\n<meta property=\"og:locale\" content=\"pl_PL\" \/>\n<meta property=\"og:type\" content=\"article\" \/>\n<meta property=\"og:title\" content=\"Dzie\u0144 Ninja z r\u00f3\u017cowym t\u0142em + gwiazdy - Poczt\u00f3wka 10x15cm model 425\" \/>\n<meta property=\"og:description\" content=\"Czy dzi\u015b jest Dzie\u0144 Ninja? Wejd\u017a na stron\u0119 i wybierz szablon (poczt\u00f3wk\u0119 10x15cm, model 425) dedykowany na ten dzie\u0144.\" \/>\n<meta property=\"og:url\" content=\"https:\/\/www.fotillo.com\/pl\/produkt\/dzien-ninja-z-rozowym-tlem-gwiazdy-pocztowka-10x15cm-model-425\/\" \/>\n<meta property=\"og:site_name\" content=\"Fotillo\" \/>\n<meta property=\"article:publisher\" content=\"https:\/\/www.facebook.com\/fotillocom\" \/>\n<meta property=\"article:modified_time\" content=\"2023-09-26T21:16:11+00:00\" \/>\n<meta property=\"og:image\" content=\"https:\/\/www.fotillo.com\/wp-content\/uploads\/2023\/09\/425-4-HKKK-146-Ninja_Day-222.png\" \/>\n\t<meta property=\"og:image:width\" content=\"528\" \/>\n\t<meta property=\"og:image:height\" content=\"528\" \/>\n\t<meta property=\"og:image:type\" content=\"image\/png\" \/>\n<meta name=\"twitter:card\" content=\"summary_large_image\" \/>\n<script type=\"application\/ld+json\" class=\"yoast-schema-graph\">{\"@context\":\"https:\\\/\\\/schema.org\",\"@graph\":[{\"@type\":\"WebPage\",\"@id\":\"https:\\\/\\\/www.fotillo.com\\\/pl\\\/produkt\\\/dzien-ninja-z-rozowym-tlem-gwiazdy-pocztowka-10x15cm-model-425\\\/\",\"url\":\"https:\\\/\\\/www.fotillo.com\\\/pl\\\/produkt\\\/dzien-ninja-z-rozowym-tlem-gwiazdy-pocztowka-10x15cm-model-425\\\/\",\"name\":\"Dzie\u0144 Ninja z r\u00f3\u017cowym t\u0142em + gwiazdy - Poczt\u00f3wka 10x15cm model 425\",\"isPartOf\":{\"@id\":\"https:\\\/\\\/www.fotillo.com\\\/pl\\\/#website\"},\"primaryImageOfPage\":{\"@id\":\"https:\\\/\\\/www.fotillo.com\\\/pl\\\/produkt\\\/dzien-ninja-z-rozowym-tlem-gwiazdy-pocztowka-10x15cm-model-425\\\/#primaryimage\"},\"image\":{\"@id\":\"https:\\\/\\\/www.fotillo.com\\\/pl\\\/produkt\\\/dzien-ninja-z-rozowym-tlem-gwiazdy-pocztowka-10x15cm-model-425\\\/#primaryimage\"},\"thumbnailUrl\":\"https:\\\/\\\/www.fotillo.com\\\/wp-content\\\/uploads\\\/2023\\\/09\\\/425-4-HKKK-146-Ninja_Day-222.png\",\"datePublished\":\"2023-09-03T23:00:00+00:00\",\"dateModified\":\"2023-09-26T21:16:11+00:00\",\"description\":\"Czy dzi\u015b jest Dzie\u0144 Ninja? Wejd\u017a na stron\u0119 i wybierz szablon (poczt\u00f3wk\u0119 10x15cm, model 425) dedykowany na ten dzie\u0144.\",\"breadcrumb\":{\"@id\":\"https:\\\/\\\/www.fotillo.com\\\/pl\\\/produkt\\\/dzien-ninja-z-rozowym-tlem-gwiazdy-pocztowka-10x15cm-model-425\\\/#breadcrumb\"},\"inLanguage\":\"pl-PL\",\"potentialAction\":[{\"@type\":\"ReadAction\",\"target\":[\"https:\\\/\\\/www.fotillo.com\\\/pl\\\/produkt\\\/dzien-ninja-z-rozowym-tlem-gwiazdy-pocztowka-10x15cm-model-425\\\/\"]}]},{\"@type\":\"ImageObject\",\"inLanguage\":\"pl-PL\",\"@id\":\"https:\\\/\\\/www.fotillo.com\\\/pl\\\/produkt\\\/dzien-ninja-z-rozowym-tlem-gwiazdy-pocztowka-10x15cm-model-425\\\/#primaryimage\",\"url\":\"https:\\\/\\\/www.fotillo.com\\\/wp-content\\\/uploads\\\/2023\\\/09\\\/425-4-HKKK-146-Ninja_Day-222.png\",\"contentUrl\":\"https:\\\/\\\/www.fotillo.com\\\/wp-content\\\/uploads\\\/2023\\\/09\\\/425-4-HKKK-146-Ninja_Day-222.png\",\"width\":528,\"height\":528},{\"@type\":\"BreadcrumbList\",\"@id\":\"https:\\\/\\\/www.fotillo.com\\\/pl\\\/produkt\\\/dzien-ninja-z-rozowym-tlem-gwiazdy-pocztowka-10x15cm-model-425\\\/#breadcrumb\",\"itemListElement\":[{\"@type\":\"ListItem\",\"position\":1,\"name\":\"Home\",\"item\":\"https:\\\/\\\/www.fotillo.com\\\/pl\\\/\"},{\"@type\":\"ListItem\",\"position\":2,\"name\":\"Sklep\",\"item\":\"https:\\\/\\\/www.fotillo.com\\\/pl\\\/sklep\\\/\"},{\"@type\":\"ListItem\",\"position\":3,\"name\":\"Dzie\u0144 Ninja z r\u00f3\u017cowym t\u0142em + gwiazdy &#8211; Poczt\u00f3wka 10x15cm model 425\"}]},{\"@type\":\"WebSite\",\"@id\":\"https:\\\/\\\/www.fotillo.com\\\/pl\\\/#website\",\"url\":\"https:\\\/\\\/www.fotillo.com\\\/pl\\\/\",\"name\":\"Fotillo\",\"description\":\"Software for photobooth and postcard kiosk\",\"publisher\":{\"@id\":\"https:\\\/\\\/www.fotillo.com\\\/pl\\\/#organization\"},\"potentialAction\":[{\"@type\":\"SearchAction\",\"target\":{\"@type\":\"EntryPoint\",\"urlTemplate\":\"https:\\\/\\\/www.fotillo.com\\\/pl\\\/?s={search_term_string}\"},\"query-input\":{\"@type\":\"PropertyValueSpecification\",\"valueRequired\":true,\"valueName\":\"search_term_string\"}}],\"inLanguage\":\"pl-PL\"},{\"@type\":\"Organization\",\"@id\":\"https:\\\/\\\/www.fotillo.com\\\/pl\\\/#organization\",\"name\":\"Fotillo\",\"url\":\"https:\\\/\\\/www.fotillo.com\\\/pl\\\/\",\"logo\":{\"@type\":\"ImageObject\",\"inLanguage\":\"pl-PL\",\"@id\":\"https:\\\/\\\/www.fotillo.com\\\/pl\\\/#\\\/schema\\\/logo\\\/image\\\/\",\"url\":\"https:\\\/\\\/www.fotillo.com\\\/wp-content\\\/uploads\\\/2022\\\/05\\\/logo.png\",\"contentUrl\":\"https:\\\/\\\/www.fotillo.com\\\/wp-content\\\/uploads\\\/2022\\\/05\\\/logo.png\",\"width\":796,\"height\":304,\"caption\":\"Fotillo\"},\"image\":{\"@id\":\"https:\\\/\\\/www.fotillo.com\\\/pl\\\/#\\\/schema\\\/logo\\\/image\\\/\"},\"sameAs\":[\"https:\\\/\\\/www.facebook.com\\\/fotillocom\",\"https:\\\/\\\/www.instagram.com\\\/fotillocom\\\/\",\"https:\\\/\\\/www.youtube.com\\\/channel\\\/UCW8kqi4C_EJM6C0SQAt_k9A\"]}]}<\/script>\n<!-- \/ Yoast SEO plugin. -->","yoast_head_json":{"title":"Dzie\u0144 Ninja z r\u00f3\u017cowym t\u0142em + gwiazdy - Poczt\u00f3wka 10x15cm model 425","description":"Czy dzi\u015b jest Dzie\u0144 Ninja? Wejd\u017a na stron\u0119 i wybierz szablon (poczt\u00f3wk\u0119 10x15cm, model 425) dedykowany na ten dzie\u0144.","robots":{"index":"index","follow":"follow","max-snippet":"max-snippet:-1","max-image-preview":"max-image-preview:large","max-video-preview":"max-video-preview:-1"},"canonical":"https:\/\/www.fotillo.com\/pl\/produkt\/dzien-ninja-z-rozowym-tlem-gwiazdy-pocztowka-10x15cm-model-425\/","og_locale":"pl_PL","og_type":"article","og_title":"Dzie\u0144 Ninja z r\u00f3\u017cowym t\u0142em + gwiazdy - Poczt\u00f3wka 10x15cm model 425","og_description":"Czy dzi\u015b jest Dzie\u0144 Ninja? Wejd\u017a na stron\u0119 i wybierz szablon (poczt\u00f3wk\u0119 10x15cm, model 425) dedykowany na ten dzie\u0144.","og_url":"https:\/\/www.fotillo.com\/pl\/produkt\/dzien-ninja-z-rozowym-tlem-gwiazdy-pocztowka-10x15cm-model-425\/","og_site_name":"Fotillo","article_publisher":"https:\/\/www.facebook.com\/fotillocom","article_modified_time":"2023-09-26T21:16:11+00:00","og_image":[{"width":528,"height":528,"url":"https:\/\/www.fotillo.com\/wp-content\/uploads\/2023\/09\/425-4-HKKK-146-Ninja_Day-222.png","type":"image\/png"}],"twitter_card":"summary_large_image","schema":{"@context":"https:\/\/schema.org","@graph":[{"@type":"WebPage","@id":"https:\/\/www.fotillo.com\/pl\/produkt\/dzien-ninja-z-rozowym-tlem-gwiazdy-pocztowka-10x15cm-model-425\/","url":"https:\/\/www.fotillo.com\/pl\/produkt\/dzien-ninja-z-rozowym-tlem-gwiazdy-pocztowka-10x15cm-model-425\/","name":"Dzie\u0144 Ninja z r\u00f3\u017cowym t\u0142em + gwiazdy - Poczt\u00f3wka 10x15cm model 425","isPartOf":{"@id":"https:\/\/www.fotillo.com\/pl\/#website"},"primaryImageOfPage":{"@id":"https:\/\/www.fotillo.com\/pl\/produkt\/dzien-ninja-z-rozowym-tlem-gwiazdy-pocztowka-10x15cm-model-425\/#primaryimage"},"image":{"@id":"https:\/\/www.fotillo.com\/pl\/produkt\/dzien-ninja-z-rozowym-tlem-gwiazdy-pocztowka-10x15cm-model-425\/#primaryimage"},"thumbnailUrl":"https:\/\/www.fotillo.com\/wp-content\/uploads\/2023\/09\/425-4-HKKK-146-Ninja_Day-222.png","datePublished":"2023-09-03T23:00:00+00:00","dateModified":"2023-09-26T21:16:11+00:00","description":"Czy dzi\u015b jest Dzie\u0144 Ninja? Wejd\u017a na stron\u0119 i wybierz szablon (poczt\u00f3wk\u0119 10x15cm, model 425) dedykowany na ten dzie\u0144.","breadcrumb":{"@id":"https:\/\/www.fotillo.com\/pl\/produkt\/dzien-ninja-z-rozowym-tlem-gwiazdy-pocztowka-10x15cm-model-425\/#breadcrumb"},"inLanguage":"pl-PL","potentialAction":[{"@type":"ReadAction","target":["https:\/\/www.fotillo.com\/pl\/produkt\/dzien-ninja-z-rozowym-tlem-gwiazdy-pocztowka-10x15cm-model-425\/"]}]},{"@type":"ImageObject","inLanguage":"pl-PL","@id":"https:\/\/www.fotillo.com\/pl\/produkt\/dzien-ninja-z-rozowym-tlem-gwiazdy-pocztowka-10x15cm-model-425\/#primaryimage","url":"https:\/\/www.fotillo.com\/wp-content\/uploads\/2023\/09\/425-4-HKKK-146-Ninja_Day-222.png","contentUrl":"https:\/\/www.fotillo.com\/wp-content\/uploads\/2023\/09\/425-4-HKKK-146-Ninja_Day-222.png","width":528,"height":528},{"@type":"BreadcrumbList","@id":"https:\/\/www.fotillo.com\/pl\/produkt\/dzien-ninja-z-rozowym-tlem-gwiazdy-pocztowka-10x15cm-model-425\/#breadcrumb","itemListElement":[{"@type":"ListItem","position":1,"name":"Home","item":"https:\/\/www.fotillo.com\/pl\/"},{"@type":"ListItem","position":2,"name":"Sklep","item":"https:\/\/www.fotillo.com\/pl\/sklep\/"},{"@type":"ListItem","position":3,"name":"Dzie\u0144 Ninja z r\u00f3\u017cowym t\u0142em + gwiazdy &#8211; Poczt\u00f3wka 10x15cm model 425"}]},{"@type":"WebSite","@id":"https:\/\/www.fotillo.com\/pl\/#website","url":"https:\/\/www.fotillo.com\/pl\/","name":"Fotillo","description":"Software for photobooth and postcard kiosk","publisher":{"@id":"https:\/\/www.fotillo.com\/pl\/#organization"},"potentialAction":[{"@type":"SearchAction","target":{"@type":"EntryPoint","urlTemplate":"https:\/\/www.fotillo.com\/pl\/?s={search_term_string}"},"query-input":{"@type":"PropertyValueSpecification","valueRequired":true,"valueName":"search_term_string"}}],"inLanguage":"pl-PL"},{"@type":"Organization","@id":"https:\/\/www.fotillo.com\/pl\/#organization","name":"Fotillo","url":"https:\/\/www.fotillo.com\/pl\/","logo":{"@type":"ImageObject","inLanguage":"pl-PL","@id":"https:\/\/www.fotillo.com\/pl\/#\/schema\/logo\/image\/","url":"https:\/\/www.fotillo.com\/wp-content\/uploads\/2022\/05\/logo.png","contentUrl":"https:\/\/www.fotillo.com\/wp-content\/uploads\/2022\/05\/logo.png","width":796,"height":304,"caption":"Fotillo"},"image":{"@id":"https:\/\/www.fotillo.com\/pl\/#\/schema\/logo\/image\/"},"sameAs":["https:\/\/www.facebook.com\/fotillocom","https:\/\/www.instagram.com\/fotillocom\/","https:\/\/www.youtube.com\/channel\/UCW8kqi4C_EJM6C0SQAt_k9A"]}]}},"_links":{"self":[{"href":"https:\/\/www.fotillo.com\/pl\/wp-json\/wp\/v2\/product\/901005","targetHints":{"allow":["GET"]}}],"collection":[{"href":"https:\/\/www.fotillo.com\/pl\/wp-json\/wp\/v2\/product"}],"about":[{"href":"https:\/\/www.fotillo.com\/pl\/wp-json\/wp\/v2\/types\/product"}],"version-history":[{"count":0,"href":"https:\/\/www.fotillo.com\/pl\/wp-json\/wp\/v2\/product\/901005\/revisions"}],"wp:featuredmedia":[{"embeddable":true,"href":"https:\/\/www.fotillo.com\/pl\/wp-json\/wp\/v2\/media\/898711"}],"wp:attachment":[{"href":"https:\/\/www.fotillo.com\/pl\/wp-json\/wp\/v2\/media?parent=901005"}],"wp:term":[{"taxonomy":"product_cat","embeddable":true,"href":"https:\/\/www.fotillo.com\/pl\/wp-json\/wp\/v2\/product_cat?post=901005"},{"taxonomy":"product_tag","embeddable":true,"href":"https:\/\/www.fotillo.com\/pl\/wp-json\/wp\/v2\/product_tag?post=901005"}],"curies":[{"name":"wp","href":"https:\/\/api.w.org\/{rel}","templated":true}]}}